{"id":35995,"date":"2024-08-22T14:20:01","date_gmt":"2024-08-22T19:20:01","guid":{"rendered":"https:\/\/apabep.qroo.gob.mx\/?page_id=35995"},"modified":"2026-04-28T22:06:25","modified_gmt":"2026-04-29T03:06:25","slug":"bienvenida","status":"publish","type":"page","link":"https:\/\/apabep.qroo.gob.mx\/index.php\/bienvenida\/","title":{"rendered":"Bienvenida"},"content":{"rendered":"\t\t<div data-elementor-type=\"wp-page\" data-elementor-id=\"35995\" class=\"elementor elementor-35995\">\n\t\t\t\t<div class=\"elementor-element elementor-element-67253cd0 e-flex e-con-boxed e-con e-parent\" data-id=\"67253cd0\" data-element_type=\"container\">\n\t\t\t\t\t<div class=\"e-con-inner\">\n\t\t\t\t<div class=\"elementor-element elementor-element-7076410f elementor-widget elementor-widget-text-editor\" data-id=\"7076410f\" data-element_type=\"widget\" data-widget_type=\"text-editor.default\">\n\t\t\t\t<div class=\"elementor-widget-container\">\n\t\t\t\t\t\t\t\t\t\n<h2>Bienvenida<\/h2>\n<p>Agradecemos y damos una cordial Bienvenida a esta P\u00e1gina de la Administraci\u00f3n del\u00a0 Patrimonio de la Beneficencia P\u00fablica del Estado de Quintana Roo.<\/p>\n\n<p>Esta p\u00e1gina est\u00e1 construida para la sensibilizaci\u00f3n de la sociedad, contribuir, concientizar, pedir que nos sumemos al llamado de nuestra conciencia, construir la justicia social, la solidaridad hacia el m\u00e1s desprotegido, hacia quien tiene que hacer un doble esfuerzo para salir adelante, pues nadie es libre de sufrir un cambio desfavorable en alg\u00fan momento de nuestra vida.<\/p>\n\n<p class=\"has-contrast-color has-text-color has-link-color wp-elements-47cb3b9b8562f62e4e0f8f1df47c1c3d\">Aqu\u00ed encontrar\u00e1s la informaci\u00f3n de los diversos servicios y c\u00f3mo se te puede ayudar, requisitos para ello, oficinas de orientaci\u00f3n y asistencia que tenemos para ti.<\/p>\n\t\t\t\t\t\t\t\t<\/div>\n\t\t\t\t<\/div>\n\t\t\t\t<div class=\"elementor-element elementor-element-1430af9 elementor-widget elementor-widget-text-editor\" data-id=\"1430af9\" data-element_type=\"widget\" data-widget_type=\"text-editor.default\">\n\t\t\t\t<div class=\"elementor-widget-container\">\n\t\t\t\t\t\t\t\t\t\n<h2><strong>Misi\u00f3n<\/strong><\/h2>\n<p class=\"has-contrast-color has-text-color has-link-color\">Generar y canalizar recursos de manera eficaz y transparente para la atenci\u00f3n en salud de personas en situaci\u00f3n de extrema pobreza, mediante apoyos, contribuyendo a que todas las y los quintanarroenses tengan un acceso equitativo a la salud.<\/p>\n\t\t\t\t\t\t\t\t<\/div>\n\t\t\t\t<\/div>\n\t\t\t\t<div class=\"elementor-element elementor-element-69b4bbb elementor-widget elementor-widget-text-editor\" data-id=\"69b4bbb\" data-element_type=\"widget\" data-widget_type=\"text-editor.default\">\n\t\t\t\t<div class=\"elementor-widget-container\">\n\t\t\t\t\t\t\t\t\t<h2><strong>Visi\u00f3n<\/strong><\/h2>\n<p>Ser la instituci\u00f3n que sirva con calidad y calidez a la sociedad quintanarroense, canalizando recursos en soluciones de alto impacto en materia de salud para los grupos vulnerables mediante proyectos y programas asistenciales.<\/p>\n<p><!-- \/wp:paragraph --><\/p>\t\t\t\t\t\t\t\t<\/div>\n\t\t\t\t<\/div>\n\t\t\t\t\t<\/div>\n\t\t\t\t<\/div>\n\t\t\t\t<\/div>\n\t\t","protected":false},"excerpt":{"rendered":"<p>Bienvenida Agradecemos y damos una cordial Bienvenida a esta P\u00e1gina de la Administraci\u00f3n del\u00a0 Patrimonio de la Beneficencia P\u00fablica del Estado de Quintana Roo. Esta p\u00e1gina est\u00e1 construida para la sensibilizaci\u00f3n de la sociedad, contribuir, concientizar, pedir que nos sumemos al llamado de nuestra conciencia, construir la justicia social, la solidaridad hacia el m\u00e1s desprotegido, &#8230; <a title=\"Bienvenida\" class=\"read-more\" href=\"https:\/\/apabep.qroo.gob.mx\/index.php\/bienvenida\/\" aria-label=\"Leer m\u00e1s sobre Bienvenida\">Leer m\u00e1s<\/a><\/p>\n","protected":false},"author":4,"featured_media":0,"parent":0,"menu_order":0,"comment_status":"closed","ping_status":"closed","template":"","meta":{"footnotes":""},"class_list":["post-35995","page","type-page","status-publish"],"yoast_head":"<!-- This site is optimized with the Yoast SEO plugin v25.3 - https:\/\/yoast.com\/wordpress\/plugins\/seo\/ -->\n<title>Bienvenida - Administraci\u00f3n del Patrimonio de la Beneficencia P\u00fablica<\/title>\n<meta name=\"description\" content=\"Bienvenida\" \/>\n<meta name=\"robots\" content=\"noindex, follow, max-snippet:-1, max-image-preview:large, max-video-preview:-1\" \/>\n<meta property=\"og:locale\" content=\"es_MX\" \/>\n<meta property=\"og:type\" content=\"article\" \/>\n<meta property=\"og:title\" content=\"Bienvenida - Administraci\u00f3n del Patrimonio de la Beneficencia P\u00fablica\" \/>\n<meta property=\"og:description\" content=\"Bienvenida\" \/>\n<meta property=\"og:url\" content=\"https:\/\/apabep.qroo.gob.mx\/index.php\/bienvenida\/\" \/>\n<meta property=\"og:site_name\" content=\"Administraci\u00f3n del Patrimonio de la Beneficencia P\u00fablica\" \/>\n<meta property=\"article:modified_time\" content=\"2026-04-29T03:06:25+00:00\" \/>\n<meta name=\"twitter:card\" content=\"summary_large_image\" \/>\n<meta name=\"twitter:label1\" content=\"Tiempo de lectura\" \/>\n\t<meta name=\"twitter:data1\" content=\"1 minuto\" \/>\n<script type=\"application\/ld+json\" class=\"yoast-schema-graph\">{\"@context\":\"https:\/\/schema.org\",\"@graph\":[{\"@type\":\"WebPage\",\"@id\":\"https:\/\/apabep.qroo.gob.mx\/index.php\/bienvenida\/\",\"url\":\"https:\/\/apabep.qroo.gob.mx\/index.php\/bienvenida\/\",\"name\":\"Bienvenida - Administraci\u00f3n del Patrimonio de la Beneficencia P\u00fablica\",\"isPartOf\":{\"@id\":\"https:\/\/apabep.qroo.gob.mx\/#website\"},\"datePublished\":\"2024-08-22T19:20:01+00:00\",\"dateModified\":\"2026-04-29T03:06:25+00:00\",\"description\":\"Bienvenida\",\"breadcrumb\":{\"@id\":\"https:\/\/apabep.qroo.gob.mx\/index.php\/bienvenida\/#breadcrumb\"},\"inLanguage\":\"es\",\"potentialAction\":[{\"@type\":\"ReadAction\",\"target\":[\"https:\/\/apabep.qroo.gob.mx\/index.php\/bienvenida\/\"]}]},{\"@type\":\"BreadcrumbList\",\"@id\":\"https:\/\/apabep.qroo.gob.mx\/index.php\/bienvenida\/#breadcrumb\",\"itemListElement\":[{\"@type\":\"ListItem\",\"position\":1,\"name\":\"Inicio\",\"item\":\"https:\/\/apabep.qroo.gob.mx\/\"},{\"@type\":\"ListItem\",\"position\":2,\"name\":\"Bienvenida\"}]},{\"@type\":\"WebSite\",\"@id\":\"https:\/\/apabep.qroo.gob.mx\/#website\",\"url\":\"https:\/\/apabep.qroo.gob.mx\/\",\"name\":\"Administraci\u00f3n del Patrimonio de la Beneficencia P\u00fablica\",\"description\":\"La Beneficencia otorga beneficios en especie en temas de salud a trav\u00e9s de sus distintos programas asistenciales.\",\"publisher\":{\"@id\":\"https:\/\/apabep.qroo.gob.mx\/#organization\"},\"potentialAction\":[{\"@type\":\"SearchAction\",\"target\":{\"@type\":\"EntryPoint\",\"urlTemplate\":\"https:\/\/apabep.qroo.gob.mx\/?s={search_term_string}\"},\"query-input\":{\"@type\":\"PropertyValueSpecification\",\"valueRequired\":true,\"valueName\":\"search_term_string\"}}],\"inLanguage\":\"es\"},{\"@type\":\"Organization\",\"@id\":\"https:\/\/apabep.qroo.gob.mx\/#organization\",\"name\":\"Administraci\u00f3n del Patrimonio de la Beneficencia P\u00fablica\",\"url\":\"https:\/\/apabep.qroo.gob.mx\/\",\"logo\":{\"@type\":\"ImageObject\",\"inLanguage\":\"es\",\"@id\":\"https:\/\/apabep.qroo.gob.mx\/#\/schema\/logo\/image\/\",\"url\":\"https:\/\/apabep.qroo.gob.mx\/wp-content\/uploads\/2024\/06\/cropped-APABEP.png\",\"contentUrl\":\"https:\/\/apabep.qroo.gob.mx\/wp-content\/uploads\/2024\/06\/cropped-APABEP.png\",\"width\":1752,\"height\":793,\"caption\":\"Administraci\u00f3n del Patrimonio de la Beneficencia P\u00fablica\"},\"image\":{\"@id\":\"https:\/\/apabep.qroo.gob.mx\/#\/schema\/logo\/image\/\"}}]}<\/script>\n<!-- \/ Yoast SEO plugin. -->","yoast_head_json":{"title":"Bienvenida - Administraci\u00f3n del Patrimonio de la Beneficencia P\u00fablica","description":"Bienvenida","robots":{"index":"noindex","follow":"follow","max-snippet":"max-snippet:-1","max-image-preview":"max-image-preview:large","max-video-preview":"max-video-preview:-1"},"og_locale":"es_MX","og_type":"article","og_title":"Bienvenida - Administraci\u00f3n del Patrimonio de la Beneficencia P\u00fablica","og_description":"Bienvenida","og_url":"https:\/\/apabep.qroo.gob.mx\/index.php\/bienvenida\/","og_site_name":"Administraci\u00f3n del Patrimonio de la Beneficencia P\u00fablica","article_modified_time":"2026-04-29T03:06:25+00:00","twitter_card":"summary_large_image","twitter_misc":{"Tiempo de lectura":"1 minuto"},"schema":{"@context":"https:\/\/schema.org","@graph":[{"@type":"WebPage","@id":"https:\/\/apabep.qroo.gob.mx\/index.php\/bienvenida\/","url":"https:\/\/apabep.qroo.gob.mx\/index.php\/bienvenida\/","name":"Bienvenida - Administraci\u00f3n del Patrimonio de la Beneficencia P\u00fablica","isPartOf":{"@id":"https:\/\/apabep.qroo.gob.mx\/#website"},"datePublished":"2024-08-22T19:20:01+00:00","dateModified":"2026-04-29T03:06:25+00:00","description":"Bienvenida","breadcrumb":{"@id":"https:\/\/apabep.qroo.gob.mx\/index.php\/bienvenida\/#breadcrumb"},"inLanguage":"es","potentialAction":[{"@type":"ReadAction","target":["https:\/\/apabep.qroo.gob.mx\/index.php\/bienvenida\/"]}]},{"@type":"BreadcrumbList","@id":"https:\/\/apabep.qroo.gob.mx\/index.php\/bienvenida\/#breadcrumb","itemListElement":[{"@type":"ListItem","position":1,"name":"Inicio","item":"https:\/\/apabep.qroo.gob.mx\/"},{"@type":"ListItem","position":2,"name":"Bienvenida"}]},{"@type":"WebSite","@id":"https:\/\/apabep.qroo.gob.mx\/#website","url":"https:\/\/apabep.qroo.gob.mx\/","name":"Administraci\u00f3n del Patrimonio de la Beneficencia P\u00fablica","description":"La Beneficencia otorga beneficios en especie en temas de salud a trav\u00e9s de sus distintos programas asistenciales.","publisher":{"@id":"https:\/\/apabep.qroo.gob.mx\/#organization"},"potentialAction":[{"@type":"SearchAction","target":{"@type":"EntryPoint","urlTemplate":"https:\/\/apabep.qroo.gob.mx\/?s={search_term_string}"},"query-input":{"@type":"PropertyValueSpecification","valueRequired":true,"valueName":"search_term_string"}}],"inLanguage":"es"},{"@type":"Organization","@id":"https:\/\/apabep.qroo.gob.mx\/#organization","name":"Administraci\u00f3n del Patrimonio de la Beneficencia P\u00fablica","url":"https:\/\/apabep.qroo.gob.mx\/","logo":{"@type":"ImageObject","inLanguage":"es","@id":"https:\/\/apabep.qroo.gob.mx\/#\/schema\/logo\/image\/","url":"https:\/\/apabep.qroo.gob.mx\/wp-content\/uploads\/2024\/06\/cropped-APABEP.png","contentUrl":"https:\/\/apabep.qroo.gob.mx\/wp-content\/uploads\/2024\/06\/cropped-APABEP.png","width":1752,"height":793,"caption":"Administraci\u00f3n del Patrimonio de la Beneficencia P\u00fablica"},"image":{"@id":"https:\/\/apabep.qroo.gob.mx\/#\/schema\/logo\/image\/"}}]}},"_links":{"self":[{"href":"https:\/\/apabep.qroo.gob.mx\/index.php\/wp-json\/wp\/v2\/pages\/35995","targetHints":{"allow":["GET"]}}],"collection":[{"href":"https:\/\/apabep.qroo.gob.mx\/index.php\/wp-json\/wp\/v2\/pages"}],"about":[{"href":"https:\/\/apabep.qroo.gob.mx\/index.php\/wp-json\/wp\/v2\/types\/page"}],"author":[{"embeddable":true,"href":"https:\/\/apabep.qroo.gob.mx\/index.php\/wp-json\/wp\/v2\/users\/4"}],"replies":[{"embeddable":true,"href":"https:\/\/apabep.qroo.gob.mx\/index.php\/wp-json\/wp\/v2\/comments?post=35995"}],"version-history":[{"count":11,"href":"https:\/\/apabep.qroo.gob.mx\/index.php\/wp-json\/wp\/v2\/pages\/35995\/revisions"}],"predecessor-version":[{"id":37443,"href":"https:\/\/apabep.qroo.gob.mx\/index.php\/wp-json\/wp\/v2\/pages\/35995\/revisions\/37443"}],"wp:attachment":[{"href":"https:\/\/apabep.qroo.gob.mx\/index.php\/wp-json\/wp\/v2\/media?parent=35995"}],"curies":[{"name":"wp","href":"https:\/\/api.w.org\/{rel}","templated":true}]}}