{"id":35998,"date":"2024-08-22T15:13:59","date_gmt":"2024-08-22T20:13:59","guid":{"rendered":"https:\/\/apabep.qroo.gob.mx\/?page_id=35998"},"modified":"2025-12-01T16:07:14","modified_gmt":"2025-12-01T21:07:14","slug":"programas-asistenciales","status":"publish","type":"page","link":"https:\/\/apabep.qroo.gob.mx\/index.php\/programas-asistenciales\/","title":{"rendered":"Programas Asistenciales"},"content":{"rendered":"\t\t<div data-elementor-type=\"wp-page\" data-elementor-id=\"35998\" class=\"elementor elementor-35998\">\n\t\t\t\t<div class=\"elementor-element elementor-element-4e639574 e-flex e-con-boxed e-con e-parent\" data-id=\"4e639574\" data-element_type=\"container\">\n\t\t\t\t\t<div class=\"e-con-inner\">\n\t\t\t\t<div class=\"elementor-element elementor-element-17cc836 elementor-widget elementor-widget-text-editor\" data-id=\"17cc836\" data-element_type=\"widget\" data-widget_type=\"text-editor.default\">\n\t\t\t\t<div class=\"elementor-widget-container\">\n\t\t\t\t\t\t\t\t\t<h2 class=\"wp-block-heading has-large-font-size\"><span style=\"color: #800000;\">Requisitos para obtener cualquier apoyo de la Beneficencia P\u00fablica (Todos los apoyos son gratuitos)<\/span><\/h2>\n<p>Para la participaci\u00f3n en el Programa, en caso de las personas mayores de edad, la Persona Solicitante o la Persona Beneficiaria, deber\u00e1 cumplir y entregar los siguientes requisitos de forma f\u00edsica, los cuales deber\u00e1n ser ver\u00eddicos, legibles y completos:<\/p>\n<p>I. Llenar, firmar y entregar la Solicitud de Apoyo especificando el tipo del mismo que requiere, indicando si es la persona que recibir\u00e1 el apoyo o es un representante (se le proporciona y llena en la oficina al momento de acudir); <br \/>De la Persona Beneficiaria:<br \/>II. Copia de identificaci\u00f3n oficial vigente con fotograf\u00eda (credencial para votar, licencia de conducir, pasaporte);<br \/>III. Clave \u00danica de Registro de Poblaci\u00f3n (CURP);<br \/>IV. Copia de comprobante de domicilio no mayor de 3 meses (luz, agua).<\/p>\n<p>Para el caso de que la Persona Solicitante o la Persona Beneficiaria, requiera alguno de los apoyos que se encuentran en el apartado de listado de sillas de ruedas y aparatos funcionales que se encuentran en el cat\u00e1logo de modalidades, es necesario que se presente <strong>el original o copia del diagn\u00f3stico, resumen o receta m\u00e9dica no mayor de 3 meses,<\/strong> indicando nombre y c\u00e9dula del m\u00e9dico que la expidi\u00f3, en el que <strong>se especifique el padecimiento y la recomendaci\u00f3n del bien solicitado.<\/strong><\/p>\n<p>Para la participaci\u00f3n en el Programa, de las personas <strong>menores de edad,<\/strong> la Persona Solicitante, deber\u00e1 ser padre, madre o tutor legal, quien <strong>adem\u00e1s de los requisitos mencionados anteriormente<\/strong>, deber\u00e1 presentar adicionalmente:<\/p>\n<p>I. Copia de acta de nacimiento del menor;<br \/>II. Copia de la identificaci\u00f3n oficial vigente con fotograf\u00eda del representante del menor;<br \/>III. Copia del comprobante de domicilio del representante del menor, en caso de que no habiten la misma casa.<\/p>\n<p><strong>Nota:<\/strong> El servicio se encuentra en proceso de validaci\u00f3n por parte de la CEMER.<\/p>\n<hr \/>\n<h2 class=\"wp-block-heading has-large-font-size\">Tipos de apoyos<\/h2>\n<p><strong>PERSONAS F\u00cdSICAS<\/strong><\/p>\n<p>Para personas f\u00edsicas, se manejan programas de ayuda, mismos que var\u00edan de acuerdo a demanda, presupuesto y otras cuestiones, por lo que a continuaci\u00f3n se enlistan los apoyos por programa que est\u00e1n VIGENTES a la presente fecha:<\/p>\n<p><!-- \/wp:heading --><!-- wp:paragraph {\"fontSize\":\"large\"} --><\/p>\n<p><!-- \/wp:paragraph --><!-- wp:paragraph --><\/p>\n<p><!-- \/wp:paragraph --><!-- wp:paragraph --><\/p>\n<p><strong>PROGRAMA \u201cUNIDOS Y UNIDAS PARA SALVAR UNA VIDA\u201d<\/strong><\/p>\n<p><!-- \/wp:paragraph --><!-- wp:paragraph --><\/p>\n<p>Se proporcionar\u00e1n medicamentos a las personas sin recursos econ\u00f3micos que no cuenten con Seguridad Social y cuando Seguro Popular no lo tenga en sus Causes.<\/p>\n<p><!-- \/wp:paragraph --><!-- wp:list --><\/p>\n<ul class=\"wp-block-list\">\n<li style=\"list-style-type: none;\">\n<ul class=\"wp-block-list\"><!-- wp:list-item --><\/ul>\n<\/li>\n<\/ul>\n<ul class=\"wp-block-list\">\n<li style=\"list-style-type: none;\">\n<ul class=\"wp-block-list\">\n<li><strong>Medicamentos de uso com\u00fan<\/strong>.<\/li>\n<\/ul>\n<\/li>\n<\/ul>\n<p><!-- \/wp:list-item --><\/p>\n<p><!-- \/wp:list --><!-- wp:paragraph --><\/p>\n<p><strong>PROGRAMA \u201cUNIDOS Y UNIDAS POR UNA ESPERANZA&#8221;<\/strong><\/p>\n<p><!-- \/wp:paragraph --><!-- wp:paragraph --><\/p>\n<p>Este programa asiste en apoyos para cirug\u00edas en general siempre y cuando Seguro Popular no tenga este tipo de apoyos en sus pol\u00edticas (causes) o las personas que lo solicitan no cuenten con Seguridad Social:<\/p>\n<p><!-- \/wp:paragraph --><!-- wp:list --><\/p>\n<ul class=\"wp-block-list\">\n<li style=\"list-style-type: none;\">\n<ul class=\"wp-block-list\"><!-- wp:list-item --><\/ul>\n<\/li>\n<\/ul>\n<ul>\n<li style=\"list-style-type: none;\">\n<ul class=\"wp-block-list\">\n<li><strong>Estudios m\u00e9dicos generales<\/strong><\/li>\n<li><strong>Estudios de Laboratorio<\/strong><\/li>\n<li><strong>Atenci\u00f3n m\u00e9dica<\/strong><\/li>\n<li><strong>Camas hospitalarias<\/strong><\/li>\n<li><strong>Equipos m\u00e9dicos b\u00e1sicos personales<\/strong><\/li>\n<\/ul>\n<\/li>\n<\/ul>\n<p><strong style=\"font-size: inherit;\">PROGRAMA \u201cTRANSFORMAMOS TU CALIDAD DE VIDA\u201d<\/strong><\/p>\n<p>La finalidad principal es ayudar a que personas con capacidades diferentes se integren de nuevo a la sociedad, y as\u00ed mejorar su calidad de vida.<\/p>\n<p><!-- \/wp:paragraph --><!-- wp:paragraph --><\/p>\n<p><!-- \/wp:paragraph --><!-- wp:list --><\/p>\n<ul class=\"wp-block-list\">\n<li style=\"list-style-type: none;\">\n<ul class=\"wp-block-list\"><!-- wp:list-item --><\/ul>\n<\/li>\n<\/ul>\n<ul>\n<li style=\"list-style-type: none;\">\n<ul class=\"wp-block-list\">\n<li><strong>Bast\u00f3n de 1 Apoyo<\/strong><\/li>\n<li><strong>Bast\u00f3n de 4 Apoyos<\/strong><\/li>\n<li><strong>Sillas de Ruedas Adulto<\/strong><\/li>\n<li><strong>Muletas<\/strong><\/li>\n<li><strong>Andaderas tipo cubo<\/strong><\/li>\n<li><strong>Aparatos Ortop\u00e9dicos<\/strong><\/li>\n<\/ul>\n<\/li>\n<\/ul>\n<p><strong style=\"font-size: inherit;\">PROGRAMA \u201cUNIDOS PARA TRANSFORMAR UNA SONRISA\u201d<\/strong><\/p>\n<p><!-- \/wp:paragraph --><!-- wp:paragraph --><\/p>\n<p>Este programa asiste en apoyos para kits dentales para ni\u00f1os de primaria, con la finalidad de promover la higiene bucal de los infantes y evitar problemas de caries.<\/p>\n<p><!-- \/wp:paragraph --><!-- wp:paragraph --><\/p>\n<p><strong>PROGRAMA \u201cTRANSFORMAMOS TU VISI\u00d3N\u201d<\/strong><\/p>\n<p><!-- \/wp:paragraph --><!-- wp:paragraph --><\/p>\n<p>Este programa da apoyos de valoraciones m\u00e9dicas y lentes por medio de programas especiales en el transcurso del a\u00f1o, con lo que se pretende integrar de nuevo a la sociedad a las personas productivas, ni\u00f1os o de tercera edad. Programas de pterigi\u00f3n y cirug\u00eda de cataratas.<\/p>\n<p><!-- \/wp:paragraph --><!-- wp:paragraph --><\/p>\n<p><strong>PROGRAMA \u201cTRANSFORMAMOS TU AUDICI\u00d3N\u201d<\/strong><\/p>\n<p><!-- \/wp:paragraph --><!-- wp:paragraph --><\/p>\n<p>Este programa da apoyos de a audiometr\u00edas y aparatos auditivos al p\u00fablico en general a trav\u00e9s de programas especiales y espec\u00edficos en el transcurso del a\u00f1o, con la finalidad de integrar de nuevo a la sociedad a las personas con discapacidad auditiva.<\/p>\n<p><!-- \/wp:paragraph --><!-- wp:paragraph --><\/p>\n<p><strong>PROGRAMA \u201cPROGRAMA PARA SENTIRME MEJOR\u201d<\/strong><\/p>\n<p><!-- \/wp:paragraph --><!-- wp:paragraph --><\/p>\n<p>La finalidad \u00faltima es otorgar pr\u00f3tesis de mama, brasier ortop\u00e9dico, as\u00ed como mangas linfedema a mujeres que han padecido c\u00e1ncer de mama, mejorando su autoestima y seguridad.<\/p>\n<p><!-- \/wp:paragraph --><!-- wp:paragraph --><\/p>\n<p><!-- \/wp:paragraph --><\/p>\t\t\t\t\t\t\t\t<\/div>\n\t\t\t\t<\/div>\n\t\t\t\t\t<\/div>\n\t\t\t\t<\/div>\n\t\t\t\t<\/div>\n\t\t","protected":false},"excerpt":{"rendered":"<p>Requisitos para obtener cualquier apoyo de la Beneficencia P\u00fablica (Todos los apoyos son gratuitos) Para la participaci\u00f3n en el Programa, en caso de las personas mayores de edad, la Persona Solicitante o la Persona Beneficiaria, deber\u00e1 cumplir y entregar los siguientes requisitos de forma f\u00edsica, los cuales deber\u00e1n ser ver\u00eddicos, legibles y completos: I. Llenar, &#8230; <a title=\"Programas Asistenciales\" class=\"read-more\" href=\"https:\/\/apabep.qroo.gob.mx\/index.php\/programas-asistenciales\/\" aria-label=\"Leer m\u00e1s sobre Programas Asistenciales\">Leer m\u00e1s<\/a><\/p>\n","protected":false},"author":4,"featured_media":0,"parent":0,"menu_order":0,"comment_status":"closed","ping_status":"closed","template":"","meta":{"footnotes":""},"class_list":["post-35998","page","type-page","status-publish"],"yoast_head":"<!-- This site is optimized with the Yoast SEO plugin v25.3 - https:\/\/yoast.com\/wordpress\/plugins\/seo\/ -->\n<title>Programas Asistenciales - Administraci\u00f3n del Patrimonio de la Beneficencia P\u00fablica<\/title>\n<meta name=\"robots\" content=\"noindex, follow, max-snippet:-1, max-image-preview:large, max-video-preview:-1\" \/>\n<meta property=\"og:locale\" content=\"es_MX\" \/>\n<meta property=\"og:type\" content=\"article\" \/>\n<meta property=\"og:title\" content=\"Programas Asistenciales - Administraci\u00f3n del Patrimonio de la Beneficencia P\u00fablica\" \/>\n<meta property=\"og:description\" content=\"Requisitos para obtener cualquier apoyo de la Beneficencia P\u00fablica (Todos los apoyos son gratuitos) Para la participaci\u00f3n en el Programa, en caso de las personas mayores de edad, la Persona Solicitante o la Persona Beneficiaria, deber\u00e1 cumplir y entregar los siguientes requisitos de forma f\u00edsica, los cuales deber\u00e1n ser ver\u00eddicos, legibles y completos: I. Llenar, ... Leer m\u00e1s\" \/>\n<meta property=\"og:url\" content=\"https:\/\/apabep.qroo.gob.mx\/index.php\/programas-asistenciales\/\" \/>\n<meta property=\"og:site_name\" content=\"Administraci\u00f3n del Patrimonio de la Beneficencia P\u00fablica\" \/>\n<meta property=\"article:modified_time\" content=\"2025-12-01T21:07:14+00:00\" \/>\n<meta name=\"twitter:card\" content=\"summary_large_image\" \/>\n<meta name=\"twitter:label1\" content=\"Tiempo de lectura\" \/>\n\t<meta name=\"twitter:data1\" content=\"3 minutos\" \/>\n<script type=\"application\/ld+json\" class=\"yoast-schema-graph\">{\"@context\":\"https:\/\/schema.org\",\"@graph\":[{\"@type\":\"WebPage\",\"@id\":\"https:\/\/apabep.qroo.gob.mx\/index.php\/programas-asistenciales\/\",\"url\":\"https:\/\/apabep.qroo.gob.mx\/index.php\/programas-asistenciales\/\",\"name\":\"Programas Asistenciales - Administraci\u00f3n del Patrimonio de la Beneficencia P\u00fablica\",\"isPartOf\":{\"@id\":\"https:\/\/apabep.qroo.gob.mx\/#website\"},\"datePublished\":\"2024-08-22T20:13:59+00:00\",\"dateModified\":\"2025-12-01T21:07:14+00:00\",\"breadcrumb\":{\"@id\":\"https:\/\/apabep.qroo.gob.mx\/index.php\/programas-asistenciales\/#breadcrumb\"},\"inLanguage\":\"es\",\"potentialAction\":[{\"@type\":\"ReadAction\",\"target\":[\"https:\/\/apabep.qroo.gob.mx\/index.php\/programas-asistenciales\/\"]}]},{\"@type\":\"BreadcrumbList\",\"@id\":\"https:\/\/apabep.qroo.gob.mx\/index.php\/programas-asistenciales\/#breadcrumb\",\"itemListElement\":[{\"@type\":\"ListItem\",\"position\":1,\"name\":\"Inicio\",\"item\":\"https:\/\/apabep.qroo.gob.mx\/\"},{\"@type\":\"ListItem\",\"position\":2,\"name\":\"Programas Asistenciales\"}]},{\"@type\":\"WebSite\",\"@id\":\"https:\/\/apabep.qroo.gob.mx\/#website\",\"url\":\"https:\/\/apabep.qroo.gob.mx\/\",\"name\":\"Administraci\u00f3n del Patrimonio de la Beneficencia P\u00fablica\",\"description\":\"La Beneficencia otorga beneficios en especie en temas de salud a trav\u00e9s de sus distintos programas asistenciales.\",\"publisher\":{\"@id\":\"https:\/\/apabep.qroo.gob.mx\/#organization\"},\"potentialAction\":[{\"@type\":\"SearchAction\",\"target\":{\"@type\":\"EntryPoint\",\"urlTemplate\":\"https:\/\/apabep.qroo.gob.mx\/?s={search_term_string}\"},\"query-input\":{\"@type\":\"PropertyValueSpecification\",\"valueRequired\":true,\"valueName\":\"search_term_string\"}}],\"inLanguage\":\"es\"},{\"@type\":\"Organization\",\"@id\":\"https:\/\/apabep.qroo.gob.mx\/#organization\",\"name\":\"Administraci\u00f3n del Patrimonio de la Beneficencia P\u00fablica\",\"url\":\"https:\/\/apabep.qroo.gob.mx\/\",\"logo\":{\"@type\":\"ImageObject\",\"inLanguage\":\"es\",\"@id\":\"https:\/\/apabep.qroo.gob.mx\/#\/schema\/logo\/image\/\",\"url\":\"https:\/\/apabep.qroo.gob.mx\/wp-content\/uploads\/2024\/06\/cropped-APABEP.png\",\"contentUrl\":\"https:\/\/apabep.qroo.gob.mx\/wp-content\/uploads\/2024\/06\/cropped-APABEP.png\",\"width\":1752,\"height\":793,\"caption\":\"Administraci\u00f3n del Patrimonio de la Beneficencia P\u00fablica\"},\"image\":{\"@id\":\"https:\/\/apabep.qroo.gob.mx\/#\/schema\/logo\/image\/\"}}]}<\/script>\n<!-- \/ Yoast SEO plugin. -->","yoast_head_json":{"title":"Programas Asistenciales - Administraci\u00f3n del Patrimonio de la Beneficencia P\u00fablica","robots":{"index":"noindex","follow":"follow","max-snippet":"max-snippet:-1","max-image-preview":"max-image-preview:large","max-video-preview":"max-video-preview:-1"},"og_locale":"es_MX","og_type":"article","og_title":"Programas Asistenciales - Administraci\u00f3n del Patrimonio de la Beneficencia P\u00fablica","og_description":"Requisitos para obtener cualquier apoyo de la Beneficencia P\u00fablica (Todos los apoyos son gratuitos) Para la participaci\u00f3n en el Programa, en caso de las personas mayores de edad, la Persona Solicitante o la Persona Beneficiaria, deber\u00e1 cumplir y entregar los siguientes requisitos de forma f\u00edsica, los cuales deber\u00e1n ser ver\u00eddicos, legibles y completos: I. Llenar, ... Leer m\u00e1s","og_url":"https:\/\/apabep.qroo.gob.mx\/index.php\/programas-asistenciales\/","og_site_name":"Administraci\u00f3n del Patrimonio de la Beneficencia P\u00fablica","article_modified_time":"2025-12-01T21:07:14+00:00","twitter_card":"summary_large_image","twitter_misc":{"Tiempo de lectura":"3 minutos"},"schema":{"@context":"https:\/\/schema.org","@graph":[{"@type":"WebPage","@id":"https:\/\/apabep.qroo.gob.mx\/index.php\/programas-asistenciales\/","url":"https:\/\/apabep.qroo.gob.mx\/index.php\/programas-asistenciales\/","name":"Programas Asistenciales - Administraci\u00f3n del Patrimonio de la Beneficencia P\u00fablica","isPartOf":{"@id":"https:\/\/apabep.qroo.gob.mx\/#website"},"datePublished":"2024-08-22T20:13:59+00:00","dateModified":"2025-12-01T21:07:14+00:00","breadcrumb":{"@id":"https:\/\/apabep.qroo.gob.mx\/index.php\/programas-asistenciales\/#breadcrumb"},"inLanguage":"es","potentialAction":[{"@type":"ReadAction","target":["https:\/\/apabep.qroo.gob.mx\/index.php\/programas-asistenciales\/"]}]},{"@type":"BreadcrumbList","@id":"https:\/\/apabep.qroo.gob.mx\/index.php\/programas-asistenciales\/#breadcrumb","itemListElement":[{"@type":"ListItem","position":1,"name":"Inicio","item":"https:\/\/apabep.qroo.gob.mx\/"},{"@type":"ListItem","position":2,"name":"Programas Asistenciales"}]},{"@type":"WebSite","@id":"https:\/\/apabep.qroo.gob.mx\/#website","url":"https:\/\/apabep.qroo.gob.mx\/","name":"Administraci\u00f3n del Patrimonio de la Beneficencia P\u00fablica","description":"La Beneficencia otorga beneficios en especie en temas de salud a trav\u00e9s de sus distintos programas asistenciales.","publisher":{"@id":"https:\/\/apabep.qroo.gob.mx\/#organization"},"potentialAction":[{"@type":"SearchAction","target":{"@type":"EntryPoint","urlTemplate":"https:\/\/apabep.qroo.gob.mx\/?s={search_term_string}"},"query-input":{"@type":"PropertyValueSpecification","valueRequired":true,"valueName":"search_term_string"}}],"inLanguage":"es"},{"@type":"Organization","@id":"https:\/\/apabep.qroo.gob.mx\/#organization","name":"Administraci\u00f3n del Patrimonio de la Beneficencia P\u00fablica","url":"https:\/\/apabep.qroo.gob.mx\/","logo":{"@type":"ImageObject","inLanguage":"es","@id":"https:\/\/apabep.qroo.gob.mx\/#\/schema\/logo\/image\/","url":"https:\/\/apabep.qroo.gob.mx\/wp-content\/uploads\/2024\/06\/cropped-APABEP.png","contentUrl":"https:\/\/apabep.qroo.gob.mx\/wp-content\/uploads\/2024\/06\/cropped-APABEP.png","width":1752,"height":793,"caption":"Administraci\u00f3n del Patrimonio de la Beneficencia P\u00fablica"},"image":{"@id":"https:\/\/apabep.qroo.gob.mx\/#\/schema\/logo\/image\/"}}]}},"_links":{"self":[{"href":"https:\/\/apabep.qroo.gob.mx\/index.php\/wp-json\/wp\/v2\/pages\/35998","targetHints":{"allow":["GET"]}}],"collection":[{"href":"https:\/\/apabep.qroo.gob.mx\/index.php\/wp-json\/wp\/v2\/pages"}],"about":[{"href":"https:\/\/apabep.qroo.gob.mx\/index.php\/wp-json\/wp\/v2\/types\/page"}],"author":[{"embeddable":true,"href":"https:\/\/apabep.qroo.gob.mx\/index.php\/wp-json\/wp\/v2\/users\/4"}],"replies":[{"embeddable":true,"href":"https:\/\/apabep.qroo.gob.mx\/index.php\/wp-json\/wp\/v2\/comments?post=35998"}],"version-history":[{"count":28,"href":"https:\/\/apabep.qroo.gob.mx\/index.php\/wp-json\/wp\/v2\/pages\/35998\/revisions"}],"predecessor-version":[{"id":37108,"href":"https:\/\/apabep.qroo.gob.mx\/index.php\/wp-json\/wp\/v2\/pages\/35998\/revisions\/37108"}],"wp:attachment":[{"href":"https:\/\/apabep.qroo.gob.mx\/index.php\/wp-json\/wp\/v2\/media?parent=35998"}],"curies":[{"name":"wp","href":"https:\/\/api.w.org\/{rel}","templated":true}]}}