{"id":36031,"date":"2024-08-23T12:29:58","date_gmt":"2024-08-23T17:29:58","guid":{"rendered":"https:\/\/apabep.qroo.gob.mx\/?page_id=36031"},"modified":"2026-03-25T12:40:33","modified_gmt":"2026-03-25T17:40:33","slug":"indice-de-expedientes-clasificados-como-reservados","status":"publish","type":"page","link":"https:\/\/apabep.qroo.gob.mx\/index.php\/indice-de-expedientes-clasificados-como-reservados\/","title":{"rendered":"\u00cdNDICE DE EXPEDIENTES CLASIFICADOS COMO RESERVADOS"},"content":{"rendered":"\t\t<div data-elementor-type=\"wp-page\" data-elementor-id=\"36031\" class=\"elementor elementor-36031\">\n\t\t\t\t<div class=\"elementor-element elementor-element-3415316 e-flex e-con-boxed e-con e-parent\" data-id=\"3415316\" data-element_type=\"container\">\n\t\t\t\t\t<div class=\"e-con-inner\">\n\t\t\t\t<div class=\"elementor-element elementor-element-51eaf4d elementor-widget elementor-widget-spacer\" data-id=\"51eaf4d\" data-element_type=\"widget\" data-widget_type=\"spacer.default\">\n\t\t\t\t<div class=\"elementor-widget-container\">\n\t\t\t\t\t\t\t<div class=\"elementor-spacer\">\n\t\t\t<div class=\"elementor-spacer-inner\"><\/div>\n\t\t<\/div>\n\t\t\t\t\t\t<\/div>\n\t\t\t\t<\/div>\n\t\t\t\t\t<\/div>\n\t\t\t\t<\/div>\n\t\t<div class=\"elementor-element elementor-element-174551b e-flex e-con-boxed e-con e-parent\" data-id=\"174551b\" data-element_type=\"container\">\n\t\t\t\t\t<div class=\"e-con-inner\">\n\t\t\t\t<div class=\"elementor-element elementor-element-02a7ede elementor-widget elementor-widget-heading\" data-id=\"02a7ede\" data-element_type=\"widget\" data-widget_type=\"heading.default\">\n\t\t\t\t<div class=\"elementor-widget-container\">\n\t\t\t\t\t<h2 class=\"elementor-heading-title elementor-size-default\">\u00cdndice de expedientes clasificados como reservados<\/h2>\t\t\t\t<\/div>\n\t\t\t\t<\/div>\n\t\t\t\t\t<\/div>\n\t\t\t\t<\/div>\n\t\t<div class=\"elementor-element elementor-element-584068ae e-con-full e-flex e-con e-parent\" data-id=\"584068ae\" data-element_type=\"container\">\n\t\t\t\t<div class=\"elementor-element elementor-element-75f164b4 elementor-widget elementor-widget-text-editor\" data-id=\"75f164b4\" data-element_type=\"widget\" data-widget_type=\"text-editor.default\">\n\t\t\t\t<div class=\"elementor-widget-container\">\n\t\t\t\t\t\t\t\t\t<table style=\"height: 964px;\" width=\"133\">\n<tbody>\n<tr>\n<td>\n<h4><strong>2019<\/strong><\/h4>\n<\/td>\n<td>\n<ul>\n<li><a id=\"wp-block-file--media-7d6884e8-5de0-4292-8e24-01d0cc5d690c\" href=\"https:\/\/apabep.qroo.gob.mx\/wp-content\/uploads\/2024\/08\/Articulo-131-1-semestre-2019-2.pdf\" target=\"_blank\" rel=\"noreferrer noopener\">Art\u00edculo 131 1 semestre 2019<\/a><\/li>\n<li><a id=\"wp-block-file--media-63fa6f3d-5d66-4ab7-b95b-7a5040e5b203\" href=\"https:\/\/apabep.qroo.gob.mx\/wp-content\/uploads\/2024\/08\/Articulo-131-2-semestre-2019-1.pdf\" target=\"_blank\" rel=\"noopener\">Art\u00edculo 131 2 semestre 2019<\/a><\/li>\n<\/ul>\n<\/td>\n<\/tr>\n<tr>\n<td>\n<h4><strong>2020<\/strong><\/h4>\n<\/td>\n<td>\n<ul>\n<li><a id=\"wp-block-file--media-82871927-0604-48cf-84cd-8e820889e8d0\" href=\"https:\/\/apabep.qroo.gob.mx\/wp-content\/uploads\/2024\/08\/Articulo-131-1-semestre-2020-1.pdf\" target=\"_blank\" rel=\"noopener\">Art\u00edculo 131 1 semestre 2020<\/a><\/li>\n<li><!-- \/wp:file -->\n<p><!-- wp:file {\"id\":36046,\"href\":\"http:\/\/10.1.88.19\/wp-content\/uploads\/2024\/08\/Articulo-131-2-semestre-2020-1.pdf\",\"showDownloadButton\":false,\"displayPreview\":false} --><a id=\"wp-block-file--media-e7525798-8856-41af-9ccc-72cbfbbd0b6a\" href=\"https:\/\/apabep.qroo.gob.mx\/wp-content\/uploads\/2024\/08\/Articulo-131-2-semestre-2020-1.pdf\" target=\"_blank\" rel=\"noopener\">Art\u00edculo 131 2 semestre 2020<\/a><\/p>\n<\/li>\n<\/ul>\n<\/td>\n<\/tr>\n<tr>\n<td>\n<h4><strong>2021<\/strong><\/h4>\n<\/td>\n<td>\n<ul>\n<li><a id=\"wp-block-file--media-29cb5630-bdac-4591-a479-d4c2aafcaa34\" href=\"https:\/\/apabep.qroo.gob.mx\/wp-content\/uploads\/2024\/08\/Articulo-131-1-semestre-2021-1.pdf\" target=\"_blank\" rel=\"noopener\">Art\u00edculo 131 1 semestre 2021<\/a><\/li>\n<li><a id=\"wp-block-file--media-4d9d0e0e-1a34-4c99-b2d1-63041347a816\" href=\"https:\/\/apabep.qroo.gob.mx\/wp-content\/uploads\/2024\/08\/Articulo-131-2-semestre-2021-1.pdf\" target=\"_blank\" rel=\"noopener\">Art\u00edculo 131 2 semestre 2021<\/a><\/li>\n<\/ul>\n<\/td>\n<\/tr>\n<tr>\n<td>\n<h4><strong>2022<\/strong><\/h4>\n<\/td>\n<td>\n<ul>\n<li><a id=\"wp-block-file--media-31fdd361-1ec8-40bf-9188-62775f15b8fc\" href=\"https:\/\/apabep.qroo.gob.mx\/wp-content\/uploads\/2024\/08\/Articulo-131-1-semestre-2022-1.pdf\" target=\"_blank\" rel=\"noopener\">Art\u00edculo 131 1 semestre 2022<\/a><\/li>\n<li><a id=\"wp-block-file--media-34564616-9189-4a6c-922d-3e5a484d738d\" href=\"https:\/\/apabep.qroo.gob.mx\/wp-content\/uploads\/2024\/08\/Articulo-131-2-semestre-2022-1.pdf\" target=\"_blank\" rel=\"noopener\">Art\u00edculo 131 2 semestre 2022<\/a><!-- \/wp:file -->\n<p><!-- wp:file {\"id\":36051,\"href\":\"http:\/\/10.1.88.19\/wp-content\/uploads\/2024\/08\/Articulo-131-2-semestre-2022-1.pdf\",\"showDownloadButton\":false,\"displayPreview\":false} --><\/p>\n<\/li>\n<\/ul>\n<\/td>\n<\/tr>\n<tr>\n<td>\n<h4><strong>2023<\/strong><\/h4>\n<\/td>\n<td>\n<ul>\n<li><a id=\"wp-block-file--media-e52206fe-705e-4786-8c04-6b0755fb1add\" href=\"https:\/\/apabep.qroo.gob.mx\/wp-content\/uploads\/2024\/08\/Articulo-131-1-Semestre-2023-1.pdf\" target=\"_blank\" rel=\"noopener\">Art\u00edculo 131 1 Semestre 2023<\/a><\/li>\n<li><a id=\"wp-block-file--media-e52206fe-705e-4786-8c04-6b0755fb1add\" href=\"https:\/\/apabep.qroo.gob.mx\/wp-content\/uploads\/2024\/08\/Articulo-131-1-Semestre-2023-1.pdf\" target=\"_blank\" rel=\"noopener\">Art\u00edculo 131 1 Semestre 2023<\/a><\/li>\n<\/ul>\n<\/td>\n<\/tr>\n<tr>\n<td>\n<h4><strong>2024<\/strong><\/h4>\n<\/td>\n<td>\n<ul>\n<li><a href=\"https:\/\/apabep.qroo.gob.mx\/wp-content\/uploads\/2025\/05\/Indice-de-Expedientes-Clasificados-1er-semestre-2024.pdf\" target=\"_blank\" rel=\"noopener\">Art\u00edculo 131 1 semestre 2024<\/a><\/li>\n<li><a id=\"wp-block-file--media-63fa6f3d-5d66-4ab7-b95b-7a5040e5b203\" href=\"https:\/\/apabep.qroo.gob.mx\/wp-content\/uploads\/2025\/05\/Indice-de-Expedientes-Clasificados-2o-semestre-2024.pdf\" target=\"_blank\" rel=\"noopener\">Art\u00edculo 131 2 semestre 2024<\/a><\/li>\n<\/ul>\n<\/td>\n<\/tr>\n<tr>\n<td>\n<h4><strong>2025<\/strong><\/h4>\n<\/td>\n<td>\n<ul>\n<li><a href=\"https:\/\/apabep.qroo.gob.mx\/wp-content\/uploads\/2025\/07\/IECR-APABEP-PRIMER-SEMESTRE-2025.pdf\" target=\"_blank\" rel=\"noopener\">Art\u00edculo 131 1 semestre 2025<\/a><\/li>\n<li><a href=\"https:\/\/apabep.qroo.gob.mx\/wp-content\/uploads\/2026\/03\/IECR-APABEP-SEGUNDO-SEMESTRE-2025.pdf\" target=\"_blank\" rel=\"noopener\">Art\u00edculo 131 2 semestre 2025<\/a><\/li>\n<\/ul>\n<\/td>\n<\/tr>\n<\/tbody>\n<\/table>\n<p><!-- \/wp:table --><\/p>\n<p><!-- wp:file {\"id\":36043,\"href\":\"http:\/\/10.1.88.19\/wp-content\/uploads\/2024\/08\/Articulo-131-1-semestre-2019-2.pdf\",\"showDownloadButton\":false,\"displayPreview\":false} --><\/p>\n<p><!-- \/wp:file --><\/p>\n<p><!-- wp:file {\"id\":36044,\"href\":\"http:\/\/10.1.88.19\/wp-content\/uploads\/2024\/08\/Articulo-131-2-semestre-2019-1.pdf\",\"showDownloadButton\":false,\"displayPreview\":false} --><\/p>\n<p><!-- \/wp:file --><\/p>\n<p><!-- wp:file {\"id\":36045,\"href\":\"http:\/\/10.1.88.19\/wp-content\/uploads\/2024\/08\/Articulo-131-1-semestre-2020-1.pdf\",\"showDownloadButton\":false,\"displayPreview\":false} --><\/p>\n<div class=\"wp-block-file\">\u00a0<\/div>\n<p><!-- \/wp:file --><\/p>\n<p><!-- wp:file {\"id\":36047,\"href\":\"http:\/\/10.1.88.19\/wp-content\/uploads\/2024\/08\/Articulo-131-1-semestre-2021-1.pdf\",\"showDownloadButton\":false,\"displayPreview\":false} --><\/p>\n<div class=\"wp-block-file\">\u00a0<\/div>\n<p><!-- \/wp:file --><\/p>\n<p><!-- wp:file {\"id\":36050,\"href\":\"http:\/\/10.1.88.19\/wp-content\/uploads\/2024\/08\/Articulo-131-1-semestre-2022-1.pdf\",\"showDownloadButton\":false,\"displayPreview\":false} --><\/p>\n<div class=\"wp-block-file\">\u00a0<\/div>\n<p><!-- \/wp:file --><\/p>\n<p><!-- wp:file {\"id\":36052,\"href\":\"http:\/\/10.1.88.19\/wp-content\/uploads\/2024\/08\/Articulo-131-1-Semestre-2023-1.pdf\",\"showDownloadButton\":false,\"displayPreview\":false} --><\/p>\n<p><!-- \/wp:file --><\/p>\n<p><!-- wp:file {\"id\":36052,\"href\":\"http:\/\/10.1.88.19\/wp-content\/uploads\/2024\/08\/Articulo-131-1-Semestre-2023-1.pdf\",\"showDownloadButton\":false,\"displayPreview\":false} --><\/p>\n<p><!-- \/wp:file --><\/p>\t\t\t\t\t\t\t\t<\/div>\n\t\t\t\t<\/div>\n\t\t\t\t<\/div>\n\t\t\t\t<\/div>\n\t\t","protected":false},"excerpt":{"rendered":"<p>\u00cdndice de expedientes clasificados como reservados 2019 Art\u00edculo 131 1 semestre 2019 Art\u00edculo 131 2 semestre 2019 2020 Art\u00edculo 131 1 semestre 2020 Art\u00edculo 131 2 semestre 2020 2021 Art\u00edculo 131 1 semestre 2021 Art\u00edculo 131 2 semestre 2021 2022 Art\u00edculo 131 1 semestre 2022 Art\u00edculo 131 2 semestre 2022 2023 Art\u00edculo 131 1 Semestre &#8230; <a title=\"\u00cdNDICE DE EXPEDIENTES CLASIFICADOS COMO RESERVADOS\" class=\"read-more\" href=\"https:\/\/apabep.qroo.gob.mx\/index.php\/indice-de-expedientes-clasificados-como-reservados\/\" aria-label=\"Leer m\u00e1s sobre \u00cdNDICE DE EXPEDIENTES CLASIFICADOS COMO RESERVADOS\">Leer m\u00e1s<\/a><\/p>\n","protected":false},"author":4,"featured_media":0,"parent":0,"menu_order":0,"comment_status":"closed","ping_status":"closed","template":"","meta":{"footnotes":""},"class_list":["post-36031","page","type-page","status-publish"],"yoast_head":"<!-- This site is optimized with the Yoast SEO plugin v25.3 - https:\/\/yoast.com\/wordpress\/plugins\/seo\/ -->\n<title>\u00cdNDICE DE EXPEDIENTES CLASIFICADOS COMO RESERVADOS - Administraci\u00f3n del Patrimonio de la Beneficencia P\u00fablica<\/title>\n<meta name=\"robots\" content=\"noindex, follow, max-snippet:-1, max-image-preview:large, max-video-preview:-1\" \/>\n<meta property=\"og:locale\" content=\"es_MX\" \/>\n<meta property=\"og:type\" content=\"article\" \/>\n<meta property=\"og:title\" content=\"\u00cdNDICE DE EXPEDIENTES CLASIFICADOS COMO RESERVADOS - Administraci\u00f3n del Patrimonio de la Beneficencia P\u00fablica\" \/>\n<meta property=\"og:description\" content=\"\u00cdndice de expedientes clasificados como reservados 2019 Art\u00edculo 131 1 semestre 2019 Art\u00edculo 131 2 semestre 2019 2020 Art\u00edculo 131 1 semestre 2020 Art\u00edculo 131 2 semestre 2020 2021 Art\u00edculo 131 1 semestre 2021 Art\u00edculo 131 2 semestre 2021 2022 Art\u00edculo 131 1 semestre 2022 Art\u00edculo 131 2 semestre 2022 2023 Art\u00edculo 131 1 Semestre ... Leer m\u00e1s\" \/>\n<meta property=\"og:url\" content=\"https:\/\/apabep.qroo.gob.mx\/index.php\/indice-de-expedientes-clasificados-como-reservados\/\" \/>\n<meta property=\"og:site_name\" content=\"Administraci\u00f3n del Patrimonio de la Beneficencia P\u00fablica\" \/>\n<meta property=\"article:modified_time\" content=\"2026-03-25T17:40:33+00:00\" \/>\n<meta name=\"twitter:card\" content=\"summary_large_image\" \/>\n<meta name=\"twitter:label1\" content=\"Tiempo de lectura\" \/>\n\t<meta name=\"twitter:data1\" content=\"1 minuto\" \/>\n<script type=\"application\/ld+json\" class=\"yoast-schema-graph\">{\"@context\":\"https:\/\/schema.org\",\"@graph\":[{\"@type\":\"WebPage\",\"@id\":\"https:\/\/apabep.qroo.gob.mx\/index.php\/indice-de-expedientes-clasificados-como-reservados\/\",\"url\":\"https:\/\/apabep.qroo.gob.mx\/index.php\/indice-de-expedientes-clasificados-como-reservados\/\",\"name\":\"\u00cdNDICE DE EXPEDIENTES CLASIFICADOS COMO RESERVADOS - Administraci\u00f3n del Patrimonio de la Beneficencia P\u00fablica\",\"isPartOf\":{\"@id\":\"https:\/\/apabep.qroo.gob.mx\/#website\"},\"datePublished\":\"2024-08-23T17:29:58+00:00\",\"dateModified\":\"2026-03-25T17:40:33+00:00\",\"breadcrumb\":{\"@id\":\"https:\/\/apabep.qroo.gob.mx\/index.php\/indice-de-expedientes-clasificados-como-reservados\/#breadcrumb\"},\"inLanguage\":\"es\",\"potentialAction\":[{\"@type\":\"ReadAction\",\"target\":[\"https:\/\/apabep.qroo.gob.mx\/index.php\/indice-de-expedientes-clasificados-como-reservados\/\"]}]},{\"@type\":\"BreadcrumbList\",\"@id\":\"https:\/\/apabep.qroo.gob.mx\/index.php\/indice-de-expedientes-clasificados-como-reservados\/#breadcrumb\",\"itemListElement\":[{\"@type\":\"ListItem\",\"position\":1,\"name\":\"Inicio\",\"item\":\"https:\/\/apabep.qroo.gob.mx\/\"},{\"@type\":\"ListItem\",\"position\":2,\"name\":\"\u00cdNDICE DE EXPEDIENTES CLASIFICADOS COMO RESERVADOS\"}]},{\"@type\":\"WebSite\",\"@id\":\"https:\/\/apabep.qroo.gob.mx\/#website\",\"url\":\"https:\/\/apabep.qroo.gob.mx\/\",\"name\":\"Administraci\u00f3n del Patrimonio de la Beneficencia P\u00fablica\",\"description\":\"La Beneficencia otorga beneficios en especie en temas de salud a trav\u00e9s de sus distintos programas asistenciales.\",\"publisher\":{\"@id\":\"https:\/\/apabep.qroo.gob.mx\/#organization\"},\"potentialAction\":[{\"@type\":\"SearchAction\",\"target\":{\"@type\":\"EntryPoint\",\"urlTemplate\":\"https:\/\/apabep.qroo.gob.mx\/?s={search_term_string}\"},\"query-input\":{\"@type\":\"PropertyValueSpecification\",\"valueRequired\":true,\"valueName\":\"search_term_string\"}}],\"inLanguage\":\"es\"},{\"@type\":\"Organization\",\"@id\":\"https:\/\/apabep.qroo.gob.mx\/#organization\",\"name\":\"Administraci\u00f3n del Patrimonio de la Beneficencia P\u00fablica\",\"url\":\"https:\/\/apabep.qroo.gob.mx\/\",\"logo\":{\"@type\":\"ImageObject\",\"inLanguage\":\"es\",\"@id\":\"https:\/\/apabep.qroo.gob.mx\/#\/schema\/logo\/image\/\",\"url\":\"https:\/\/apabep.qroo.gob.mx\/wp-content\/uploads\/2024\/06\/cropped-APABEP.png\",\"contentUrl\":\"https:\/\/apabep.qroo.gob.mx\/wp-content\/uploads\/2024\/06\/cropped-APABEP.png\",\"width\":1752,\"height\":793,\"caption\":\"Administraci\u00f3n del Patrimonio de la Beneficencia P\u00fablica\"},\"image\":{\"@id\":\"https:\/\/apabep.qroo.gob.mx\/#\/schema\/logo\/image\/\"}}]}<\/script>\n<!-- \/ Yoast SEO plugin. -->","yoast_head_json":{"title":"\u00cdNDICE DE EXPEDIENTES CLASIFICADOS COMO RESERVADOS - Administraci\u00f3n del Patrimonio de la Beneficencia P\u00fablica","robots":{"index":"noindex","follow":"follow","max-snippet":"max-snippet:-1","max-image-preview":"max-image-preview:large","max-video-preview":"max-video-preview:-1"},"og_locale":"es_MX","og_type":"article","og_title":"\u00cdNDICE DE EXPEDIENTES CLASIFICADOS COMO RESERVADOS - Administraci\u00f3n del Patrimonio de la Beneficencia P\u00fablica","og_description":"\u00cdndice de expedientes clasificados como reservados 2019 Art\u00edculo 131 1 semestre 2019 Art\u00edculo 131 2 semestre 2019 2020 Art\u00edculo 131 1 semestre 2020 Art\u00edculo 131 2 semestre 2020 2021 Art\u00edculo 131 1 semestre 2021 Art\u00edculo 131 2 semestre 2021 2022 Art\u00edculo 131 1 semestre 2022 Art\u00edculo 131 2 semestre 2022 2023 Art\u00edculo 131 1 Semestre ... Leer m\u00e1s","og_url":"https:\/\/apabep.qroo.gob.mx\/index.php\/indice-de-expedientes-clasificados-como-reservados\/","og_site_name":"Administraci\u00f3n del Patrimonio de la Beneficencia P\u00fablica","article_modified_time":"2026-03-25T17:40:33+00:00","twitter_card":"summary_large_image","twitter_misc":{"Tiempo de lectura":"1 minuto"},"schema":{"@context":"https:\/\/schema.org","@graph":[{"@type":"WebPage","@id":"https:\/\/apabep.qroo.gob.mx\/index.php\/indice-de-expedientes-clasificados-como-reservados\/","url":"https:\/\/apabep.qroo.gob.mx\/index.php\/indice-de-expedientes-clasificados-como-reservados\/","name":"\u00cdNDICE DE EXPEDIENTES CLASIFICADOS COMO RESERVADOS - Administraci\u00f3n del Patrimonio de la Beneficencia P\u00fablica","isPartOf":{"@id":"https:\/\/apabep.qroo.gob.mx\/#website"},"datePublished":"2024-08-23T17:29:58+00:00","dateModified":"2026-03-25T17:40:33+00:00","breadcrumb":{"@id":"https:\/\/apabep.qroo.gob.mx\/index.php\/indice-de-expedientes-clasificados-como-reservados\/#breadcrumb"},"inLanguage":"es","potentialAction":[{"@type":"ReadAction","target":["https:\/\/apabep.qroo.gob.mx\/index.php\/indice-de-expedientes-clasificados-como-reservados\/"]}]},{"@type":"BreadcrumbList","@id":"https:\/\/apabep.qroo.gob.mx\/index.php\/indice-de-expedientes-clasificados-como-reservados\/#breadcrumb","itemListElement":[{"@type":"ListItem","position":1,"name":"Inicio","item":"https:\/\/apabep.qroo.gob.mx\/"},{"@type":"ListItem","position":2,"name":"\u00cdNDICE DE EXPEDIENTES CLASIFICADOS COMO RESERVADOS"}]},{"@type":"WebSite","@id":"https:\/\/apabep.qroo.gob.mx\/#website","url":"https:\/\/apabep.qroo.gob.mx\/","name":"Administraci\u00f3n del Patrimonio de la Beneficencia P\u00fablica","description":"La Beneficencia otorga beneficios en especie en temas de salud a trav\u00e9s de sus distintos programas asistenciales.","publisher":{"@id":"https:\/\/apabep.qroo.gob.mx\/#organization"},"potentialAction":[{"@type":"SearchAction","target":{"@type":"EntryPoint","urlTemplate":"https:\/\/apabep.qroo.gob.mx\/?s={search_term_string}"},"query-input":{"@type":"PropertyValueSpecification","valueRequired":true,"valueName":"search_term_string"}}],"inLanguage":"es"},{"@type":"Organization","@id":"https:\/\/apabep.qroo.gob.mx\/#organization","name":"Administraci\u00f3n del Patrimonio de la Beneficencia P\u00fablica","url":"https:\/\/apabep.qroo.gob.mx\/","logo":{"@type":"ImageObject","inLanguage":"es","@id":"https:\/\/apabep.qroo.gob.mx\/#\/schema\/logo\/image\/","url":"https:\/\/apabep.qroo.gob.mx\/wp-content\/uploads\/2024\/06\/cropped-APABEP.png","contentUrl":"https:\/\/apabep.qroo.gob.mx\/wp-content\/uploads\/2024\/06\/cropped-APABEP.png","width":1752,"height":793,"caption":"Administraci\u00f3n del Patrimonio de la Beneficencia P\u00fablica"},"image":{"@id":"https:\/\/apabep.qroo.gob.mx\/#\/schema\/logo\/image\/"}}]}},"_links":{"self":[{"href":"https:\/\/apabep.qroo.gob.mx\/index.php\/wp-json\/wp\/v2\/pages\/36031","targetHints":{"allow":["GET"]}}],"collection":[{"href":"https:\/\/apabep.qroo.gob.mx\/index.php\/wp-json\/wp\/v2\/pages"}],"about":[{"href":"https:\/\/apabep.qroo.gob.mx\/index.php\/wp-json\/wp\/v2\/types\/page"}],"author":[{"embeddable":true,"href":"https:\/\/apabep.qroo.gob.mx\/index.php\/wp-json\/wp\/v2\/users\/4"}],"replies":[{"embeddable":true,"href":"https:\/\/apabep.qroo.gob.mx\/index.php\/wp-json\/wp\/v2\/comments?post=36031"}],"version-history":[{"count":45,"href":"https:\/\/apabep.qroo.gob.mx\/index.php\/wp-json\/wp\/v2\/pages\/36031\/revisions"}],"predecessor-version":[{"id":37195,"href":"https:\/\/apabep.qroo.gob.mx\/index.php\/wp-json\/wp\/v2\/pages\/36031\/revisions\/37195"}],"wp:attachment":[{"href":"https:\/\/apabep.qroo.gob.mx\/index.php\/wp-json\/wp\/v2\/media?parent=36031"}],"curies":[{"name":"wp","href":"https:\/\/api.w.org\/{rel}","templated":true}]}}