{"id":36084,"date":"2024-08-23T13:19:30","date_gmt":"2024-08-23T18:19:30","guid":{"rendered":"https:\/\/apabep.qroo.gob.mx\/?page_id=36084"},"modified":"2025-05-12T11:32:54","modified_gmt":"2025-05-12T16:32:54","slug":"servicios-de-la-unidad-de-transparencia","status":"publish","type":"page","link":"https:\/\/apabep.qroo.gob.mx\/index.php\/servicios-de-la-unidad-de-transparencia\/","title":{"rendered":"Servicios de la Unidad de Transparencia"},"content":{"rendered":"\t\t<div data-elementor-type=\"wp-page\" data-elementor-id=\"36084\" class=\"elementor elementor-36084\">\n\t\t\t\t<div class=\"elementor-element elementor-element-3a716245 e-flex e-con-boxed e-con e-parent\" data-id=\"3a716245\" data-element_type=\"container\">\n\t\t\t\t\t<div class=\"e-con-inner\">\n\t\t\t\t<div class=\"elementor-element elementor-element-23505fc1 elementor-widget elementor-widget-text-editor\" data-id=\"23505fc1\" data-element_type=\"widget\" data-widget_type=\"text-editor.default\">\n\t\t\t\t<div class=\"elementor-widget-container\">\n\t\t\t\t\t\t\t\t\t\n<p>\u00a0<\/p>\n\n<p class=\"has-medium-font-size\">Formatos de Solicitudes<\/p>\n\n<ul class=\"wp-block-list\">\n<li><a href=\"https:\/\/apabep.qroo.gob.mx\/wp-content\/uploads\/2025\/05\/FORMATO-PARA-SOLICITUD-DE-ACCESO-A-LA-INFORMACION-APABEP.pdf\" target=\"_blank\" rel=\"noopener\">FORMATO PARA SOLICITUD DE ACCESO A LA INFORMACI\u00d3N APABEP<\/a><\/li>\n\n<li><a href=\"https:\/\/apabep.qroo.gob.mx\/wp-content\/uploads\/2025\/05\/FORMATO-PARA-SOLICITUD-DE-DERECHOS-ARCO-DE-LA-APABEP.pdf\" target=\"_blank\" rel=\"noopener\">Solicitud de ejercicio de derechos ARCO<\/a><\/li>\n\n<li><a href=\"https:\/\/apabep.qroo.gob.mx\/wp-content\/uploads\/2025\/05\/Formato-Recurso-de-Revision-para-Solicitudes-de-Acceso-a-la-Informacion-de-la-APABEP.pdf\" target=\"_blank\" rel=\"noopener\">Recurso de revisi\u00f3n de solicitud de acceso a la informaci\u00f3n<\/a><\/li>\n\n<li><a href=\"https:\/\/apabep.qroo.gob.mx\/wp-content\/uploads\/2025\/05\/FORMATO-DE-RECURSO-REVISION-POR-DERECHOS-ARCO-APABEP.pdf\">Recurso de revisi\u00f3n del ejercicio de derechos ARCO<\/a><\/li>\n\n<li><a href=\"https:\/\/apabep.qroo.gob.mx\/wp-content\/uploads\/2025\/05\/Formato-para-denuncia-por-Incumplimiento-a-las-Obligaciones-de-Transparencia-apabep.pdf\" target=\"_blank\" rel=\"noopener\">Denuncia por incumplimiento de las obligaciones de transparencia<\/a><\/li>\n<\/ul>\n\n<p>\u00a0<\/p>\n\t\t\t\t\t\t\t\t<\/div>\n\t\t\t\t<\/div>\n\t\t\t\t\t<\/div>\n\t\t\t\t<\/div>\n\t\t\t\t<\/div>\n\t\t","protected":false},"excerpt":{"rendered":"<p>\u00a0 Formatos de Solicitudes \u00a0<\/p>\n","protected":false},"author":4,"featured_media":0,"parent":0,"menu_order":0,"comment_status":"closed","ping_status":"closed","template":"","meta":{"footnotes":""},"class_list":["post-36084","page","type-page","status-publish"],"yoast_head":"<!-- This site is optimized with the Yoast SEO plugin v25.3 - https:\/\/yoast.com\/wordpress\/plugins\/seo\/ -->\n<title>Servicios de la Unidad de Transparencia - Administraci\u00f3n del Patrimonio de la Beneficencia P\u00fablica<\/title>\n<meta name=\"robots\" content=\"noindex, follow, max-snippet:-1, max-image-preview:large, max-video-preview:-1\" \/>\n<meta property=\"og:locale\" content=\"es_MX\" \/>\n<meta property=\"og:type\" content=\"article\" \/>\n<meta property=\"og:title\" content=\"Servicios de la Unidad de Transparencia - Administraci\u00f3n del Patrimonio de la Beneficencia P\u00fablica\" \/>\n<meta property=\"og:description\" content=\"\u00a0 Formatos de Solicitudes \u00a0\" \/>\n<meta property=\"og:url\" content=\"https:\/\/apabep.qroo.gob.mx\/index.php\/servicios-de-la-unidad-de-transparencia\/\" \/>\n<meta property=\"og:site_name\" content=\"Administraci\u00f3n del Patrimonio de la Beneficencia P\u00fablica\" \/>\n<meta property=\"article:modified_time\" content=\"2025-05-12T16:32:54+00:00\" \/>\n<meta name=\"twitter:card\" content=\"summary_large_image\" \/>\n<meta name=\"twitter:label1\" content=\"Tiempo de lectura\" \/>\n\t<meta name=\"twitter:data1\" content=\"1 minuto\" \/>\n<script type=\"application\/ld+json\" class=\"yoast-schema-graph\">{\"@context\":\"https:\/\/schema.org\",\"@graph\":[{\"@type\":\"WebPage\",\"@id\":\"https:\/\/apabep.qroo.gob.mx\/index.php\/servicios-de-la-unidad-de-transparencia\/\",\"url\":\"https:\/\/apabep.qroo.gob.mx\/index.php\/servicios-de-la-unidad-de-transparencia\/\",\"name\":\"Servicios de la Unidad de Transparencia - Administraci\u00f3n del Patrimonio de la Beneficencia P\u00fablica\",\"isPartOf\":{\"@id\":\"https:\/\/apabep.qroo.gob.mx\/#website\"},\"datePublished\":\"2024-08-23T18:19:30+00:00\",\"dateModified\":\"2025-05-12T16:32:54+00:00\",\"breadcrumb\":{\"@id\":\"https:\/\/apabep.qroo.gob.mx\/index.php\/servicios-de-la-unidad-de-transparencia\/#breadcrumb\"},\"inLanguage\":\"es\",\"potentialAction\":[{\"@type\":\"ReadAction\",\"target\":[\"https:\/\/apabep.qroo.gob.mx\/index.php\/servicios-de-la-unidad-de-transparencia\/\"]}]},{\"@type\":\"BreadcrumbList\",\"@id\":\"https:\/\/apabep.qroo.gob.mx\/index.php\/servicios-de-la-unidad-de-transparencia\/#breadcrumb\",\"itemListElement\":[{\"@type\":\"ListItem\",\"position\":1,\"name\":\"Inicio\",\"item\":\"https:\/\/apabep.qroo.gob.mx\/\"},{\"@type\":\"ListItem\",\"position\":2,\"name\":\"Servicios de la Unidad de Transparencia\"}]},{\"@type\":\"WebSite\",\"@id\":\"https:\/\/apabep.qroo.gob.mx\/#website\",\"url\":\"https:\/\/apabep.qroo.gob.mx\/\",\"name\":\"Administraci\u00f3n del Patrimonio de la Beneficencia P\u00fablica\",\"description\":\"La Beneficencia otorga beneficios en especie en temas de salud a trav\u00e9s de sus distintos programas asistenciales.\",\"publisher\":{\"@id\":\"https:\/\/apabep.qroo.gob.mx\/#organization\"},\"potentialAction\":[{\"@type\":\"SearchAction\",\"target\":{\"@type\":\"EntryPoint\",\"urlTemplate\":\"https:\/\/apabep.qroo.gob.mx\/?s={search_term_string}\"},\"query-input\":{\"@type\":\"PropertyValueSpecification\",\"valueRequired\":true,\"valueName\":\"search_term_string\"}}],\"inLanguage\":\"es\"},{\"@type\":\"Organization\",\"@id\":\"https:\/\/apabep.qroo.gob.mx\/#organization\",\"name\":\"Administraci\u00f3n del Patrimonio de la Beneficencia P\u00fablica\",\"url\":\"https:\/\/apabep.qroo.gob.mx\/\",\"logo\":{\"@type\":\"ImageObject\",\"inLanguage\":\"es\",\"@id\":\"https:\/\/apabep.qroo.gob.mx\/#\/schema\/logo\/image\/\",\"url\":\"https:\/\/apabep.qroo.gob.mx\/wp-content\/uploads\/2024\/06\/cropped-APABEP.png\",\"contentUrl\":\"https:\/\/apabep.qroo.gob.mx\/wp-content\/uploads\/2024\/06\/cropped-APABEP.png\",\"width\":1752,\"height\":793,\"caption\":\"Administraci\u00f3n del Patrimonio de la Beneficencia P\u00fablica\"},\"image\":{\"@id\":\"https:\/\/apabep.qroo.gob.mx\/#\/schema\/logo\/image\/\"}}]}<\/script>\n<!-- \/ Yoast SEO plugin. -->","yoast_head_json":{"title":"Servicios de la Unidad de Transparencia - Administraci\u00f3n del Patrimonio de la Beneficencia P\u00fablica","robots":{"index":"noindex","follow":"follow","max-snippet":"max-snippet:-1","max-image-preview":"max-image-preview:large","max-video-preview":"max-video-preview:-1"},"og_locale":"es_MX","og_type":"article","og_title":"Servicios de la Unidad de Transparencia - Administraci\u00f3n del Patrimonio de la Beneficencia P\u00fablica","og_description":"\u00a0 Formatos de Solicitudes \u00a0","og_url":"https:\/\/apabep.qroo.gob.mx\/index.php\/servicios-de-la-unidad-de-transparencia\/","og_site_name":"Administraci\u00f3n del Patrimonio de la Beneficencia P\u00fablica","article_modified_time":"2025-05-12T16:32:54+00:00","twitter_card":"summary_large_image","twitter_misc":{"Tiempo de lectura":"1 minuto"},"schema":{"@context":"https:\/\/schema.org","@graph":[{"@type":"WebPage","@id":"https:\/\/apabep.qroo.gob.mx\/index.php\/servicios-de-la-unidad-de-transparencia\/","url":"https:\/\/apabep.qroo.gob.mx\/index.php\/servicios-de-la-unidad-de-transparencia\/","name":"Servicios de la Unidad de Transparencia - Administraci\u00f3n del Patrimonio de la Beneficencia P\u00fablica","isPartOf":{"@id":"https:\/\/apabep.qroo.gob.mx\/#website"},"datePublished":"2024-08-23T18:19:30+00:00","dateModified":"2025-05-12T16:32:54+00:00","breadcrumb":{"@id":"https:\/\/apabep.qroo.gob.mx\/index.php\/servicios-de-la-unidad-de-transparencia\/#breadcrumb"},"inLanguage":"es","potentialAction":[{"@type":"ReadAction","target":["https:\/\/apabep.qroo.gob.mx\/index.php\/servicios-de-la-unidad-de-transparencia\/"]}]},{"@type":"BreadcrumbList","@id":"https:\/\/apabep.qroo.gob.mx\/index.php\/servicios-de-la-unidad-de-transparencia\/#breadcrumb","itemListElement":[{"@type":"ListItem","position":1,"name":"Inicio","item":"https:\/\/apabep.qroo.gob.mx\/"},{"@type":"ListItem","position":2,"name":"Servicios de la Unidad de Transparencia"}]},{"@type":"WebSite","@id":"https:\/\/apabep.qroo.gob.mx\/#website","url":"https:\/\/apabep.qroo.gob.mx\/","name":"Administraci\u00f3n del Patrimonio de la Beneficencia P\u00fablica","description":"La Beneficencia otorga beneficios en especie en temas de salud a trav\u00e9s de sus distintos programas asistenciales.","publisher":{"@id":"https:\/\/apabep.qroo.gob.mx\/#organization"},"potentialAction":[{"@type":"SearchAction","target":{"@type":"EntryPoint","urlTemplate":"https:\/\/apabep.qroo.gob.mx\/?s={search_term_string}"},"query-input":{"@type":"PropertyValueSpecification","valueRequired":true,"valueName":"search_term_string"}}],"inLanguage":"es"},{"@type":"Organization","@id":"https:\/\/apabep.qroo.gob.mx\/#organization","name":"Administraci\u00f3n del Patrimonio de la Beneficencia P\u00fablica","url":"https:\/\/apabep.qroo.gob.mx\/","logo":{"@type":"ImageObject","inLanguage":"es","@id":"https:\/\/apabep.qroo.gob.mx\/#\/schema\/logo\/image\/","url":"https:\/\/apabep.qroo.gob.mx\/wp-content\/uploads\/2024\/06\/cropped-APABEP.png","contentUrl":"https:\/\/apabep.qroo.gob.mx\/wp-content\/uploads\/2024\/06\/cropped-APABEP.png","width":1752,"height":793,"caption":"Administraci\u00f3n del Patrimonio de la Beneficencia P\u00fablica"},"image":{"@id":"https:\/\/apabep.qroo.gob.mx\/#\/schema\/logo\/image\/"}}]}},"_links":{"self":[{"href":"https:\/\/apabep.qroo.gob.mx\/index.php\/wp-json\/wp\/v2\/pages\/36084","targetHints":{"allow":["GET"]}}],"collection":[{"href":"https:\/\/apabep.qroo.gob.mx\/index.php\/wp-json\/wp\/v2\/pages"}],"about":[{"href":"https:\/\/apabep.qroo.gob.mx\/index.php\/wp-json\/wp\/v2\/types\/page"}],"author":[{"embeddable":true,"href":"https:\/\/apabep.qroo.gob.mx\/index.php\/wp-json\/wp\/v2\/users\/4"}],"replies":[{"embeddable":true,"href":"https:\/\/apabep.qroo.gob.mx\/index.php\/wp-json\/wp\/v2\/comments?post=36084"}],"version-history":[{"count":14,"href":"https:\/\/apabep.qroo.gob.mx\/index.php\/wp-json\/wp\/v2\/pages\/36084\/revisions"}],"predecessor-version":[{"id":36806,"href":"https:\/\/apabep.qroo.gob.mx\/index.php\/wp-json\/wp\/v2\/pages\/36084\/revisions\/36806"}],"wp:attachment":[{"href":"https:\/\/apabep.qroo.gob.mx\/index.php\/wp-json\/wp\/v2\/media?parent=36084"}],"curies":[{"name":"wp","href":"https:\/\/api.w.org\/{rel}","templated":true}]}}