{"id":36192,"date":"2024-08-26T12:56:57","date_gmt":"2024-08-26T17:56:57","guid":{"rendered":"https:\/\/apabep.qroo.gob.mx\/?page_id=36192"},"modified":"2026-04-28T22:05:43","modified_gmt":"2026-04-29T03:05:43","slug":"control-interno-institucional-2","status":"publish","type":"page","link":"https:\/\/apabep.qroo.gob.mx\/index.php\/control-interno-institucional-2\/","title":{"rendered":"Control Interno Institucional"},"content":{"rendered":"\t\t<div data-elementor-type=\"wp-page\" data-elementor-id=\"36192\" class=\"elementor elementor-36192\">\n\t\t\t\t<div class=\"elementor-element elementor-element-1fe65184 e-con-full e-flex e-con e-parent\" data-id=\"1fe65184\" data-element_type=\"container\">\n\t\t\t\t<div class=\"elementor-element elementor-element-30f2d660 elementor-widget elementor-widget-text-editor\" data-id=\"30f2d660\" data-element_type=\"widget\" data-widget_type=\"text-editor.default\">\n\t\t\t\t<div class=\"elementor-widget-container\">\n\t\t\t\t\t\t\t\t\t\n<figure class=\"wp-block-table is-style-stripes\">\n<h3 class=\"js-quickedit-page-title title page-title\"><strong><span class=\"field field--name-title field--type-string field--label-hidden\">MARCO NORMATIVO CONTROL INTERNO<\/span><\/strong><\/h3>\n<ul>\n<li style=\"list-style-type: none;\">\n<ul>\n<li><a href=\"https:\/\/apabep.qroo.gob.mx\/wp-content\/uploads\/2024\/08\/Marco-Integrado-de-Control-Interno.pdf\" target=\"_blank\" rel=\"noopener\">Marco Integrado de Control Interno<\/a><\/li>\n<li><a href=\"https:\/\/apabep.qroo.gob.mx\/wp-content\/uploads\/2024\/08\/Acuerdo-por-el-que-se-emiten-las-Normas-Generales-de-Control-Interno-de-la-Administracion-Publica-Central-y-Paraestatal-del-Estado-de-Quintana-Roo.pdf\" target=\"_blank\" rel=\"noopener\">Acuerdo por el que se emiten las Normas Generales de Control Interno de la Administraci\u00f3n P\u00fablica Central y Paraestatal del Estado de Quintana Roo.<\/a><\/li>\n<li><a href=\"https:\/\/apabep.qroo.gob.mx\/wp-content\/uploads\/2024\/08\/Acuerdo-por-el-cual-se-emiten-los-Lineamientos-para-la-Integracion-y-Funcionamiento-de-los-Comites-de-Control-y-Desempeno-Institucional.pdf\" target=\"_blank\" rel=\"noopener\">Acuerdo por el cual se emiten los Lineamientos para la Integraci\u00f3n y Funcionamiento de los Comit\u00e9s de Control y Desempe\u00f1o Institucional<\/a><\/li>\n<li><a href=\"https:\/\/apabep.qroo.gob.mx\/wp-content\/uploads\/2024\/08\/Acuerdo-por-el-que-se-emiten-las-Politicas-de-Administracion-de-Riesgos-y-los-Lineamientos-de-la-Metodologia-para-la-Identificacion-y-Evaluacion-de-Riesgos.pdf\" target=\"_blank\" rel=\"noopener\">Acuerdo por el que se emiten las Pol\u00edticas de Administraci\u00f3n de Riesgos y los Lineamientos de la Metodolog\u00eda para la Identificaci\u00f3n y Evaluaci\u00f3n de Riesgos<\/a><\/li>\n<li><a href=\"https:\/\/apabep.qroo.gob.mx\/wp-content\/uploads\/2024\/08\/Acuerdo-por-el-que-se-emite-la-Metodologia-para-determinar-el-Estado-que-Guarda-el-Sistema-de-Control-Interno-Institucional-y-los-Lineamientos.pdf\" target=\"_blank\" rel=\"noopener\">Acuerdo por el que se emite la Metodolog\u00eda para determinar el Estado que Guarda el Sistema de Control Interno Institucional y los Lineamientos para la Elaboraci\u00f3n y Presentaci\u00f3n de su Informe.<br \/><\/a><\/li>\n<li><a href=\"https:\/\/apabep.qroo.gob.mx\/wp-content\/uploads\/2024\/08\/Acuerdo-por-el-que-se-emite-la-Estrategia-de-Capacitacion-en-Materia-de-Control-Interno-y-Riesgos-para-la-Administracion-Publica.pdf\" target=\"_blank\" rel=\"noopener\">Acuerdo por el que se emite la Estrategia de Capacitaci\u00f3n en Materia de Control Interno y Riesgos para la Administraci\u00f3n P\u00fablica<\/a><\/li>\n<li><a href=\"https:\/\/drive.google.com\/file\/d\/1qQnwemuoglIfj6Prx5-rH-KiiM4CrQEr\/view?usp=sharing\" target=\"_blank\" rel=\"noopener\">Acuerdo por el que se emite la Metodolog\u00eda de Evaluaci\u00f3n del Sistema de Control Interno Institucional y los Lineamientos para la Elaboraci\u00f3n y Presentaci\u00f3n del Informe Anual del Estado que Guarda el Sistema de Control Interno Institucional, para la Administraci\u00f3n P\u00fablica Central y Paraestatal del Estado de Quintana Roo.<\/a><\/li>\n<\/ul>\n<\/li>\n<\/ul>\n<h3><strong>ACTAS DE\u00a0 SESIONES DEL COMIT\u00c9 DE CONTROL INTERNO Y DESEMPE\u00d1O INSTITUCIONAL (COCODI)<\/strong><\/h3>\n<table>\n<tbody>\n<tr>\n<td><strong>2020<\/strong><\/td>\n<td><br \/>\n<ul>\n<li><a href=\"https:\/\/apabep.qroo.gob.mx\/wp-content\/uploads\/2024\/08\/ACTA-INSTALACION-COCODI-SSA-07-FEB-2020.pdf\" target=\"_blank\" rel=\"noopener\">ACTA INSTALACI\u00d3N COCODI SSA 07-FEB-2020\u00a0 \u00a0 \u00a0 \u00a0 \u00a0 \u00a0&#8211; INSTALACI\u00d3N &#8211;<\/a><\/li>\n<li><a href=\"https:\/\/apabep.qroo.gob.mx\/wp-content\/uploads\/2024\/08\/ACTA-SEGUNDA-SESION-ORDINARIA-COCODI-SSA-17-nov-2020.pdf\" target=\"_blank\" rel=\"noopener\">ACTA SEGUNDA SESI\u00d3N ORDINARIA COCODI SSA 17 nov 2020<\/a><\/li>\n<li><a href=\"https:\/\/apabep.qroo.gob.mx\/wp-content\/uploads\/2024\/08\/ACTA-TERCERA-y-CUARTA-SESION-COCODI-SSA.pdf\" target=\"_blank\" rel=\"noopener\">ACTA TERCERA y CUARTA SESI\u00d3N COCODI SSA<\/a><\/li>\n<\/ul>\n<\/td>\n<\/tr>\n<tr>\n<td><strong>2021<\/strong><\/td>\n<td>\n<ul>\n<li><a href=\"https:\/\/apabep.qroo.gob.mx\/wp-content\/uploads\/2024\/08\/Acta-COCODI-1a-Sesion-Ordinaria-SSA.pdf\" target=\"_blank\" rel=\"noopener\">Acta COCODI 1a Sesi\u00f3n Ordinaria SSA<\/a><\/li>\n<li><a href=\"https:\/\/apabep.qroo.gob.mx\/wp-content\/uploads\/2024\/08\/Acta-COCODI-1a-Extraordinaria-SSA.pdf\" target=\"_blank\" rel=\"noopener\">Acta COCODI 1a Extraordinaria SSA<\/a><\/li>\n<li><a href=\"https:\/\/apabep.qroo.gob.mx\/wp-content\/uploads\/2024\/08\/Acta-COCODI-2a-Sesion-Ordianaria-SSA.pdf\" target=\"_blank\" rel=\"noopener\">Acta COCODI 2a Sesi\u00f3n Ordianaria SSA<\/a><\/li>\n<li><a href=\"https:\/\/apabep.qroo.gob.mx\/wp-content\/uploads\/2024\/08\/Acta-COCODI-3a-Sesion-Ordianaria-SSA.pdf\" target=\"_blank\" rel=\"noopener\">Acta COCODI 3a Sesi\u00f3n Ordianaria SSA<\/a><\/li>\n<li><a href=\"https:\/\/apabep.qroo.gob.mx\/wp-content\/uploads\/2024\/08\/Acta-COCODI-4a-SESION-SSA.pdf\" target=\"_blank\" rel=\"noopener\">Acta COCODI 4a SESI\u00d3N SSA<\/a><\/li>\n<\/ul>\n<\/td>\n<\/tr>\n<tr>\n<td><strong>2022<\/strong><\/td>\n<td>\n<ul>\n<li><a href=\"https:\/\/apabep.qroo.gob.mx\/wp-content\/uploads\/2024\/08\/Acta-1a-Sesion-Ordinaria-COCODI-SSA-2022.pdf\" target=\"_blank\" rel=\"noopener\">Acta 1a Sesi\u00f3n Ordinaria COCODI SSA 2022<\/a><\/li>\n<li><a href=\"https:\/\/apabep.qroo.gob.mx\/wp-content\/uploads\/2024\/08\/Acta-1a-Sesion-extraordinaria-COCODI-SSA.pdf\" target=\"_blank\" rel=\"noopener\">Acta 1a Sesi\u00f3n extraordinaria COCODI SSA<\/a><\/li>\n<li><a href=\"https:\/\/apabep.qroo.gob.mx\/wp-content\/uploads\/2024\/08\/Acta-2a-Sesion-Ordinaria-COCODI-2022-SSA.pdf\" target=\"_blank\" rel=\"noopener\">Acta 2a Sesi\u00f3n Ordinaria COCODI 2022 SSA<\/a><\/li>\n<li><a href=\"https:\/\/apabep.qroo.gob.mx\/wp-content\/uploads\/2024\/08\/Acta-2\u00b0-Sesion-Extraordinaria-COCODI-SSA-2022.pdf\" target=\"_blank\" rel=\"noopener\">Acta 2\u00b0 Sesi\u00f3n Extraordinaria COCODI SSA 2022<\/a><\/li>\n<li><a href=\"https:\/\/apabep.qroo.gob.mx\/wp-content\/uploads\/2024\/08\/Acta-3a.-Sesion-Ordinaria-COCODI-2022-SSA.pdf\" target=\"_blank\" rel=\"noopener\">Acta 3a. Sesi\u00f3n Ordinaria COCODI 2022 SSA<\/a><\/li>\n<li><a href=\"https:\/\/apabep.qroo.gob.mx\/wp-content\/uploads\/2024\/08\/Acta-de-Reinstalacion-y-4ta-Ses-Ord-COCODI.pdf\" target=\"_blank\" rel=\"noopener\">Acta de Reinstalaci\u00f3n y 4ta Ses Ord COCODI\u00a0 \u00a0 \u00a0 \u00a0 \u00a0 &#8211; REINSTALACI\u00d3N &#8211;<\/a><\/li>\n<\/ul>\n<\/td>\n<\/tr>\n<tr>\n<td><strong>2023<\/strong><\/td>\n<td>\n<ul>\n<li><a href=\"https:\/\/apabep.qroo.gob.mx\/wp-content\/uploads\/2024\/08\/Acta-1a-Sesion-Ordinaria-COCODI-SSA-2023.pdf\" target=\"_blank\" rel=\"noopener\">Acta 1a Sesi\u00f3n Ordinaria COCODI SSA 2023<\/a><\/li>\n<li><a href=\"https:\/\/apabep.qroo.gob.mx\/wp-content\/uploads\/2024\/08\/Acta-1era-Sesion-Extraordinaria-COCODI-SSA-2023.pdf\" target=\"_blank\" rel=\"noopener\">Acta 1era Sesi\u00f3n Extraordinaria COCODI SSA 2023<\/a><\/li>\n<li><a href=\"https:\/\/apabep.qroo.gob.mx\/wp-content\/uploads\/2024\/08\/Acta-2da-Sesion-Ordinaria-COCODI-2023-SSA-2023.pdf\" target=\"_blank\" rel=\"noopener\">Acta 2da Sesi\u00f3n Ordinaria COCODI 2023 SSA 2023<\/a><\/li>\n<li><a href=\"https:\/\/apabep.qroo.gob.mx\/wp-content\/uploads\/2024\/08\/Acta-3era-Sesion-Ordinaria-COCODI-SSA-2023.pdf\" target=\"_blank\" rel=\"noopener\">Acta 3era Sesi\u00f3n Ordinaria COCODI SSA 2023<\/a><\/li>\n<li><a href=\"https:\/\/apabep.qroo.gob.mx\/wp-content\/uploads\/2024\/08\/Acta-4ta-Sesion-Ordinaria-COCODI-2023_SSA.pdf\" target=\"_blank\" rel=\"noopener\">Acta 4ta Sesi\u00f3n Ordinaria COCODI 2023_SSA<\/a><\/li>\n<\/ul>\n<\/td>\n<\/tr>\n<tr>\n<td><strong>2024<\/strong><\/td>\n<td>\n<ul>\n<li><a href=\"https:\/\/apabep.qroo.gob.mx\/wp-content\/uploads\/2024\/08\/1.-Acta-1ra-Ses-Ord-COCODI_-Sec-Salud-17-de-enero-2024-1a-parte.pdf\" target=\"_blank\" rel=\"noopener\">1. Acta 1ra Ses Ord COCODI_ Sec Salud 17 de enero 2024 1a parte<\/a><\/li>\n<li><a href=\"https:\/\/apabep.qroo.gob.mx\/wp-content\/uploads\/2024\/08\/1.-Acta-1ra-Ses-Ord-COCODI_-Sec-Salud-17-de-enero-2024-2a-parte.pdf\" target=\"_blank\" rel=\"noopener\">1. Acta 1ra Ses Ord COCODI_ Sec Salud 17 de enero 2024 2a parte<\/a><\/li>\n<li><a href=\"https:\/\/apabep.qroo.gob.mx\/wp-content\/uploads\/2024\/08\/3.-Acta-1ra-Ses-Extr-COCODI_Secretaria-de-Salud_22-de-febrero-de-2024.pdf\" target=\"_blank\" rel=\"noopener\">3. Acta 1ra Ses Extr COCODI_Secretaria de Salud_22 de febrero de 2024<\/a><\/li>\n<li><a href=\"https:\/\/apabep.qroo.gob.mx\/wp-content\/uploads\/2024\/08\/3.-Acta-2da-Ses-Ord-COCODI_Secretaria-de-Salud_17-de-abril-de-2024.pdf\" target=\"_blank\" rel=\"noopener\">3. Acta 2da Ses Ord COCODI_Secretar\u00eda de Salud_17 de abril de 2024<\/a><\/li>\n<li><a href=\"https:\/\/apabep.qroo.gob.mx\/wp-content\/uploads\/2024\/08\/4.-Acta-2da-Ses-Extr-COCODI_Secretaria-de-Salud_24-de-mayo-de2024-2.pdf\" target=\"_blank\" rel=\"noopener\">4. Acta 2da Ses Extr COCODI_Secretar\u00eda de Salud_24 de mayo de2024<\/a><\/li>\n<\/ul>\n<\/td>\n<\/tr>\n<tr>\n<td><strong>2025<\/strong><\/td>\n<td>\n<ul>\n<li><a href=\"https:\/\/drive.google.com\/file\/d\/1wQ9JBh0vfnx4wtsttZPrRyCWdTiujd-Z\/view?usp=drive_link\" target=\"_blank\" rel=\"noopener\">Acta 1ra Sesi\u00f3n Ordinaria COCODI 31 de enero de 2025<\/a><\/li>\n<li><a href=\"https:\/\/drive.google.com\/file\/d\/1KxESGA7GOWntwB3DynP3f9GNtU5PbEeB\/view?usp=sharing\" target=\"_blank\" rel=\"noopener\">Acta 2da Sesi\u00f3n Ordinaria COCODI 20 de mayo de 2025<\/a><\/li>\n<li><a href=\"https:\/\/drive.google.com\/file\/d\/1kpl76I-pp0LOYZUxzZlb8HCmquAOYskr\/view?usp=sharing\" target=\"_blank\" rel=\"noopener\">Acta 1ra Sesi\u00f3n Extraordinaria COCODI 2025 10 de julio de 2025<\/a><\/li>\n<li><a href=\"https:\/\/drive.google.com\/file\/d\/1gd3L2yZ4BnPXmDeV8HK5BA75lYjRHsn-\/view?usp=sharing\" target=\"_blank\" rel=\"noopener\">Acta 3era Sesi\u00f3n Ordinaria COCODI 24 de julio de 2025<\/a><\/li>\n<li><a href=\"https:\/\/drive.google.com\/file\/d\/1eQaDsle94WcXCozrdO2mfhcoTfYydszr\/view?usp=sharing\" target=\"_blank\" rel=\"noopener\">Acta 4ta Sesi\u00f3n Ordinaria COCODI 07 de noviembre de 2025<\/a><\/li>\n<\/ul>\n<\/td>\n<\/tr>\n<tr>\n<td><strong>2026<\/strong><\/td>\n<td>\n<ul>\n<li><a href=\"https:\/\/apabep.qroo.gob.mx\/wp-content\/uploads\/2026\/04\/Acta-1a-Sesion-Extraordinaria-COCODI-12-de-febrero-de-2026.pdf\">Acta 1a Sesi\u00f3n Extraordinaria COCODI 12 de febrero de 2026<\/a><\/li>\n<\/ul>\n<\/td>\n<\/tr>\n<\/tbody>\n<\/table>\n<\/figure>\n<p><\/p>\n<p>\u00a0<\/p>\n\t\t\t\t\t\t\t\t<\/div>\n\t\t\t\t<\/div>\n\t\t\t\t<\/div>\n\t\t\t\t<\/div>\n\t\t","protected":false},"excerpt":{"rendered":"<p>MARCO NORMATIVO CONTROL INTERNO Marco Integrado de Control Interno Acuerdo por el que se emiten las Normas Generales de Control Interno de la Administraci\u00f3n P\u00fablica Central y Paraestatal del Estado de Quintana Roo. Acuerdo por el cual se emiten los Lineamientos para la Integraci\u00f3n y Funcionamiento de los Comit\u00e9s de Control y Desempe\u00f1o Institucional Acuerdo &#8230; <a title=\"Control Interno Institucional\" class=\"read-more\" href=\"https:\/\/apabep.qroo.gob.mx\/index.php\/control-interno-institucional-2\/\" aria-label=\"Leer m\u00e1s sobre Control Interno Institucional\">Leer m\u00e1s<\/a><\/p>\n","protected":false},"author":4,"featured_media":0,"parent":0,"menu_order":0,"comment_status":"closed","ping_status":"closed","template":"","meta":{"footnotes":""},"class_list":["post-36192","page","type-page","status-publish"],"yoast_head":"<!-- This site is optimized with the Yoast SEO plugin v25.3 - https:\/\/yoast.com\/wordpress\/plugins\/seo\/ -->\n<title>Control Interno Institucional - Administraci\u00f3n del Patrimonio de la Beneficencia P\u00fablica<\/title>\n<meta name=\"robots\" content=\"noindex, follow, max-snippet:-1, max-image-preview:large, max-video-preview:-1\" \/>\n<meta property=\"og:locale\" content=\"es_MX\" \/>\n<meta property=\"og:type\" content=\"article\" \/>\n<meta property=\"og:title\" content=\"Control Interno Institucional - Administraci\u00f3n del Patrimonio de la Beneficencia P\u00fablica\" \/>\n<meta property=\"og:description\" content=\"MARCO NORMATIVO CONTROL INTERNO Marco Integrado de Control Interno Acuerdo por el que se emiten las Normas Generales de Control Interno de la Administraci\u00f3n P\u00fablica Central y Paraestatal del Estado de Quintana Roo. Acuerdo por el cual se emiten los Lineamientos para la Integraci\u00f3n y Funcionamiento de los Comit\u00e9s de Control y Desempe\u00f1o Institucional Acuerdo ... Leer m\u00e1s\" \/>\n<meta property=\"og:url\" content=\"https:\/\/apabep.qroo.gob.mx\/index.php\/control-interno-institucional-2\/\" \/>\n<meta property=\"og:site_name\" content=\"Administraci\u00f3n del Patrimonio de la Beneficencia P\u00fablica\" \/>\n<meta property=\"article:modified_time\" content=\"2026-04-29T03:05:43+00:00\" \/>\n<meta name=\"twitter:card\" content=\"summary_large_image\" \/>\n<meta name=\"twitter:label1\" content=\"Tiempo de lectura\" \/>\n\t<meta name=\"twitter:data1\" content=\"3 minutos\" \/>\n<script type=\"application\/ld+json\" class=\"yoast-schema-graph\">{\"@context\":\"https:\/\/schema.org\",\"@graph\":[{\"@type\":\"WebPage\",\"@id\":\"https:\/\/apabep.qroo.gob.mx\/index.php\/control-interno-institucional-2\/\",\"url\":\"https:\/\/apabep.qroo.gob.mx\/index.php\/control-interno-institucional-2\/\",\"name\":\"Control Interno Institucional - Administraci\u00f3n del Patrimonio de la Beneficencia P\u00fablica\",\"isPartOf\":{\"@id\":\"https:\/\/apabep.qroo.gob.mx\/#website\"},\"datePublished\":\"2024-08-26T17:56:57+00:00\",\"dateModified\":\"2026-04-29T03:05:43+00:00\",\"breadcrumb\":{\"@id\":\"https:\/\/apabep.qroo.gob.mx\/index.php\/control-interno-institucional-2\/#breadcrumb\"},\"inLanguage\":\"es\",\"potentialAction\":[{\"@type\":\"ReadAction\",\"target\":[\"https:\/\/apabep.qroo.gob.mx\/index.php\/control-interno-institucional-2\/\"]}]},{\"@type\":\"BreadcrumbList\",\"@id\":\"https:\/\/apabep.qroo.gob.mx\/index.php\/control-interno-institucional-2\/#breadcrumb\",\"itemListElement\":[{\"@type\":\"ListItem\",\"position\":1,\"name\":\"Inicio\",\"item\":\"https:\/\/apabep.qroo.gob.mx\/\"},{\"@type\":\"ListItem\",\"position\":2,\"name\":\"Control Interno Institucional\"}]},{\"@type\":\"WebSite\",\"@id\":\"https:\/\/apabep.qroo.gob.mx\/#website\",\"url\":\"https:\/\/apabep.qroo.gob.mx\/\",\"name\":\"Administraci\u00f3n del Patrimonio de la Beneficencia P\u00fablica\",\"description\":\"La Beneficencia otorga beneficios en especie en temas de salud a trav\u00e9s de sus distintos programas asistenciales.\",\"publisher\":{\"@id\":\"https:\/\/apabep.qroo.gob.mx\/#organization\"},\"potentialAction\":[{\"@type\":\"SearchAction\",\"target\":{\"@type\":\"EntryPoint\",\"urlTemplate\":\"https:\/\/apabep.qroo.gob.mx\/?s={search_term_string}\"},\"query-input\":{\"@type\":\"PropertyValueSpecification\",\"valueRequired\":true,\"valueName\":\"search_term_string\"}}],\"inLanguage\":\"es\"},{\"@type\":\"Organization\",\"@id\":\"https:\/\/apabep.qroo.gob.mx\/#organization\",\"name\":\"Administraci\u00f3n del Patrimonio de la Beneficencia P\u00fablica\",\"url\":\"https:\/\/apabep.qroo.gob.mx\/\",\"logo\":{\"@type\":\"ImageObject\",\"inLanguage\":\"es\",\"@id\":\"https:\/\/apabep.qroo.gob.mx\/#\/schema\/logo\/image\/\",\"url\":\"https:\/\/apabep.qroo.gob.mx\/wp-content\/uploads\/2024\/06\/cropped-APABEP.png\",\"contentUrl\":\"https:\/\/apabep.qroo.gob.mx\/wp-content\/uploads\/2024\/06\/cropped-APABEP.png\",\"width\":1752,\"height\":793,\"caption\":\"Administraci\u00f3n del Patrimonio de la Beneficencia P\u00fablica\"},\"image\":{\"@id\":\"https:\/\/apabep.qroo.gob.mx\/#\/schema\/logo\/image\/\"}}]}<\/script>\n<!-- \/ Yoast SEO plugin. -->","yoast_head_json":{"title":"Control Interno Institucional - Administraci\u00f3n del Patrimonio de la Beneficencia P\u00fablica","robots":{"index":"noindex","follow":"follow","max-snippet":"max-snippet:-1","max-image-preview":"max-image-preview:large","max-video-preview":"max-video-preview:-1"},"og_locale":"es_MX","og_type":"article","og_title":"Control Interno Institucional - Administraci\u00f3n del Patrimonio de la Beneficencia P\u00fablica","og_description":"MARCO NORMATIVO CONTROL INTERNO Marco Integrado de Control Interno Acuerdo por el que se emiten las Normas Generales de Control Interno de la Administraci\u00f3n P\u00fablica Central y Paraestatal del Estado de Quintana Roo. Acuerdo por el cual se emiten los Lineamientos para la Integraci\u00f3n y Funcionamiento de los Comit\u00e9s de Control y Desempe\u00f1o Institucional Acuerdo ... Leer m\u00e1s","og_url":"https:\/\/apabep.qroo.gob.mx\/index.php\/control-interno-institucional-2\/","og_site_name":"Administraci\u00f3n del Patrimonio de la Beneficencia P\u00fablica","article_modified_time":"2026-04-29T03:05:43+00:00","twitter_card":"summary_large_image","twitter_misc":{"Tiempo de lectura":"3 minutos"},"schema":{"@context":"https:\/\/schema.org","@graph":[{"@type":"WebPage","@id":"https:\/\/apabep.qroo.gob.mx\/index.php\/control-interno-institucional-2\/","url":"https:\/\/apabep.qroo.gob.mx\/index.php\/control-interno-institucional-2\/","name":"Control Interno Institucional - Administraci\u00f3n del Patrimonio de la Beneficencia P\u00fablica","isPartOf":{"@id":"https:\/\/apabep.qroo.gob.mx\/#website"},"datePublished":"2024-08-26T17:56:57+00:00","dateModified":"2026-04-29T03:05:43+00:00","breadcrumb":{"@id":"https:\/\/apabep.qroo.gob.mx\/index.php\/control-interno-institucional-2\/#breadcrumb"},"inLanguage":"es","potentialAction":[{"@type":"ReadAction","target":["https:\/\/apabep.qroo.gob.mx\/index.php\/control-interno-institucional-2\/"]}]},{"@type":"BreadcrumbList","@id":"https:\/\/apabep.qroo.gob.mx\/index.php\/control-interno-institucional-2\/#breadcrumb","itemListElement":[{"@type":"ListItem","position":1,"name":"Inicio","item":"https:\/\/apabep.qroo.gob.mx\/"},{"@type":"ListItem","position":2,"name":"Control Interno Institucional"}]},{"@type":"WebSite","@id":"https:\/\/apabep.qroo.gob.mx\/#website","url":"https:\/\/apabep.qroo.gob.mx\/","name":"Administraci\u00f3n del Patrimonio de la Beneficencia P\u00fablica","description":"La Beneficencia otorga beneficios en especie en temas de salud a trav\u00e9s de sus distintos programas asistenciales.","publisher":{"@id":"https:\/\/apabep.qroo.gob.mx\/#organization"},"potentialAction":[{"@type":"SearchAction","target":{"@type":"EntryPoint","urlTemplate":"https:\/\/apabep.qroo.gob.mx\/?s={search_term_string}"},"query-input":{"@type":"PropertyValueSpecification","valueRequired":true,"valueName":"search_term_string"}}],"inLanguage":"es"},{"@type":"Organization","@id":"https:\/\/apabep.qroo.gob.mx\/#organization","name":"Administraci\u00f3n del Patrimonio de la Beneficencia P\u00fablica","url":"https:\/\/apabep.qroo.gob.mx\/","logo":{"@type":"ImageObject","inLanguage":"es","@id":"https:\/\/apabep.qroo.gob.mx\/#\/schema\/logo\/image\/","url":"https:\/\/apabep.qroo.gob.mx\/wp-content\/uploads\/2024\/06\/cropped-APABEP.png","contentUrl":"https:\/\/apabep.qroo.gob.mx\/wp-content\/uploads\/2024\/06\/cropped-APABEP.png","width":1752,"height":793,"caption":"Administraci\u00f3n del Patrimonio de la Beneficencia P\u00fablica"},"image":{"@id":"https:\/\/apabep.qroo.gob.mx\/#\/schema\/logo\/image\/"}}]}},"_links":{"self":[{"href":"https:\/\/apabep.qroo.gob.mx\/index.php\/wp-json\/wp\/v2\/pages\/36192","targetHints":{"allow":["GET"]}}],"collection":[{"href":"https:\/\/apabep.qroo.gob.mx\/index.php\/wp-json\/wp\/v2\/pages"}],"about":[{"href":"https:\/\/apabep.qroo.gob.mx\/index.php\/wp-json\/wp\/v2\/types\/page"}],"author":[{"embeddable":true,"href":"https:\/\/apabep.qroo.gob.mx\/index.php\/wp-json\/wp\/v2\/users\/4"}],"replies":[{"embeddable":true,"href":"https:\/\/apabep.qroo.gob.mx\/index.php\/wp-json\/wp\/v2\/comments?post=36192"}],"version-history":[{"count":35,"href":"https:\/\/apabep.qroo.gob.mx\/index.php\/wp-json\/wp\/v2\/pages\/36192\/revisions"}],"predecessor-version":[{"id":37440,"href":"https:\/\/apabep.qroo.gob.mx\/index.php\/wp-json\/wp\/v2\/pages\/36192\/revisions\/37440"}],"wp:attachment":[{"href":"https:\/\/apabep.qroo.gob.mx\/index.php\/wp-json\/wp\/v2\/media?parent=36192"}],"curies":[{"name":"wp","href":"https:\/\/api.w.org\/{rel}","templated":true}]}}