{"id":36205,"date":"2024-08-26T14:20:11","date_gmt":"2024-08-26T19:20:11","guid":{"rendered":"https:\/\/apabep.qroo.gob.mx\/?page_id=36205"},"modified":"2026-01-21T15:57:50","modified_gmt":"2026-01-21T20:57:50","slug":"etica-y-conductacodigo-de-etica-codigo-de-conducta-y-reglas-de-integridadetica-y-conducta","status":"publish","type":"page","link":"https:\/\/apabep.qroo.gob.mx\/index.php\/etica-y-conductacodigo-de-etica-codigo-de-conducta-y-reglas-de-integridadetica-y-conducta\/","title":{"rendered":"\u00c9tica y conducta"},"content":{"rendered":"\t\t<div data-elementor-type=\"wp-page\" data-elementor-id=\"36205\" class=\"elementor elementor-36205\">\n\t\t\t\t<div class=\"elementor-element elementor-element-7615f8d e-grid e-con-boxed e-con e-parent\" data-id=\"7615f8d\" data-element_type=\"container\">\n\t\t\t\t\t<div class=\"e-con-inner\">\n\t\t\t\t<div class=\"elementor-element elementor-element-7e128c9 elementor-widget elementor-widget-image\" data-id=\"7e128c9\" data-element_type=\"widget\" data-widget_type=\"image.default\">\n\t\t\t\t<div class=\"elementor-widget-container\">\n\t\t\t\t\t\t\t\t\t\t\t\t\t\t\t<img fetchpriority=\"high\" decoding=\"async\" width=\"1024\" height=\"361\" src=\"https:\/\/apabep.qroo.gob.mx\/wp-content\/uploads\/2026\/01\/cero-tolerancia-corrupcion1-1024x361.png\" class=\"attachment-large size-large wp-image-37180\" alt=\"\" srcset=\"https:\/\/apabep.qroo.gob.mx\/wp-content\/uploads\/2026\/01\/cero-tolerancia-corrupcion1-1024x361.png 1024w, https:\/\/apabep.qroo.gob.mx\/wp-content\/uploads\/2026\/01\/cero-tolerancia-corrupcion1-300x106.png 300w, https:\/\/apabep.qroo.gob.mx\/wp-content\/uploads\/2026\/01\/cero-tolerancia-corrupcion1-768x271.png 768w, https:\/\/apabep.qroo.gob.mx\/wp-content\/uploads\/2026\/01\/cero-tolerancia-corrupcion1-1536x542.png 1536w, https:\/\/apabep.qroo.gob.mx\/wp-content\/uploads\/2026\/01\/cero-tolerancia-corrupcion1.png 1920w\" sizes=\"(max-width: 1024px) 100vw, 1024px\" \/>\t\t\t\t\t\t\t\t\t\t\t\t\t\t\t<\/div>\n\t\t\t\t<\/div>\n\t\t\t\t\t<\/div>\n\t\t\t\t<\/div>\n\t\t<div class=\"elementor-element elementor-element-173746f e-grid e-con-boxed e-con e-parent\" data-id=\"173746f\" data-element_type=\"container\">\n\t\t\t\t\t<div class=\"e-con-inner\">\n\t\t\t\t<div class=\"elementor-element elementor-element-973d4bd elementor-widget elementor-widget-text-editor\" data-id=\"973d4bd\" data-element_type=\"widget\" data-widget_type=\"text-editor.default\">\n\t\t\t\t<div class=\"elementor-widget-container\">\n\t\t\t\t\t\t\t\t\t<h3 style=\"text-align: center;\"><strong><a href=\"https:\/\/denuncia.qroo.gob.mx\/sitio\/\" target=\"_blank\" rel=\"noopener\">Realiza tu denuncia<\/a><\/strong><\/h3>\n<p style=\"text-align: center;\"><a href=\"https:\/\/apabep.qroo.gob.mx\/wp-content\/uploads\/2026\/01\/manifiesto-no-tolerancia-corrupcion.pdf\" target=\"_blank\" rel=\"noopener\"><strong>Posicionamiento Institucional\u00a0<\/strong><strong>No Tolerancia a los Actos de Corrupci\u00f3n<\/strong><\/a><\/p>\t\t\t\t\t\t\t\t<\/div>\n\t\t\t\t<\/div>\n\t\t\t\t\t<\/div>\n\t\t\t\t<\/div>\n\t\t<div class=\"elementor-element elementor-element-923bfb3 e-flex e-con-boxed e-con e-parent\" data-id=\"923bfb3\" data-element_type=\"container\">\n\t\t\t\t\t<div class=\"e-con-inner\">\n\t\t\t\t<div class=\"elementor-element elementor-element-796cc61 elementor-widget-divider--view-line elementor-widget elementor-widget-divider\" data-id=\"796cc61\" data-element_type=\"widget\" data-widget_type=\"divider.default\">\n\t\t\t\t<div class=\"elementor-widget-container\">\n\t\t\t\t\t\t\t<div class=\"elementor-divider\">\n\t\t\t<span class=\"elementor-divider-separator\">\n\t\t\t\t\t\t<\/span>\n\t\t<\/div>\n\t\t\t\t\t\t<\/div>\n\t\t\t\t<\/div>\n\t\t\t\t\t<\/div>\n\t\t\t\t<\/div>\n\t\t<div class=\"elementor-element elementor-element-21dfb150 e-flex e-con-boxed e-con e-parent\" data-id=\"21dfb150\" data-element_type=\"container\">\n\t\t\t\t\t<div class=\"e-con-inner\">\n\t\t\t\t<div class=\"elementor-element elementor-element-2002c443 elementor-widget elementor-widget-text-editor\" data-id=\"2002c443\" data-element_type=\"widget\" data-widget_type=\"text-editor.default\">\n\t\t\t\t<div class=\"elementor-widget-container\">\n\t\t\t\t\t\t\t\t\t\n<h2 class=\"has-contrast-2-color has-text-color has-link-color wp-elements-55a26d034993a50a14051264a7851332\" style=\"text-align: left;\"><strong>C\u00f3digo de \u00c9tica, C\u00f3digo de Conducta y Reglas de Integridad<\/strong><\/h2>\n\n<p>Mediante las Reglas de Integridad para el Ejercicio de la Funci\u00f3n P\u00fablica, se procura que en el actuar de los servidores p\u00fablicos, de las dependencias y entidades de la Administraci\u00f3n P\u00fablica Estatal, impere una conducta digna que responda a las necesidades de la sociedad y que oriente su desempe\u00f1o, constituy\u00e9ndose como gu\u00edas que permitan identificar acciones que puedan vulnerar lo previsto en cada una de ellas y que deber\u00e1n ser del conocimiento de los Comit\u00e9s de \u00c9tica y de Prevenci\u00f3n de Conflictos de Inter\u00e9s.<\/p>\n\n<p>El C\u00f3digo de Conducta tiene como objeto proporcionar a los servidores p\u00fablicos del Gobierno del Estado de Quintana Roo un referente de conductas \u00e9ticas que los gu\u00ede en su actuaci\u00f3n, con el fin de que se conduzcan diariamente de acuerdo con los principios de legalidad, integridad, igualdad, bien com\u00fan y profesionalismo; y los valores de institucionalidad, transparencia, imparcialidad, honestidad, honorabilidad, humildad, lealtad, respeto, inclusi\u00f3n, calidad, austeridad y trabajo en equipo.<\/p>\n\n<p>Estos principios est\u00e1n establecidos en el C\u00f3digo de \u00c9tica de los Servidores P\u00fablicos del Poder Ejecutivo del Estado de Quintana Roo y fungen como pilares del comportamiento que deben observar los servidores en cualquier situaci\u00f3n que se les presente en el desempe\u00f1o de sus empleos, cargos o comisiones.<\/p>\n\n<p>\u201cEl cumplimiento de estas reglas y c\u00f3digos permitir\u00e1 corregir el rumbo de Quintana Roo, que d\u00e9 a la gente m\u00e1s y mejores oportunidades para que las cosas cambien, y terminar con las desigualdades\u201d<\/p>\n\n<div class=\"wp-block-file\"><a id=\"wp-block-file--media-08f7be13-6fc4-44ca-b5a6-bb2c6549c45b\" href=\"https:\/\/apabep.qroo.gob.mx\/wp-content\/uploads\/2024\/08\/REGLAS-DE-INTEGRIDAD.pdf\" target=\"_blank\" rel=\"noreferrer noopener\">REGLAS DE INTEGRIDAD<\/a><a class=\"wp-block-file__button wp-element-button\" href=\"https:\/\/apabep.qroo.gob.mx\/wp-content\/uploads\/2024\/08\/REGLAS-DE-INTEGRIDAD.pdf\" download=\"\" aria-describedby=\"wp-block-file--media-08f7be13-6fc4-44ca-b5a6-bb2c6549c45b\">Descarga<\/a><\/div>\n\n<div class=\"wp-block-file\"><a id=\"wp-block-file--media-da4c3a3f-fa94-49fc-9d65-a1db480eda20\" href=\"https:\/\/apabep.qroo.gob.mx\/wp-content\/uploads\/2024\/08\/CODIGO-DE-ETICA-MARZO-2023.pdf\" target=\"_blank\" rel=\"noreferrer noopener\">C\u00d3DIGO DE \u00c9TICA MARZO 2023<\/a><a class=\"wp-block-file__button wp-element-button\" href=\"https:\/\/apabep.qroo.gob.mx\/wp-content\/uploads\/2024\/08\/CODIGO-DE-ETICA-MARZO-2023.pdf\" download=\"\" aria-describedby=\"wp-block-file--media-da4c3a3f-fa94-49fc-9d65-a1db480eda20\">Descarga<\/a><\/div>\n\n<div class=\"wp-block-file\"><a href=\"https:\/\/drive.google.com\/file\/d\/1_ytTdoIRHTqans5KklRlOSAmljMljaAv\/view?usp=drive_link\" target=\"_blank\" rel=\"noopener\">C\u00d3DIGO DE CONDUCTA DE LA SECRETAR\u00cdA DE SALUD, LOS SERVICIOS ESTATALES DE SALUD Y \u00d3RGANOS DESCONCENTRADOS<\/a> <a class=\"wp-block-file__button wp-element-button\" href=\"https:\/\/drive.google.com\/file\/d\/1_ytTdoIRHTqans5KklRlOSAmljMljaAv\/view?usp=drive_link\" download=\"\" aria-describedby=\"wp-block-file--media-a3e8a1a2-e05e-4b78-86a3-7285af5e201c\">Descarga<\/a><\/div>\n\t\t\t\t\t\t\t\t<\/div>\n\t\t\t\t<\/div>\n\t\t\t\t\t<\/div>\n\t\t\t\t<\/div>\n\t\t<div class=\"elementor-element elementor-element-cd234b7 e-flex e-con-boxed e-con e-parent\" data-id=\"cd234b7\" data-element_type=\"container\">\n\t\t\t\t\t<div class=\"e-con-inner\">\n\t\t\t\t\t<\/div>\n\t\t\t\t<\/div>\n\t\t\t\t<\/div>\n\t\t","protected":false},"excerpt":{"rendered":"<p>Realiza tu denuncia Posicionamiento Institucional\u00a0No Tolerancia a los Actos de Corrupci\u00f3n C\u00f3digo de \u00c9tica, C\u00f3digo de Conducta y Reglas de Integridad Mediante las Reglas de Integridad para el Ejercicio de la Funci\u00f3n P\u00fablica, se procura que en el actuar de los servidores p\u00fablicos, de las dependencias y entidades de la Administraci\u00f3n P\u00fablica Estatal, impere una &#8230; <a title=\"\u00c9tica y conducta\" class=\"read-more\" href=\"https:\/\/apabep.qroo.gob.mx\/index.php\/etica-y-conductacodigo-de-etica-codigo-de-conducta-y-reglas-de-integridadetica-y-conducta\/\" aria-label=\"Leer m\u00e1s sobre \u00c9tica y conducta\">Leer m\u00e1s<\/a><\/p>\n","protected":false},"author":4,"featured_media":0,"parent":0,"menu_order":0,"comment_status":"closed","ping_status":"closed","template":"","meta":{"footnotes":""},"class_list":["post-36205","page","type-page","status-publish"],"yoast_head":"<!-- This site is optimized with the Yoast SEO plugin v25.3 - https:\/\/yoast.com\/wordpress\/plugins\/seo\/ -->\n<title>\u00c9tica y conducta - Administraci\u00f3n del Patrimonio de la Beneficencia P\u00fablica<\/title>\n<meta name=\"robots\" content=\"noindex, follow, max-snippet:-1, max-image-preview:large, max-video-preview:-1\" \/>\n<meta property=\"og:locale\" content=\"es_MX\" \/>\n<meta property=\"og:type\" content=\"article\" \/>\n<meta property=\"og:title\" content=\"\u00c9tica y conducta - Administraci\u00f3n del Patrimonio de la Beneficencia P\u00fablica\" \/>\n<meta property=\"og:description\" content=\"Realiza tu denuncia Posicionamiento Institucional\u00a0No Tolerancia a los Actos de Corrupci\u00f3n C\u00f3digo de \u00c9tica, C\u00f3digo de Conducta y Reglas de Integridad Mediante las Reglas de Integridad para el Ejercicio de la Funci\u00f3n P\u00fablica, se procura que en el actuar de los servidores p\u00fablicos, de las dependencias y entidades de la Administraci\u00f3n P\u00fablica Estatal, impere una ... Leer m\u00e1s\" \/>\n<meta property=\"og:url\" content=\"https:\/\/apabep.qroo.gob.mx\/index.php\/etica-y-conductacodigo-de-etica-codigo-de-conducta-y-reglas-de-integridadetica-y-conducta\/\" \/>\n<meta property=\"og:site_name\" content=\"Administraci\u00f3n del Patrimonio de la Beneficencia P\u00fablica\" \/>\n<meta property=\"article:modified_time\" content=\"2026-01-21T20:57:50+00:00\" \/>\n<meta property=\"og:image\" content=\"https:\/\/apabep.qroo.gob.mx\/wp-content\/uploads\/2026\/01\/cero-tolerancia-corrupcion1.png\" \/>\n\t<meta property=\"og:image:width\" content=\"1920\" \/>\n\t<meta property=\"og:image:height\" content=\"677\" \/>\n\t<meta property=\"og:image:type\" content=\"image\/png\" \/>\n<meta name=\"twitter:card\" content=\"summary_large_image\" \/>\n<meta name=\"twitter:label1\" content=\"Tiempo de lectura\" \/>\n\t<meta name=\"twitter:data1\" content=\"2 minutos\" \/>\n<script type=\"application\/ld+json\" class=\"yoast-schema-graph\">{\"@context\":\"https:\/\/schema.org\",\"@graph\":[{\"@type\":\"WebPage\",\"@id\":\"https:\/\/apabep.qroo.gob.mx\/index.php\/etica-y-conductacodigo-de-etica-codigo-de-conducta-y-reglas-de-integridadetica-y-conducta\/\",\"url\":\"https:\/\/apabep.qroo.gob.mx\/index.php\/etica-y-conductacodigo-de-etica-codigo-de-conducta-y-reglas-de-integridadetica-y-conducta\/\",\"name\":\"\u00c9tica y conducta - Administraci\u00f3n del Patrimonio de la Beneficencia P\u00fablica\",\"isPartOf\":{\"@id\":\"https:\/\/apabep.qroo.gob.mx\/#website\"},\"primaryImageOfPage\":{\"@id\":\"https:\/\/apabep.qroo.gob.mx\/index.php\/etica-y-conductacodigo-de-etica-codigo-de-conducta-y-reglas-de-integridadetica-y-conducta\/#primaryimage\"},\"image\":{\"@id\":\"https:\/\/apabep.qroo.gob.mx\/index.php\/etica-y-conductacodigo-de-etica-codigo-de-conducta-y-reglas-de-integridadetica-y-conducta\/#primaryimage\"},\"thumbnailUrl\":\"https:\/\/apabep.qroo.gob.mx\/wp-content\/uploads\/2026\/01\/cero-tolerancia-corrupcion1-1024x361.png\",\"datePublished\":\"2024-08-26T19:20:11+00:00\",\"dateModified\":\"2026-01-21T20:57:50+00:00\",\"breadcrumb\":{\"@id\":\"https:\/\/apabep.qroo.gob.mx\/index.php\/etica-y-conductacodigo-de-etica-codigo-de-conducta-y-reglas-de-integridadetica-y-conducta\/#breadcrumb\"},\"inLanguage\":\"es\",\"potentialAction\":[{\"@type\":\"ReadAction\",\"target\":[\"https:\/\/apabep.qroo.gob.mx\/index.php\/etica-y-conductacodigo-de-etica-codigo-de-conducta-y-reglas-de-integridadetica-y-conducta\/\"]}]},{\"@type\":\"ImageObject\",\"inLanguage\":\"es\",\"@id\":\"https:\/\/apabep.qroo.gob.mx\/index.php\/etica-y-conductacodigo-de-etica-codigo-de-conducta-y-reglas-de-integridadetica-y-conducta\/#primaryimage\",\"url\":\"https:\/\/apabep.qroo.gob.mx\/wp-content\/uploads\/2026\/01\/cero-tolerancia-corrupcion1.png\",\"contentUrl\":\"https:\/\/apabep.qroo.gob.mx\/wp-content\/uploads\/2026\/01\/cero-tolerancia-corrupcion1.png\",\"width\":1920,\"height\":677},{\"@type\":\"BreadcrumbList\",\"@id\":\"https:\/\/apabep.qroo.gob.mx\/index.php\/etica-y-conductacodigo-de-etica-codigo-de-conducta-y-reglas-de-integridadetica-y-conducta\/#breadcrumb\",\"itemListElement\":[{\"@type\":\"ListItem\",\"position\":1,\"name\":\"Inicio\",\"item\":\"https:\/\/apabep.qroo.gob.mx\/\"},{\"@type\":\"ListItem\",\"position\":2,\"name\":\"\u00c9tica y conducta\"}]},{\"@type\":\"WebSite\",\"@id\":\"https:\/\/apabep.qroo.gob.mx\/#website\",\"url\":\"https:\/\/apabep.qroo.gob.mx\/\",\"name\":\"Administraci\u00f3n del Patrimonio de la Beneficencia P\u00fablica\",\"description\":\"La Beneficencia otorga beneficios en especie en temas de salud a trav\u00e9s de sus distintos programas asistenciales.\",\"publisher\":{\"@id\":\"https:\/\/apabep.qroo.gob.mx\/#organization\"},\"potentialAction\":[{\"@type\":\"SearchAction\",\"target\":{\"@type\":\"EntryPoint\",\"urlTemplate\":\"https:\/\/apabep.qroo.gob.mx\/?s={search_term_string}\"},\"query-input\":{\"@type\":\"PropertyValueSpecification\",\"valueRequired\":true,\"valueName\":\"search_term_string\"}}],\"inLanguage\":\"es\"},{\"@type\":\"Organization\",\"@id\":\"https:\/\/apabep.qroo.gob.mx\/#organization\",\"name\":\"Administraci\u00f3n del Patrimonio de la Beneficencia P\u00fablica\",\"url\":\"https:\/\/apabep.qroo.gob.mx\/\",\"logo\":{\"@type\":\"ImageObject\",\"inLanguage\":\"es\",\"@id\":\"https:\/\/apabep.qroo.gob.mx\/#\/schema\/logo\/image\/\",\"url\":\"https:\/\/apabep.qroo.gob.mx\/wp-content\/uploads\/2024\/06\/cropped-APABEP.png\",\"contentUrl\":\"https:\/\/apabep.qroo.gob.mx\/wp-content\/uploads\/2024\/06\/cropped-APABEP.png\",\"width\":1752,\"height\":793,\"caption\":\"Administraci\u00f3n del Patrimonio de la Beneficencia P\u00fablica\"},\"image\":{\"@id\":\"https:\/\/apabep.qroo.gob.mx\/#\/schema\/logo\/image\/\"}}]}<\/script>\n<!-- \/ Yoast SEO plugin. -->","yoast_head_json":{"title":"\u00c9tica y conducta - Administraci\u00f3n del Patrimonio de la Beneficencia P\u00fablica","robots":{"index":"noindex","follow":"follow","max-snippet":"max-snippet:-1","max-image-preview":"max-image-preview:large","max-video-preview":"max-video-preview:-1"},"og_locale":"es_MX","og_type":"article","og_title":"\u00c9tica y conducta - Administraci\u00f3n del Patrimonio de la Beneficencia P\u00fablica","og_description":"Realiza tu denuncia Posicionamiento Institucional\u00a0No Tolerancia a los Actos de Corrupci\u00f3n C\u00f3digo de \u00c9tica, C\u00f3digo de Conducta y Reglas de Integridad Mediante las Reglas de Integridad para el Ejercicio de la Funci\u00f3n P\u00fablica, se procura que en el actuar de los servidores p\u00fablicos, de las dependencias y entidades de la Administraci\u00f3n P\u00fablica Estatal, impere una ... Leer m\u00e1s","og_url":"https:\/\/apabep.qroo.gob.mx\/index.php\/etica-y-conductacodigo-de-etica-codigo-de-conducta-y-reglas-de-integridadetica-y-conducta\/","og_site_name":"Administraci\u00f3n del Patrimonio de la Beneficencia P\u00fablica","article_modified_time":"2026-01-21T20:57:50+00:00","og_image":[{"width":1920,"height":677,"url":"https:\/\/apabep.qroo.gob.mx\/wp-content\/uploads\/2026\/01\/cero-tolerancia-corrupcion1.png","type":"image\/png"}],"twitter_card":"summary_large_image","twitter_misc":{"Tiempo de lectura":"2 minutos"},"schema":{"@context":"https:\/\/schema.org","@graph":[{"@type":"WebPage","@id":"https:\/\/apabep.qroo.gob.mx\/index.php\/etica-y-conductacodigo-de-etica-codigo-de-conducta-y-reglas-de-integridadetica-y-conducta\/","url":"https:\/\/apabep.qroo.gob.mx\/index.php\/etica-y-conductacodigo-de-etica-codigo-de-conducta-y-reglas-de-integridadetica-y-conducta\/","name":"\u00c9tica y conducta - Administraci\u00f3n del Patrimonio de la Beneficencia P\u00fablica","isPartOf":{"@id":"https:\/\/apabep.qroo.gob.mx\/#website"},"primaryImageOfPage":{"@id":"https:\/\/apabep.qroo.gob.mx\/index.php\/etica-y-conductacodigo-de-etica-codigo-de-conducta-y-reglas-de-integridadetica-y-conducta\/#primaryimage"},"image":{"@id":"https:\/\/apabep.qroo.gob.mx\/index.php\/etica-y-conductacodigo-de-etica-codigo-de-conducta-y-reglas-de-integridadetica-y-conducta\/#primaryimage"},"thumbnailUrl":"https:\/\/apabep.qroo.gob.mx\/wp-content\/uploads\/2026\/01\/cero-tolerancia-corrupcion1-1024x361.png","datePublished":"2024-08-26T19:20:11+00:00","dateModified":"2026-01-21T20:57:50+00:00","breadcrumb":{"@id":"https:\/\/apabep.qroo.gob.mx\/index.php\/etica-y-conductacodigo-de-etica-codigo-de-conducta-y-reglas-de-integridadetica-y-conducta\/#breadcrumb"},"inLanguage":"es","potentialAction":[{"@type":"ReadAction","target":["https:\/\/apabep.qroo.gob.mx\/index.php\/etica-y-conductacodigo-de-etica-codigo-de-conducta-y-reglas-de-integridadetica-y-conducta\/"]}]},{"@type":"ImageObject","inLanguage":"es","@id":"https:\/\/apabep.qroo.gob.mx\/index.php\/etica-y-conductacodigo-de-etica-codigo-de-conducta-y-reglas-de-integridadetica-y-conducta\/#primaryimage","url":"https:\/\/apabep.qroo.gob.mx\/wp-content\/uploads\/2026\/01\/cero-tolerancia-corrupcion1.png","contentUrl":"https:\/\/apabep.qroo.gob.mx\/wp-content\/uploads\/2026\/01\/cero-tolerancia-corrupcion1.png","width":1920,"height":677},{"@type":"BreadcrumbList","@id":"https:\/\/apabep.qroo.gob.mx\/index.php\/etica-y-conductacodigo-de-etica-codigo-de-conducta-y-reglas-de-integridadetica-y-conducta\/#breadcrumb","itemListElement":[{"@type":"ListItem","position":1,"name":"Inicio","item":"https:\/\/apabep.qroo.gob.mx\/"},{"@type":"ListItem","position":2,"name":"\u00c9tica y conducta"}]},{"@type":"WebSite","@id":"https:\/\/apabep.qroo.gob.mx\/#website","url":"https:\/\/apabep.qroo.gob.mx\/","name":"Administraci\u00f3n del Patrimonio de la Beneficencia P\u00fablica","description":"La Beneficencia otorga beneficios en especie en temas de salud a trav\u00e9s de sus distintos programas asistenciales.","publisher":{"@id":"https:\/\/apabep.qroo.gob.mx\/#organization"},"potentialAction":[{"@type":"SearchAction","target":{"@type":"EntryPoint","urlTemplate":"https:\/\/apabep.qroo.gob.mx\/?s={search_term_string}"},"query-input":{"@type":"PropertyValueSpecification","valueRequired":true,"valueName":"search_term_string"}}],"inLanguage":"es"},{"@type":"Organization","@id":"https:\/\/apabep.qroo.gob.mx\/#organization","name":"Administraci\u00f3n del Patrimonio de la Beneficencia P\u00fablica","url":"https:\/\/apabep.qroo.gob.mx\/","logo":{"@type":"ImageObject","inLanguage":"es","@id":"https:\/\/apabep.qroo.gob.mx\/#\/schema\/logo\/image\/","url":"https:\/\/apabep.qroo.gob.mx\/wp-content\/uploads\/2024\/06\/cropped-APABEP.png","contentUrl":"https:\/\/apabep.qroo.gob.mx\/wp-content\/uploads\/2024\/06\/cropped-APABEP.png","width":1752,"height":793,"caption":"Administraci\u00f3n del Patrimonio de la Beneficencia P\u00fablica"},"image":{"@id":"https:\/\/apabep.qroo.gob.mx\/#\/schema\/logo\/image\/"}}]}},"_links":{"self":[{"href":"https:\/\/apabep.qroo.gob.mx\/index.php\/wp-json\/wp\/v2\/pages\/36205","targetHints":{"allow":["GET"]}}],"collection":[{"href":"https:\/\/apabep.qroo.gob.mx\/index.php\/wp-json\/wp\/v2\/pages"}],"about":[{"href":"https:\/\/apabep.qroo.gob.mx\/index.php\/wp-json\/wp\/v2\/types\/page"}],"author":[{"embeddable":true,"href":"https:\/\/apabep.qroo.gob.mx\/index.php\/wp-json\/wp\/v2\/users\/4"}],"replies":[{"embeddable":true,"href":"https:\/\/apabep.qroo.gob.mx\/index.php\/wp-json\/wp\/v2\/comments?post=36205"}],"version-history":[{"count":15,"href":"https:\/\/apabep.qroo.gob.mx\/index.php\/wp-json\/wp\/v2\/pages\/36205\/revisions"}],"predecessor-version":[{"id":37295,"href":"https:\/\/apabep.qroo.gob.mx\/index.php\/wp-json\/wp\/v2\/pages\/36205\/revisions\/37295"}],"wp:attachment":[{"href":"https:\/\/apabep.qroo.gob.mx\/index.php\/wp-json\/wp\/v2\/media?parent=36205"}],"curies":[{"name":"wp","href":"https:\/\/api.w.org\/{rel}","templated":true}]}}