{"id":36920,"date":"2025-07-04T15:51:15","date_gmt":"2025-07-04T20:51:15","guid":{"rendered":"https:\/\/apabep.qroo.gob.mx\/?page_id=36920"},"modified":"2025-07-04T16:08:41","modified_gmt":"2025-07-04T21:08:41","slug":"avisos-de-privacidad","status":"publish","type":"page","link":"https:\/\/apabep.qroo.gob.mx\/index.php\/avisos-de-privacidad\/","title":{"rendered":"Avisos de Privacidad"},"content":{"rendered":"\t\t<div data-elementor-type=\"wp-page\" data-elementor-id=\"36920\" class=\"elementor elementor-36920\">\n\t\t\t\t<div class=\"elementor-element elementor-element-ee9c528 e-flex e-con-boxed e-con e-parent\" data-id=\"ee9c528\" data-element_type=\"container\">\n\t\t\t\t\t<div class=\"e-con-inner\">\n\t\t\t\t<div class=\"elementor-element elementor-element-4e38e524 elementor-widget elementor-widget-text-editor\" data-id=\"4e38e524\" data-element_type=\"widget\" data-widget_type=\"text-editor.default\">\n\t\t\t\t<div class=\"elementor-widget-container\">\n\t\t\t\t\t\t\t\t\t<figure class=\"wp-block-table\">\n<h1 style=\"text-align: center;\">Avisos de privacidad APABEP<\/h1>\n<p>\u00a0<\/p>\n<\/figure>\n<ul>\n<li><a href=\"https:\/\/apabep.qroo.gob.mx\/wp-content\/uploads\/2025\/07\/1-AVISO-DE-PRIVACIDAD-INTEGRAL-PARA-EL-FORMATO-DE-QUEJAS-DENUNCIAS-O-SUGERENCIAS.pdf\" target=\"_blank\" rel=\"noopener\">1 AVISO DE PRIVACIDAD INTEGRAL PARA EL FORMATO DE QUEJAS, DENUNCIAS O SUGERENCIAS<\/a><\/li>\n<li><a href=\"https:\/\/apabep.qroo.gob.mx\/wp-content\/uploads\/2025\/07\/1-AVISO-DE-PRIVACIDAD-SIMPLIFICADO-PARA-EL-SERVICIO-DE-QUEJAS-DENUNCIAS-Y-SUGERENCIAS.pdf\" target=\"_blank\" rel=\"noopener\">1 AVISO DE PRIVACIDAD SIMPLIFICADO PARA EL SERVICIO DE QUEJAS, DENUNCIAS Y SUGERENCIAS<\/a><\/li>\n<li><a href=\"https:\/\/apabep.qroo.gob.mx\/wp-content\/uploads\/2025\/07\/2-AVISO-DE-PRIVACIDAD-INTEGRAL-DEL-TRAMITE-DE-DENUNCIA-POR-INCUMPLIMIENTO-DE-OBLIGACIONES-DE-TRANSPARENCIA-COMUNES-Y-ESPECIFICAS.pdf\" target=\"_blank\" rel=\"noopener\">2 AVISO DE PRIVACIDAD INTEGRAL DEL TR\u00c1MITE DE DENUNCIA POR INCUMPLIMIENTO DE OBLIGACIONES DE TRANSPARENCIA COMUNES Y ESPEC\u00cdFICAS<\/a><\/li>\n<li><a href=\"https:\/\/apabep.qroo.gob.mx\/wp-content\/uploads\/2025\/07\/2-AVISO-DE-PRIVACIDAD-SIMPLIFICADO-DEL-TRAMITE-DE-DENUNCIA-POR-INCUMPLIMIENTO-DE-OBLIGACIONES-DE-TRANSPARENCIA-COMUNES-Y-ESPECIFICAS.pdf\" target=\"_blank\" rel=\"noopener\">2 AVISO DE PRIVACIDAD SIMPLIFICADO DEL TR\u00c1MITE DE DENUNCIA POR INCUMPLIMIENTO DE OBLIGACIONES DE TRANSPARENCIA COMUNES Y ESPEC\u00cdFICAS<\/a><\/li>\n<li><a href=\"https:\/\/apabep.qroo.gob.mx\/wp-content\/uploads\/2025\/07\/3-AVISO-DE-PRIVACIDAD-INTEGRAL-DE-SOLICITUD-DE-ACCESO-A-LA-INFORMACION.pdf\" target=\"_blank\" rel=\"noopener\">3 AVISO DE PRIVACIDAD INTEGRAL DE SOLICITUD DE ACCESO A LA INFORMACI\u00d3N<\/a><\/li>\n<li><a href=\"https:\/\/apabep.qroo.gob.mx\/wp-content\/uploads\/2025\/07\/3-AVISO-DE-PRIVACIDAD-SIMPLIFICADO-DE-SOLICITUD-DE-ACCESO-A-LA-INFORMACION.pdf\" target=\"_blank\" rel=\"noopener\">3 AVISO DE PRIVACIDAD SIMPLIFICADO DE SOLICITUD DE ACCESO A LA INFORMACI\u00d3N<\/a><\/li>\n<li><a href=\"https:\/\/apabep.qroo.gob.mx\/wp-content\/uploads\/2025\/07\/4-AVISO-DE-PRIVACIDAD-INTEGRAL-DEL-FORMATO-DE-EJERCICIO-DE-LOS-DERECHOS-ARCO-Y-DE-PORTABILIDAD.pdf\" target=\"_blank\" rel=\"noopener\">4 AVISO DE PRIVACIDAD INTEGRAL DEL FORMATO DE EJERCICIO DE LOS DERECHOS ARCO Y DE PORTABILIDAD<\/a><\/li>\n<li><a href=\"https:\/\/apabep.qroo.gob.mx\/wp-content\/uploads\/2025\/07\/4-AVISO-DE-PRIVACIDAD-SIMPLIFICADO-DEL-FORMATO-DE-EJERCICIO-DE-LOS-DERECHOS-ARCO-Y-DE-PORTABILIDAD.pdf\" target=\"_blank\" rel=\"noopener\">4 AVISO DE PRIVACIDAD SIMPLIFICADO DEL FORMATO DE EJERCICIO DE LOS DERECHOS ARCO Y DE PORTABILIDAD<\/a><\/li>\n<li><a href=\"https:\/\/apabep.qroo.gob.mx\/wp-content\/uploads\/2025\/07\/5-AVISO-DE-PRIVACIDAD-SIMPLIFICADO-PARA-LA-ZONA-VIDEOGRABADA-DE-LA-APABEP.pdf\" target=\"_blank\" rel=\"noopener\">5 AVISO DE PRIVACIDAD SIMPLIFICADO PARA LA ZONA VIDEOGRABADA DE LA APABEP<\/a><\/li>\n<li><a href=\"https:\/\/apabep.qroo.gob.mx\/wp-content\/uploads\/2025\/07\/5-AVISO-DE-PRIVACIDAD-INTEGRAL-PARA-LA-ZONA-VIDEOGRABADA-DE-LA-APABEP.pdf\" target=\"_blank\" rel=\"noopener\">5 AVISO DE PRIVACIDAD INTEGRAL PARA LA ZONA VIDEOGRABADA DE LA APABEP<\/a><\/li>\n<li><a href=\"https:\/\/apabep.qroo.gob.mx\/wp-content\/uploads\/2025\/07\/6-AVISO-DE-PRIVACIDAD-SIMPLIFICADO-DEL-FORMATO-DE-RECEPCION-DEL-RECURSO-DE-REVISION-EN-CONTRA-DE-LAS-SOLICITUDES-DE-DERECHOS-ARCO.pdf\" target=\"_blank\" rel=\"noopener\">6 AVISO DE PRIVACIDAD SIMPLIFICADO DEL FORMATO DE RECEPCI\u00d3N DEL RECURSO DE REVISI\u00d3N EN CONTRA DE LAS SOLICITUDES DE DERECHOS ARCO<\/a><\/li>\n<li><a href=\"https:\/\/apabep.qroo.gob.mx\/wp-content\/uploads\/2025\/07\/6-AVISO-DE-PRIVACIDAD-INTEGRAL-DEL-FORMATO-DE-RECEPCION-DEL-RECURSO-DE-REVISION-EN-CONTRA-DE-LAS-SOLICITUDES-DE-DERECHOS-ARCO.pdf\" target=\"_blank\" rel=\"noopener\">6 AVISO DE PRIVACIDAD INTEGRAL DEL FORMATO DE RECEPCI\u00d3N DEL RECURSO DE REVISI\u00d3N EN CONTRA DE LAS SOLICITUDES DE DERECHOS ARCO<\/a><\/li>\n<li><a href=\"https:\/\/apabep.qroo.gob.mx\/wp-content\/uploads\/2025\/07\/7-AVISO-DE-PRIVACIDAD-INTEGRAL-DEL-FORMATO-PARA-LA-INTERPOSICION-DE-RECURSO-DE-REVISION-EN-MATERIA-DE-ACCESO-A-LA-INFORMACION-PUBLICA.pdf\" target=\"_blank\" rel=\"noopener\">7 AVISO DE PRIVACIDAD INTEGRAL DEL FORMATO PARA LA INTERPOSICI\u00d3N DE RECURSO DE REVISI\u00d3N EN MATERIA DE ACCESO A LA INFORMACI\u00d3N P\u00daBLICA<\/a><\/li>\n<li><a href=\"https:\/\/apabep.qroo.gob.mx\/wp-content\/uploads\/2025\/07\/7-AVISO-DE-PRIVACIDAD-SIMPLIFICADO-DEL-FORMATO-PARA-LA-INTERPOSICION-DE-RECURSO-DE-REVISION-EN-MATERIA-DE-ACCESO-A-LA-INFORMACION-PUBLICA.pdf\" target=\"_blank\" rel=\"noopener\">7 AVISO DE PRIVACIDAD SIMPLIFICADO DEL FORMATO PARA LA INTERPOSICI\u00d3N DE RECURSO DE REVISI\u00d3N EN MATERIA DE ACCESO A LA INFORMACI\u00d3N P\u00daBLICA<\/a><\/li>\n<li><a href=\"https:\/\/apabep.qroo.gob.mx\/wp-content\/uploads\/2025\/07\/8-AVISO-DE-PRIVACIDAD-INTEGRAL-PARA-EL-ESTUDIO-SOCIOECONOMICO.pdf\" target=\"_blank\" rel=\"noopener\">8 AVISO DE PRIVACIDAD INTEGRAL PARA EL ESTUDIO SOCIOECON\u00d3MICO<\/a><\/li>\n<li><a href=\"https:\/\/apabep.qroo.gob.mx\/wp-content\/uploads\/2025\/07\/8-AVISO-DE-PRIVACIDAD-SIMPLIFICADO-PARA-EL-ESTUDIO-SOCIOECONOMICO.pdf\" target=\"_blank\" rel=\"noopener\">8 AVISO DE PRIVACIDAD SIMPLIFICADO PARA EL ESTUDIO SOCIOECONOMICO<\/a><\/li>\n<li><a href=\"https:\/\/apabep.qroo.gob.mx\/wp-content\/uploads\/2025\/07\/9-AVISO-DE-PRIVACIDAD-INTEGRAL-PARA-EL-CORREO-ELECTRONICO.pdf\" target=\"_blank\" rel=\"noopener\">9 AVISO DE PRIVACIDAD INTEGRAL PARA EL CORREO ELECTRONICO<\/a><\/li>\n<li><a href=\"https:\/\/apabep.qroo.gob.mx\/wp-content\/uploads\/2025\/07\/9-AVISO-DE-PRIVACIDAD-SIMPLIFICADO-PARA-EL-CORREO-ELECTRONICO.pdf\" target=\"_blank\" rel=\"noopener\">9 AVISO DE PRIVACIDAD SIMPLIFICADO PARA EL CORREO ELECTRONICO<\/a><\/li>\n<li><a href=\"https:\/\/apabep.qroo.gob.mx\/wp-content\/uploads\/2025\/07\/10-AVISO-DE-PRIVACIDAD-INTEGRAL-PARA-LA-ELABORACION-DEL-EXPEDIENTE-DE-LAS-PERSONAS-BENEFICIARIAS.pdf\" target=\"_blank\" rel=\"noopener\">10 AVISO DE PRIVACIDAD INTEGRAL PARA LA ELABORACI\u00d3N DEL EXPEDIENTE DE LAS PERSONAS BENEFICIARIAS<\/a><\/li>\n<li><a href=\"https:\/\/apabep.qroo.gob.mx\/wp-content\/uploads\/2025\/07\/10-AVISO-DE-PRIVACIDAD-SIMPLIFICADO-PARA-LA-ELABORACION-DEL-EXPEDIENTE-DE-LAS-PERSONAS-BENEFICIARIAS.pdf\" target=\"_blank\" rel=\"noopener\">10 AVISO DE PRIVACIDAD SIMPLIFICADO PARA LA ELABORACI\u00d3N DEL EXPEDIENTE DE LAS PERSONAS BENEFICIARIAS<\/a><\/li>\n<\/ul>\n<p><!-- \/wp:table --><\/p>\t\t\t\t\t\t\t\t<\/div>\n\t\t\t\t<\/div>\n\t\t\t\t\t<\/div>\n\t\t\t\t<\/div>\n\t\t\t\t<\/div>\n\t\t","protected":false},"excerpt":{"rendered":"<p>Avisos de privacidad APABEP \u00a0 1 AVISO DE PRIVACIDAD INTEGRAL PARA EL FORMATO DE QUEJAS, DENUNCIAS O SUGERENCIAS 1 AVISO DE PRIVACIDAD SIMPLIFICADO PARA EL SERVICIO DE QUEJAS, DENUNCIAS Y SUGERENCIAS 2 AVISO DE PRIVACIDAD INTEGRAL DEL TR\u00c1MITE DE DENUNCIA POR INCUMPLIMIENTO DE OBLIGACIONES DE TRANSPARENCIA COMUNES Y ESPEC\u00cdFICAS 2 AVISO DE PRIVACIDAD SIMPLIFICADO DEL &#8230; <a title=\"Avisos de Privacidad\" class=\"read-more\" href=\"https:\/\/apabep.qroo.gob.mx\/index.php\/avisos-de-privacidad\/\" aria-label=\"Leer m\u00e1s sobre Avisos de Privacidad\">Leer m\u00e1s<\/a><\/p>\n","protected":false},"author":4,"featured_media":0,"parent":0,"menu_order":0,"comment_status":"closed","ping_status":"closed","template":"","meta":{"footnotes":""},"class_list":["post-36920","page","type-page","status-publish"],"yoast_head":"<!-- This site is optimized with the Yoast SEO plugin v25.3 - https:\/\/yoast.com\/wordpress\/plugins\/seo\/ -->\n<title>Avisos de Privacidad - Administraci\u00f3n del Patrimonio de la Beneficencia P\u00fablica<\/title>\n<meta name=\"robots\" content=\"noindex, follow, max-snippet:-1, max-image-preview:large, max-video-preview:-1\" \/>\n<meta property=\"og:locale\" content=\"es_MX\" \/>\n<meta property=\"og:type\" content=\"article\" \/>\n<meta property=\"og:title\" content=\"Avisos de Privacidad - Administraci\u00f3n del Patrimonio de la Beneficencia P\u00fablica\" \/>\n<meta property=\"og:description\" content=\"Avisos de privacidad APABEP \u00a0 1 AVISO DE PRIVACIDAD INTEGRAL PARA EL FORMATO DE QUEJAS, DENUNCIAS O SUGERENCIAS 1 AVISO DE PRIVACIDAD SIMPLIFICADO PARA EL SERVICIO DE QUEJAS, DENUNCIAS Y SUGERENCIAS 2 AVISO DE PRIVACIDAD INTEGRAL DEL TR\u00c1MITE DE DENUNCIA POR INCUMPLIMIENTO DE OBLIGACIONES DE TRANSPARENCIA COMUNES Y ESPEC\u00cdFICAS 2 AVISO DE PRIVACIDAD SIMPLIFICADO DEL ... Leer m\u00e1s\" \/>\n<meta property=\"og:url\" content=\"https:\/\/apabep.qroo.gob.mx\/index.php\/avisos-de-privacidad\/\" \/>\n<meta property=\"og:site_name\" content=\"Administraci\u00f3n del Patrimonio de la Beneficencia P\u00fablica\" \/>\n<meta property=\"article:modified_time\" content=\"2025-07-04T21:08:41+00:00\" \/>\n<meta name=\"twitter:card\" content=\"summary_large_image\" \/>\n<meta name=\"twitter:label1\" content=\"Tiempo de lectura\" \/>\n\t<meta name=\"twitter:data1\" content=\"2 minutos\" \/>\n<script type=\"application\/ld+json\" class=\"yoast-schema-graph\">{\"@context\":\"https:\/\/schema.org\",\"@graph\":[{\"@type\":\"WebPage\",\"@id\":\"https:\/\/apabep.qroo.gob.mx\/index.php\/avisos-de-privacidad\/\",\"url\":\"https:\/\/apabep.qroo.gob.mx\/index.php\/avisos-de-privacidad\/\",\"name\":\"Avisos de Privacidad - Administraci\u00f3n del Patrimonio de la Beneficencia P\u00fablica\",\"isPartOf\":{\"@id\":\"https:\/\/apabep.qroo.gob.mx\/#website\"},\"datePublished\":\"2025-07-04T20:51:15+00:00\",\"dateModified\":\"2025-07-04T21:08:41+00:00\",\"breadcrumb\":{\"@id\":\"https:\/\/apabep.qroo.gob.mx\/index.php\/avisos-de-privacidad\/#breadcrumb\"},\"inLanguage\":\"es\",\"potentialAction\":[{\"@type\":\"ReadAction\",\"target\":[\"https:\/\/apabep.qroo.gob.mx\/index.php\/avisos-de-privacidad\/\"]}]},{\"@type\":\"BreadcrumbList\",\"@id\":\"https:\/\/apabep.qroo.gob.mx\/index.php\/avisos-de-privacidad\/#breadcrumb\",\"itemListElement\":[{\"@type\":\"ListItem\",\"position\":1,\"name\":\"Inicio\",\"item\":\"https:\/\/apabep.qroo.gob.mx\/\"},{\"@type\":\"ListItem\",\"position\":2,\"name\":\"Avisos de Privacidad\"}]},{\"@type\":\"WebSite\",\"@id\":\"https:\/\/apabep.qroo.gob.mx\/#website\",\"url\":\"https:\/\/apabep.qroo.gob.mx\/\",\"name\":\"Administraci\u00f3n del Patrimonio de la Beneficencia P\u00fablica\",\"description\":\"La Beneficencia otorga beneficios en especie en temas de salud a trav\u00e9s de sus distintos programas asistenciales.\",\"publisher\":{\"@id\":\"https:\/\/apabep.qroo.gob.mx\/#organization\"},\"potentialAction\":[{\"@type\":\"SearchAction\",\"target\":{\"@type\":\"EntryPoint\",\"urlTemplate\":\"https:\/\/apabep.qroo.gob.mx\/?s={search_term_string}\"},\"query-input\":{\"@type\":\"PropertyValueSpecification\",\"valueRequired\":true,\"valueName\":\"search_term_string\"}}],\"inLanguage\":\"es\"},{\"@type\":\"Organization\",\"@id\":\"https:\/\/apabep.qroo.gob.mx\/#organization\",\"name\":\"Administraci\u00f3n del Patrimonio de la Beneficencia P\u00fablica\",\"url\":\"https:\/\/apabep.qroo.gob.mx\/\",\"logo\":{\"@type\":\"ImageObject\",\"inLanguage\":\"es\",\"@id\":\"https:\/\/apabep.qroo.gob.mx\/#\/schema\/logo\/image\/\",\"url\":\"https:\/\/apabep.qroo.gob.mx\/wp-content\/uploads\/2024\/06\/cropped-APABEP.png\",\"contentUrl\":\"https:\/\/apabep.qroo.gob.mx\/wp-content\/uploads\/2024\/06\/cropped-APABEP.png\",\"width\":1752,\"height\":793,\"caption\":\"Administraci\u00f3n del Patrimonio de la Beneficencia P\u00fablica\"},\"image\":{\"@id\":\"https:\/\/apabep.qroo.gob.mx\/#\/schema\/logo\/image\/\"}}]}<\/script>\n<!-- \/ Yoast SEO plugin. -->","yoast_head_json":{"title":"Avisos de Privacidad - Administraci\u00f3n del Patrimonio de la Beneficencia P\u00fablica","robots":{"index":"noindex","follow":"follow","max-snippet":"max-snippet:-1","max-image-preview":"max-image-preview:large","max-video-preview":"max-video-preview:-1"},"og_locale":"es_MX","og_type":"article","og_title":"Avisos de Privacidad - Administraci\u00f3n del Patrimonio de la Beneficencia P\u00fablica","og_description":"Avisos de privacidad APABEP \u00a0 1 AVISO DE PRIVACIDAD INTEGRAL PARA EL FORMATO DE QUEJAS, DENUNCIAS O SUGERENCIAS 1 AVISO DE PRIVACIDAD SIMPLIFICADO PARA EL SERVICIO DE QUEJAS, DENUNCIAS Y SUGERENCIAS 2 AVISO DE PRIVACIDAD INTEGRAL DEL TR\u00c1MITE DE DENUNCIA POR INCUMPLIMIENTO DE OBLIGACIONES DE TRANSPARENCIA COMUNES Y ESPEC\u00cdFICAS 2 AVISO DE PRIVACIDAD SIMPLIFICADO DEL ... Leer m\u00e1s","og_url":"https:\/\/apabep.qroo.gob.mx\/index.php\/avisos-de-privacidad\/","og_site_name":"Administraci\u00f3n del Patrimonio de la Beneficencia P\u00fablica","article_modified_time":"2025-07-04T21:08:41+00:00","twitter_card":"summary_large_image","twitter_misc":{"Tiempo de lectura":"2 minutos"},"schema":{"@context":"https:\/\/schema.org","@graph":[{"@type":"WebPage","@id":"https:\/\/apabep.qroo.gob.mx\/index.php\/avisos-de-privacidad\/","url":"https:\/\/apabep.qroo.gob.mx\/index.php\/avisos-de-privacidad\/","name":"Avisos de Privacidad - Administraci\u00f3n del Patrimonio de la Beneficencia P\u00fablica","isPartOf":{"@id":"https:\/\/apabep.qroo.gob.mx\/#website"},"datePublished":"2025-07-04T20:51:15+00:00","dateModified":"2025-07-04T21:08:41+00:00","breadcrumb":{"@id":"https:\/\/apabep.qroo.gob.mx\/index.php\/avisos-de-privacidad\/#breadcrumb"},"inLanguage":"es","potentialAction":[{"@type":"ReadAction","target":["https:\/\/apabep.qroo.gob.mx\/index.php\/avisos-de-privacidad\/"]}]},{"@type":"BreadcrumbList","@id":"https:\/\/apabep.qroo.gob.mx\/index.php\/avisos-de-privacidad\/#breadcrumb","itemListElement":[{"@type":"ListItem","position":1,"name":"Inicio","item":"https:\/\/apabep.qroo.gob.mx\/"},{"@type":"ListItem","position":2,"name":"Avisos de Privacidad"}]},{"@type":"WebSite","@id":"https:\/\/apabep.qroo.gob.mx\/#website","url":"https:\/\/apabep.qroo.gob.mx\/","name":"Administraci\u00f3n del Patrimonio de la Beneficencia P\u00fablica","description":"La Beneficencia otorga beneficios en especie en temas de salud a trav\u00e9s de sus distintos programas asistenciales.","publisher":{"@id":"https:\/\/apabep.qroo.gob.mx\/#organization"},"potentialAction":[{"@type":"SearchAction","target":{"@type":"EntryPoint","urlTemplate":"https:\/\/apabep.qroo.gob.mx\/?s={search_term_string}"},"query-input":{"@type":"PropertyValueSpecification","valueRequired":true,"valueName":"search_term_string"}}],"inLanguage":"es"},{"@type":"Organization","@id":"https:\/\/apabep.qroo.gob.mx\/#organization","name":"Administraci\u00f3n del Patrimonio de la Beneficencia P\u00fablica","url":"https:\/\/apabep.qroo.gob.mx\/","logo":{"@type":"ImageObject","inLanguage":"es","@id":"https:\/\/apabep.qroo.gob.mx\/#\/schema\/logo\/image\/","url":"https:\/\/apabep.qroo.gob.mx\/wp-content\/uploads\/2024\/06\/cropped-APABEP.png","contentUrl":"https:\/\/apabep.qroo.gob.mx\/wp-content\/uploads\/2024\/06\/cropped-APABEP.png","width":1752,"height":793,"caption":"Administraci\u00f3n del Patrimonio de la Beneficencia P\u00fablica"},"image":{"@id":"https:\/\/apabep.qroo.gob.mx\/#\/schema\/logo\/image\/"}}]}},"_links":{"self":[{"href":"https:\/\/apabep.qroo.gob.mx\/index.php\/wp-json\/wp\/v2\/pages\/36920","targetHints":{"allow":["GET"]}}],"collection":[{"href":"https:\/\/apabep.qroo.gob.mx\/index.php\/wp-json\/wp\/v2\/pages"}],"about":[{"href":"https:\/\/apabep.qroo.gob.mx\/index.php\/wp-json\/wp\/v2\/types\/page"}],"author":[{"embeddable":true,"href":"https:\/\/apabep.qroo.gob.mx\/index.php\/wp-json\/wp\/v2\/users\/4"}],"replies":[{"embeddable":true,"href":"https:\/\/apabep.qroo.gob.mx\/index.php\/wp-json\/wp\/v2\/comments?post=36920"}],"version-history":[{"count":9,"href":"https:\/\/apabep.qroo.gob.mx\/index.php\/wp-json\/wp\/v2\/pages\/36920\/revisions"}],"predecessor-version":[{"id":36953,"href":"https:\/\/apabep.qroo.gob.mx\/index.php\/wp-json\/wp\/v2\/pages\/36920\/revisions\/36953"}],"wp:attachment":[{"href":"https:\/\/apabep.qroo.gob.mx\/index.php\/wp-json\/wp\/v2\/media?parent=36920"}],"curies":[{"name":"wp","href":"https:\/\/api.w.org\/{rel}","templated":true}]}}