{"id":37112,"date":"2026-04-07T10:29:28","date_gmt":"2026-04-07T15:29:28","guid":{"rendered":"https:\/\/apabep.qroo.gob.mx\/?page_id=37112"},"modified":"2026-04-15T15:16:39","modified_gmt":"2026-04-15T20:16:39","slug":"programa-presupuestario-2026","status":"publish","type":"page","link":"https:\/\/apabep.qroo.gob.mx\/index.php\/programa-presupuestario-2026\/","title":{"rendered":"PROGRAMA PRESUPUESTARIO 2026"},"content":{"rendered":"\t\t<div data-elementor-type=\"wp-page\" data-elementor-id=\"37112\" class=\"elementor elementor-37112\">\n\t\t\t\t<div class=\"elementor-element elementor-element-48ee6ecd e-flex e-con-boxed e-con e-parent\" data-id=\"48ee6ecd\" data-element_type=\"container\">\n\t\t\t\t\t<div class=\"e-con-inner\">\n\t\t\t\t<div class=\"elementor-element elementor-element-251ecda8 elementor-widget elementor-widget-text-editor\" data-id=\"251ecda8\" data-element_type=\"widget\" data-widget_type=\"text-editor.default\">\n\t\t\t\t<div class=\"elementor-widget-container\">\n\t\t\t\t\t\t\t\t\t<h3><strong>PROGRAMA PRESUPUESTARIO 2026<\/strong><\/h3>\n<ul>\n<li><strong>Programa Presupuestario S008<\/strong><\/li>\n<\/ul>\n<p><!-- \/wp:paragraph --><\/p>\n<p><!-- wp:paragraph --><\/p>\n<p><!-- \/wp:paragraph --><\/p>\n<p><!-- wp:paragraph {\"style\":{\"typography\":{\"fontSize\":\"30px\"},\"elements\":{\"link\":{\"color\":{\"text\":\"var:preset|color|contrast-2\"}}}},\"textColor\":\"contrast-2\"} --><\/p>\n<p class=\"has-contrast-2-color has-text-color has-link-color\" style=\"font-size: 30px;\"><strong>REPORTES FESIPPRES<\/strong><\/p>\n<p><!-- \/wp:paragraph --><\/p>\n<p><!-- wp:paragraph {\"style\":{\"elements\":{\"link\":{\"color\":{\"text\":\"var:preset|color|contrast\"}}}},\"textColor\":\"contrast\",\"fontSize\":\"large\"} --><\/p>\n<p class=\"has-contrast-color has-text-color has-link-color has-large-font-size\"><strong>2026<\/strong><\/p>\n<p><!-- \/wp:paragraph --><\/p>\n<p><!-- wp:table {\"hasFixedLayout\":false,\"className\":\"is-style-stripes\"} --><\/p>\n<figure class=\"wp-block-table is-style-stripes\">\n<table>\n<tbody>\n<tr>\n<td>1er Trimestre<\/td>\n<td><strong>ML001<\/strong><\/td>\n<td>\n<ul>\n<li><a href=\"https:\/\/apabep.qroo.gob.mx\/wp-content\/uploads\/2026\/04\/M001-nivel-actividad.pdf\" target=\"_blank\" rel=\"noopener\">PP MM001 NIVEL ACTIVIDAD<\/a><\/li>\n<li><a href=\"https:\/\/drive.google.com\/file\/d\/1BSM_08pup3gn7RiqxgwWRmQFMaPuBM7X\/view?usp=sharing\" target=\"_blank\" rel=\"noopener\">PP MM001 COMPONENTE INDICADORES<\/a><\/li>\n<\/ul>\n<\/td>\n<\/tr>\n<tr>\n<td>\u00a0<\/td>\n<td><strong>S008<\/strong><\/td>\n<td>\n<ul>\n<li><a href=\"https:\/\/apabep.qroo.gob.mx\/wp-content\/uploads\/2026\/04\/Comp-01-apoyos-complementarios.pdf\" target=\"_blank\" rel=\"noopener\">Apoyos complementarios a la salud otorgado<\/a><\/li>\n<li><a href=\"https:\/\/apabep.qroo.gob.mx\/wp-content\/uploads\/2026\/04\/Comp-01-02-unidx-por-una-esperanza.pdf\" target=\"_blank\" rel=\"noopener\">Unidos y unidas por una esperanza<\/a><\/li>\n<li><a href=\"https:\/\/apabep.qroo.gob.mx\/wp-content\/uploads\/2026\/04\/Comp-01-03-unidxs-para-transformar-sonrisas.pdf\" target=\"_blank\" rel=\"noopener\">Unidos y unidas para transformar sonrisas<\/a><\/li>\n<li><a href=\"https:\/\/drive.google.com\/file\/d\/1h2wJgbdc0x0AHb2ImPs7yBLg4KAhrtoW\/view?usp=sharing\" target=\"_blank\" rel=\"noopener\">Apoyos en contribuci\u00f3n a la discapacidad otorgado<\/a><\/li>\n<li><a href=\"https:\/\/apabep.qroo.gob.mx\/wp-content\/uploads\/2026\/04\/Comp.-02-01-Transformamos-tu-Audicion-estatal.pdf\" target=\"_blank\" rel=\"noopener\">Transformamos tu audici\u00f3n Estatal<\/a><\/li>\n<li><a href=\"https:\/\/drive.google.com\/file\/d\/1DgxKZpetnCWPiO5wOmKPiLqof0cyNxRf\/view?usp=sharing\" target=\"_blank\" rel=\"noopener\">Transformamos tu visi\u00f3n Estatal<\/a><\/li>\n<li><a href=\"https:\/\/apabep.qroo.gob.mx\/wp-content\/uploads\/2026\/04\/Comp-02-03-trans-tu-calidad-vida-EST-I-TRIM.pdf\" target=\"_blank\" rel=\"noopener\">Transformamos tu calidad de vida Estatal<\/a><\/li>\n<li><a href=\"https:\/\/apabep.qroo.gob.mx\/wp-content\/uploads\/2026\/04\/Comp-03-01-para-sentirme-mejor.pdf\" target=\"_blank\" rel=\"noopener\">Apoyo en contribuci\u00f3n a la salud de la mujer otorgados<\/a><\/li>\n<li><a href=\"https:\/\/apabep.qroo.gob.mx\/wp-content\/uploads\/2026\/04\/Comp-03-01-para-sentirme-mejor.pdf\" target=\"_blank\" rel=\"noopener\">Para sentirme mejor<\/a><\/li>\n<\/ul>\n<\/td>\n<\/tr>\n<tr>\n<td>\u00a0<\/td>\n<td>\u00a0<\/td>\n<td>\u00a0<\/td>\n<\/tr>\n<tr>\n<td>\u00a0<\/td>\n<td>\u00a0<\/td>\n<td>\u00a0<\/td>\n<\/tr>\n<tr>\n<td>\u00a0<\/td>\n<td>\u00a0<\/td>\n<td>\u00a0<\/td>\n<\/tr>\n<tr>\n<td>\u00a0<\/td>\n<td>\u00a0<\/td>\n<td>\u00a0<\/td>\n<\/tr>\n<tr>\n<td>\u00a0<\/td>\n<td>\u00a0<\/td>\n<td>\u00a0<\/td>\n<\/tr>\n<tr>\n<td>\u00a0<\/td>\n<td>\u00a0<\/td>\n<td>\u00a0<\/td>\n<\/tr>\n<\/tbody>\n<\/table>\n<\/figure>\n<p><!-- \/wp:table --><\/p>\n<p><!-- wp:paragraph {\"style\":{\"elements\":{\"link\":{\"color\":{\"text\":\"var:preset|color|contrast\"}}}},\"textColor\":\"contrast\",\"fontSize\":\"large\"} --><\/p>\n<p><!-- \/wp:paragraph --><\/p>\n<figure class=\"wp-block-table is-style-stripes\"><\/figure>\n<p><!-- \/wp:table --><\/p>\n<p><!-- wp:paragraph {\"style\":{\"typography\":{\"fontSize\":\"30px\"},\"elements\":{\"link\":{\"color\":{\"text\":\"var:preset|color|contrast-2\"}}}},\"textColor\":\"contrast-2\"} --><\/p>\n<p class=\"has-contrast-2-color has-text-color has-link-color\" style=\"font-size: 30px;\"><strong>METODOLOG\u00cdA DEL MARCO L\u00d3GICO<\/strong><\/p>\n<p><!-- \/wp:paragraph --><\/p>\n<p><!-- wp:paragraph --><\/p>\n<ul>\n<li><strong><a href=\"https:\/\/drive.google.com\/file\/d\/1fum1rMpftTn49eghxXNGv1ZkGdV_hTDf\/view?usp=sharing\" target=\"_blank\" rel=\"noopener\">MML M001<\/a><\/strong><\/li>\n<li><a href=\"https:\/\/drive.google.com\/file\/d\/1DV505cQB_PqVfpvgnulXyQOo9OVDTOeo\/view?usp=sharing\" target=\"_blank\" rel=\"noopener\"><strong>MML S008<\/strong><\/a><\/li>\n<\/ul>\n<p><!-- \/wp:paragraph --><\/p>\n<p><!-- wp:paragraph --><\/p>\n<p><!-- \/wp:paragraph --><\/p>\n<p><!-- wp:paragraph {\"style\":{\"typography\":{\"fontSize\":\"30px\"},\"elements\":{\"link\":{\"color\":{\"text\":\"var:preset|color|contrast-2\"}}}},\"textColor\":\"contrast-2\"} --><\/p>\n<p class=\"has-contrast-2-color has-text-color has-link-color\" style=\"font-size: 30px;\"><strong>PLAN ESTATAL DEL DESARROLLO 2023-2027<\/strong><\/p>\n<ul>\n<li><strong><a href=\"https:\/\/apabep.qroo.gob.mx\/wp-content\/uploads\/2024\/08\/PED_2023_2027_FINAL.pdf\" target=\"_blank\" rel=\"noopener\">PED_2023_2027_FINAL<\/a><\/strong><\/li>\n<\/ul>\n<p><!-- \/wp:paragraph --><\/p>\n<p><!-- wp:paragraph {\"style\":{\"elements\":{\"link\":{\"color\":{\"text\":\"var:preset|color|contrast-2\"}}},\"typography\":{\"fontSize\":\"30px\"}},\"textColor\":\"contrast-2\"} --><\/p>\n<p class=\"has-contrast-2-color has-text-color has-link-color\" style=\"font-size: 30px;\"><strong>PROGRAMA SECTORIAL SALUD PARA TODOS<\/strong><\/p>\n<ul>\n<li><a href=\"https:\/\/apabep.qroo.gob.mx\/wp-content\/uploads\/2024\/08\/Programa-Sectorial-de-Salud-para-Todos.pdf\" target=\"_blank\" rel=\"noopener\"><strong>Programa Sectorial de Salud para Todos<\/strong><\/a><\/li>\n<\/ul>\n<p><!-- \/wp:paragraph --><\/p>\n<p><!-- wp:paragraph --><\/p>\n<p><!-- \/wp:paragraph --><\/p>\t\t\t\t\t\t\t\t<\/div>\n\t\t\t\t<\/div>\n\t\t\t\t\t<\/div>\n\t\t\t\t<\/div>\n\t\t\t\t<\/div>\n\t\t","protected":false},"excerpt":{"rendered":"<p>PROGRAMA PRESUPUESTARIO 2026 Programa Presupuestario S008 REPORTES FESIPPRES 2026 1er Trimestre ML001 PP MM001 NIVEL ACTIVIDAD PP MM001 COMPONENTE INDICADORES \u00a0 S008 Apoyos complementarios a la salud otorgado Unidos y unidas por una esperanza Unidos y unidas para transformar sonrisas Apoyos en contribuci\u00f3n a la discapacidad otorgado Transformamos tu audici\u00f3n Estatal Transformamos tu visi\u00f3n Estatal &#8230; <a title=\"PROGRAMA PRESUPUESTARIO 2026\" class=\"read-more\" href=\"https:\/\/apabep.qroo.gob.mx\/index.php\/programa-presupuestario-2026\/\" aria-label=\"Leer m\u00e1s sobre PROGRAMA PRESUPUESTARIO 2026\">Leer m\u00e1s<\/a><\/p>\n","protected":false},"author":4,"featured_media":0,"parent":0,"menu_order":0,"comment_status":"closed","ping_status":"closed","template":"","meta":{"footnotes":""},"class_list":["post-37112","page","type-page","status-publish"],"yoast_head":"<!-- This site is optimized with the Yoast SEO plugin v25.3 - https:\/\/yoast.com\/wordpress\/plugins\/seo\/ -->\n<title>PROGRAMA PRESUPUESTARIO 2026 - Administraci\u00f3n del Patrimonio de la Beneficencia P\u00fablica<\/title>\n<meta name=\"robots\" content=\"noindex, follow, max-snippet:-1, max-image-preview:large, max-video-preview:-1\" \/>\n<meta property=\"og:locale\" content=\"es_MX\" \/>\n<meta property=\"og:type\" content=\"article\" \/>\n<meta property=\"og:title\" content=\"PROGRAMA PRESUPUESTARIO 2026 - Administraci\u00f3n del Patrimonio de la Beneficencia P\u00fablica\" \/>\n<meta property=\"og:description\" content=\"PROGRAMA PRESUPUESTARIO 2026 Programa Presupuestario S008 REPORTES FESIPPRES 2026 1er Trimestre ML001 PP MM001 NIVEL ACTIVIDAD PP MM001 COMPONENTE INDICADORES \u00a0 S008 Apoyos complementarios a la salud otorgado Unidos y unidas por una esperanza Unidos y unidas para transformar sonrisas Apoyos en contribuci\u00f3n a la discapacidad otorgado Transformamos tu audici\u00f3n Estatal Transformamos tu visi\u00f3n Estatal ... Leer m\u00e1s\" \/>\n<meta property=\"og:url\" content=\"https:\/\/apabep.qroo.gob.mx\/index.php\/programa-presupuestario-2026\/\" \/>\n<meta property=\"og:site_name\" content=\"Administraci\u00f3n del Patrimonio de la Beneficencia P\u00fablica\" \/>\n<meta property=\"article:modified_time\" content=\"2026-04-15T20:16:39+00:00\" \/>\n<meta name=\"twitter:card\" content=\"summary_large_image\" \/>\n<meta name=\"twitter:label1\" content=\"Tiempo de lectura\" \/>\n\t<meta name=\"twitter:data1\" content=\"1 minuto\" \/>\n<script type=\"application\/ld+json\" class=\"yoast-schema-graph\">{\"@context\":\"https:\/\/schema.org\",\"@graph\":[{\"@type\":\"WebPage\",\"@id\":\"https:\/\/apabep.qroo.gob.mx\/index.php\/programa-presupuestario-2026\/\",\"url\":\"https:\/\/apabep.qroo.gob.mx\/index.php\/programa-presupuestario-2026\/\",\"name\":\"PROGRAMA PRESUPUESTARIO 2026 - Administraci\u00f3n del Patrimonio de la Beneficencia P\u00fablica\",\"isPartOf\":{\"@id\":\"https:\/\/apabep.qroo.gob.mx\/#website\"},\"datePublished\":\"2026-04-07T15:29:28+00:00\",\"dateModified\":\"2026-04-15T20:16:39+00:00\",\"breadcrumb\":{\"@id\":\"https:\/\/apabep.qroo.gob.mx\/index.php\/programa-presupuestario-2026\/#breadcrumb\"},\"inLanguage\":\"es\",\"potentialAction\":[{\"@type\":\"ReadAction\",\"target\":[\"https:\/\/apabep.qroo.gob.mx\/index.php\/programa-presupuestario-2026\/\"]}]},{\"@type\":\"BreadcrumbList\",\"@id\":\"https:\/\/apabep.qroo.gob.mx\/index.php\/programa-presupuestario-2026\/#breadcrumb\",\"itemListElement\":[{\"@type\":\"ListItem\",\"position\":1,\"name\":\"Inicio\",\"item\":\"https:\/\/apabep.qroo.gob.mx\/\"},{\"@type\":\"ListItem\",\"position\":2,\"name\":\"PROGRAMA PRESUPUESTARIO 2026\"}]},{\"@type\":\"WebSite\",\"@id\":\"https:\/\/apabep.qroo.gob.mx\/#website\",\"url\":\"https:\/\/apabep.qroo.gob.mx\/\",\"name\":\"Administraci\u00f3n del Patrimonio de la Beneficencia P\u00fablica\",\"description\":\"La Beneficencia otorga beneficios en especie en temas de salud a trav\u00e9s de sus distintos programas asistenciales.\",\"publisher\":{\"@id\":\"https:\/\/apabep.qroo.gob.mx\/#organization\"},\"potentialAction\":[{\"@type\":\"SearchAction\",\"target\":{\"@type\":\"EntryPoint\",\"urlTemplate\":\"https:\/\/apabep.qroo.gob.mx\/?s={search_term_string}\"},\"query-input\":{\"@type\":\"PropertyValueSpecification\",\"valueRequired\":true,\"valueName\":\"search_term_string\"}}],\"inLanguage\":\"es\"},{\"@type\":\"Organization\",\"@id\":\"https:\/\/apabep.qroo.gob.mx\/#organization\",\"name\":\"Administraci\u00f3n del Patrimonio de la Beneficencia P\u00fablica\",\"url\":\"https:\/\/apabep.qroo.gob.mx\/\",\"logo\":{\"@type\":\"ImageObject\",\"inLanguage\":\"es\",\"@id\":\"https:\/\/apabep.qroo.gob.mx\/#\/schema\/logo\/image\/\",\"url\":\"https:\/\/apabep.qroo.gob.mx\/wp-content\/uploads\/2024\/06\/cropped-APABEP.png\",\"contentUrl\":\"https:\/\/apabep.qroo.gob.mx\/wp-content\/uploads\/2024\/06\/cropped-APABEP.png\",\"width\":1752,\"height\":793,\"caption\":\"Administraci\u00f3n del Patrimonio de la Beneficencia P\u00fablica\"},\"image\":{\"@id\":\"https:\/\/apabep.qroo.gob.mx\/#\/schema\/logo\/image\/\"}}]}<\/script>\n<!-- \/ Yoast SEO plugin. -->","yoast_head_json":{"title":"PROGRAMA PRESUPUESTARIO 2026 - Administraci\u00f3n del Patrimonio de la Beneficencia P\u00fablica","robots":{"index":"noindex","follow":"follow","max-snippet":"max-snippet:-1","max-image-preview":"max-image-preview:large","max-video-preview":"max-video-preview:-1"},"og_locale":"es_MX","og_type":"article","og_title":"PROGRAMA PRESUPUESTARIO 2026 - Administraci\u00f3n del Patrimonio de la Beneficencia P\u00fablica","og_description":"PROGRAMA PRESUPUESTARIO 2026 Programa Presupuestario S008 REPORTES FESIPPRES 2026 1er Trimestre ML001 PP MM001 NIVEL ACTIVIDAD PP MM001 COMPONENTE INDICADORES \u00a0 S008 Apoyos complementarios a la salud otorgado Unidos y unidas por una esperanza Unidos y unidas para transformar sonrisas Apoyos en contribuci\u00f3n a la discapacidad otorgado Transformamos tu audici\u00f3n Estatal Transformamos tu visi\u00f3n Estatal ... Leer m\u00e1s","og_url":"https:\/\/apabep.qroo.gob.mx\/index.php\/programa-presupuestario-2026\/","og_site_name":"Administraci\u00f3n del Patrimonio de la Beneficencia P\u00fablica","article_modified_time":"2026-04-15T20:16:39+00:00","twitter_card":"summary_large_image","twitter_misc":{"Tiempo de lectura":"1 minuto"},"schema":{"@context":"https:\/\/schema.org","@graph":[{"@type":"WebPage","@id":"https:\/\/apabep.qroo.gob.mx\/index.php\/programa-presupuestario-2026\/","url":"https:\/\/apabep.qroo.gob.mx\/index.php\/programa-presupuestario-2026\/","name":"PROGRAMA PRESUPUESTARIO 2026 - Administraci\u00f3n del Patrimonio de la Beneficencia P\u00fablica","isPartOf":{"@id":"https:\/\/apabep.qroo.gob.mx\/#website"},"datePublished":"2026-04-07T15:29:28+00:00","dateModified":"2026-04-15T20:16:39+00:00","breadcrumb":{"@id":"https:\/\/apabep.qroo.gob.mx\/index.php\/programa-presupuestario-2026\/#breadcrumb"},"inLanguage":"es","potentialAction":[{"@type":"ReadAction","target":["https:\/\/apabep.qroo.gob.mx\/index.php\/programa-presupuestario-2026\/"]}]},{"@type":"BreadcrumbList","@id":"https:\/\/apabep.qroo.gob.mx\/index.php\/programa-presupuestario-2026\/#breadcrumb","itemListElement":[{"@type":"ListItem","position":1,"name":"Inicio","item":"https:\/\/apabep.qroo.gob.mx\/"},{"@type":"ListItem","position":2,"name":"PROGRAMA PRESUPUESTARIO 2026"}]},{"@type":"WebSite","@id":"https:\/\/apabep.qroo.gob.mx\/#website","url":"https:\/\/apabep.qroo.gob.mx\/","name":"Administraci\u00f3n del Patrimonio de la Beneficencia P\u00fablica","description":"La Beneficencia otorga beneficios en especie en temas de salud a trav\u00e9s de sus distintos programas asistenciales.","publisher":{"@id":"https:\/\/apabep.qroo.gob.mx\/#organization"},"potentialAction":[{"@type":"SearchAction","target":{"@type":"EntryPoint","urlTemplate":"https:\/\/apabep.qroo.gob.mx\/?s={search_term_string}"},"query-input":{"@type":"PropertyValueSpecification","valueRequired":true,"valueName":"search_term_string"}}],"inLanguage":"es"},{"@type":"Organization","@id":"https:\/\/apabep.qroo.gob.mx\/#organization","name":"Administraci\u00f3n del Patrimonio de la Beneficencia P\u00fablica","url":"https:\/\/apabep.qroo.gob.mx\/","logo":{"@type":"ImageObject","inLanguage":"es","@id":"https:\/\/apabep.qroo.gob.mx\/#\/schema\/logo\/image\/","url":"https:\/\/apabep.qroo.gob.mx\/wp-content\/uploads\/2024\/06\/cropped-APABEP.png","contentUrl":"https:\/\/apabep.qroo.gob.mx\/wp-content\/uploads\/2024\/06\/cropped-APABEP.png","width":1752,"height":793,"caption":"Administraci\u00f3n del Patrimonio de la Beneficencia P\u00fablica"},"image":{"@id":"https:\/\/apabep.qroo.gob.mx\/#\/schema\/logo\/image\/"}}]}},"_links":{"self":[{"href":"https:\/\/apabep.qroo.gob.mx\/index.php\/wp-json\/wp\/v2\/pages\/37112","targetHints":{"allow":["GET"]}}],"collection":[{"href":"https:\/\/apabep.qroo.gob.mx\/index.php\/wp-json\/wp\/v2\/pages"}],"about":[{"href":"https:\/\/apabep.qroo.gob.mx\/index.php\/wp-json\/wp\/v2\/types\/page"}],"author":[{"embeddable":true,"href":"https:\/\/apabep.qroo.gob.mx\/index.php\/wp-json\/wp\/v2\/users\/4"}],"replies":[{"embeddable":true,"href":"https:\/\/apabep.qroo.gob.mx\/index.php\/wp-json\/wp\/v2\/comments?post=37112"}],"version-history":[{"count":32,"href":"https:\/\/apabep.qroo.gob.mx\/index.php\/wp-json\/wp\/v2\/pages\/37112\/revisions"}],"predecessor-version":[{"id":37412,"href":"https:\/\/apabep.qroo.gob.mx\/index.php\/wp-json\/wp\/v2\/pages\/37112\/revisions\/37412"}],"wp:attachment":[{"href":"https:\/\/apabep.qroo.gob.mx\/index.php\/wp-json\/wp\/v2\/media?parent=37112"}],"curies":[{"name":"wp","href":"https:\/\/api.w.org\/{rel}","templated":true}]}}