{"id":37265,"date":"2026-03-31T16:56:34","date_gmt":"2026-03-31T21:56:34","guid":{"rendered":"https:\/\/apabep.qroo.gob.mx\/?page_id=37265"},"modified":"2026-04-01T14:32:19","modified_gmt":"2026-04-01T19:32:19","slug":"obligaciones-de-transparencia","status":"publish","type":"page","link":"https:\/\/apabep.qroo.gob.mx\/index.php\/obligaciones-de-transparencia\/","title":{"rendered":"Obligaciones de Transparencia"},"content":{"rendered":"\t\t<div data-elementor-type=\"wp-page\" data-elementor-id=\"37265\" class=\"elementor elementor-37265\">\n\t\t\t\t<div class=\"elementor-element elementor-element-71ffb4b6 e-con-full e-flex e-con e-parent\" data-id=\"71ffb4b6\" data-element_type=\"container\">\n\t\t\t\t<div class=\"elementor-element elementor-element-2a2e3bec elementor-widget elementor-widget-text-editor\" data-id=\"2a2e3bec\" data-element_type=\"widget\" data-widget_type=\"text-editor.default\">\n\t\t\t\t<div class=\"elementor-widget-container\">\n\t\t\t\t\t\t\t\t\t<p>\u00a0<\/p>\n<p class=\"has-contrast-color has-text-color has-link-color\" style=\"font-size: 40px;\"><strong>Obligaciones de Transparencia<\/strong><\/p>\n<p><!-- \/wp:paragraph --><!-- wp:paragraph {\"style\":{\"elements\":{\"link\":{\"color\":{\"text\":\"var:preset|color|contrast-2\"}}},\"typography\":{\"fontSize\":\"30px\"}},\"textColor\":\"contrast-2\"} --><\/p>\n<p><!-- \/wp:paragraph --><!-- wp:table {\"className\":\"is-style-stripes\"} --><\/p>\n<figure class=\"wp-block-table is-style-stripes\">\n<table class=\"has-fixed-layout\">\n<tbody>\n<tr>\n<td>\n<h4><a href=\"https:\/\/apabep.qroo.gob.mx\/index.php\/tabla-de-aplicabilidad-beneficencia-publica\/\" target=\"_blank\" rel=\"noopener\"><strong>Tabla de aplicabilidad<\/strong><\/a><\/h4>\n<a href=\"https:\/\/apabep.qroo.gob.mx\/wp-content\/uploads\/2026\/03\/TABLA-DE-APLICABILIDAD-DE-LA-APABEP.pdf\" target=\"_blank\" rel=\"noopener\">Descargar<\/a><\/td>\n<\/tr>\n<tr>\n<td>\u00a0<\/td>\n<\/tr>\n<tr>\n<td>\n<h4><a href=\"https:\/\/apabep.qroo.gob.mx\/wp-content\/uploads\/2026\/03\/TABLA-DE-CONSERVACION-DE-LA-APABEP.pdf\" target=\"_blank\" rel=\"noopener\"><strong>Tabla de Conservaci\u00f3n<\/strong><\/a><\/h4>\n<\/td>\n<\/tr>\n<tr>\n<td>\u00a0<\/td>\n<\/tr>\n<tr>\n<td>\n<h4><a href=\"https:\/\/consultapublicamx.plataformadetransparencia.org.mx\/vut-web\/faces\/view\/consultaPublica.xhtml?idEntidad=MjM=&amp;idOrgano=MjM=&amp;idSujetoObligado=NDYwNA==#inicio\" target=\"_blank\" rel=\"noopener\"><strong>Consulta las Obligaciones de Transparencia aplicables en la PNT<\/strong><\/a><\/h4>\n<\/td>\n<\/tr>\n<tr>\n<td>\u00a0<\/td>\n<\/tr>\n<\/tbody>\n<\/table>\n<\/figure>\n<p><!-- \/wp:table --><!-- wp:paragraph {\"style\":{\"elements\":{\"link\":{\"color\":{\"text\":\"var:preset|color|contrast-2\"}}},\"typography\":{\"fontSize\":\"30px\"}},\"textColor\":\"contrast-2\"} --><\/p>\n<p><!-- \/wp:paragraph --><!-- wp:paragraph --><\/p>\n<p><!-- \/wp:paragraph --><\/p>\t\t\t\t\t\t\t\t<\/div>\n\t\t\t\t<\/div>\n\t\t\t\t<\/div>\n\t\t\t\t<\/div>\n\t\t","protected":false},"excerpt":{"rendered":"<p>\u00a0 Obligaciones de Transparencia Tabla de aplicabilidad Descargar \u00a0 Tabla de Conservaci\u00f3n \u00a0 Consulta las Obligaciones de Transparencia aplicables en la PNT \u00a0<\/p>\n","protected":false},"author":4,"featured_media":0,"parent":0,"menu_order":0,"comment_status":"closed","ping_status":"closed","template":"","meta":{"footnotes":""},"class_list":["post-37265","page","type-page","status-publish"],"yoast_head":"<!-- This site is optimized with the Yoast SEO plugin v25.3 - https:\/\/yoast.com\/wordpress\/plugins\/seo\/ -->\n<title>Obligaciones de Transparencia - Administraci\u00f3n del Patrimonio de la Beneficencia P\u00fablica<\/title>\n<meta name=\"robots\" content=\"noindex, follow, max-snippet:-1, max-image-preview:large, max-video-preview:-1\" \/>\n<meta property=\"og:locale\" content=\"es_MX\" \/>\n<meta property=\"og:type\" content=\"article\" \/>\n<meta property=\"og:title\" content=\"Obligaciones de Transparencia - Administraci\u00f3n del Patrimonio de la Beneficencia P\u00fablica\" \/>\n<meta property=\"og:description\" content=\"\u00a0 Obligaciones de Transparencia Tabla de aplicabilidad Descargar \u00a0 Tabla de Conservaci\u00f3n \u00a0 Consulta las Obligaciones de Transparencia aplicables en la PNT \u00a0\" \/>\n<meta property=\"og:url\" content=\"https:\/\/apabep.qroo.gob.mx\/index.php\/obligaciones-de-transparencia\/\" \/>\n<meta property=\"og:site_name\" content=\"Administraci\u00f3n del Patrimonio de la Beneficencia P\u00fablica\" \/>\n<meta property=\"article:modified_time\" content=\"2026-04-01T19:32:19+00:00\" \/>\n<meta name=\"twitter:card\" content=\"summary_large_image\" \/>\n<meta name=\"twitter:label1\" content=\"Tiempo de lectura\" \/>\n\t<meta name=\"twitter:data1\" content=\"1 minuto\" \/>\n<script type=\"application\/ld+json\" class=\"yoast-schema-graph\">{\"@context\":\"https:\/\/schema.org\",\"@graph\":[{\"@type\":\"WebPage\",\"@id\":\"https:\/\/apabep.qroo.gob.mx\/index.php\/obligaciones-de-transparencia\/\",\"url\":\"https:\/\/apabep.qroo.gob.mx\/index.php\/obligaciones-de-transparencia\/\",\"name\":\"Obligaciones de Transparencia - Administraci\u00f3n del Patrimonio de la Beneficencia P\u00fablica\",\"isPartOf\":{\"@id\":\"https:\/\/apabep.qroo.gob.mx\/#website\"},\"datePublished\":\"2026-03-31T21:56:34+00:00\",\"dateModified\":\"2026-04-01T19:32:19+00:00\",\"breadcrumb\":{\"@id\":\"https:\/\/apabep.qroo.gob.mx\/index.php\/obligaciones-de-transparencia\/#breadcrumb\"},\"inLanguage\":\"es\",\"potentialAction\":[{\"@type\":\"ReadAction\",\"target\":[\"https:\/\/apabep.qroo.gob.mx\/index.php\/obligaciones-de-transparencia\/\"]}]},{\"@type\":\"BreadcrumbList\",\"@id\":\"https:\/\/apabep.qroo.gob.mx\/index.php\/obligaciones-de-transparencia\/#breadcrumb\",\"itemListElement\":[{\"@type\":\"ListItem\",\"position\":1,\"name\":\"Inicio\",\"item\":\"https:\/\/apabep.qroo.gob.mx\/\"},{\"@type\":\"ListItem\",\"position\":2,\"name\":\"Obligaciones de Transparencia\"}]},{\"@type\":\"WebSite\",\"@id\":\"https:\/\/apabep.qroo.gob.mx\/#website\",\"url\":\"https:\/\/apabep.qroo.gob.mx\/\",\"name\":\"Administraci\u00f3n del Patrimonio de la Beneficencia P\u00fablica\",\"description\":\"La Beneficencia otorga beneficios en especie en temas de salud a trav\u00e9s de sus distintos programas asistenciales.\",\"publisher\":{\"@id\":\"https:\/\/apabep.qroo.gob.mx\/#organization\"},\"potentialAction\":[{\"@type\":\"SearchAction\",\"target\":{\"@type\":\"EntryPoint\",\"urlTemplate\":\"https:\/\/apabep.qroo.gob.mx\/?s={search_term_string}\"},\"query-input\":{\"@type\":\"PropertyValueSpecification\",\"valueRequired\":true,\"valueName\":\"search_term_string\"}}],\"inLanguage\":\"es\"},{\"@type\":\"Organization\",\"@id\":\"https:\/\/apabep.qroo.gob.mx\/#organization\",\"name\":\"Administraci\u00f3n del Patrimonio de la Beneficencia P\u00fablica\",\"url\":\"https:\/\/apabep.qroo.gob.mx\/\",\"logo\":{\"@type\":\"ImageObject\",\"inLanguage\":\"es\",\"@id\":\"https:\/\/apabep.qroo.gob.mx\/#\/schema\/logo\/image\/\",\"url\":\"https:\/\/apabep.qroo.gob.mx\/wp-content\/uploads\/2024\/06\/cropped-APABEP.png\",\"contentUrl\":\"https:\/\/apabep.qroo.gob.mx\/wp-content\/uploads\/2024\/06\/cropped-APABEP.png\",\"width\":1752,\"height\":793,\"caption\":\"Administraci\u00f3n del Patrimonio de la Beneficencia P\u00fablica\"},\"image\":{\"@id\":\"https:\/\/apabep.qroo.gob.mx\/#\/schema\/logo\/image\/\"}}]}<\/script>\n<!-- \/ Yoast SEO plugin. -->","yoast_head_json":{"title":"Obligaciones de Transparencia - Administraci\u00f3n del Patrimonio de la Beneficencia P\u00fablica","robots":{"index":"noindex","follow":"follow","max-snippet":"max-snippet:-1","max-image-preview":"max-image-preview:large","max-video-preview":"max-video-preview:-1"},"og_locale":"es_MX","og_type":"article","og_title":"Obligaciones de Transparencia - Administraci\u00f3n del Patrimonio de la Beneficencia P\u00fablica","og_description":"\u00a0 Obligaciones de Transparencia Tabla de aplicabilidad Descargar \u00a0 Tabla de Conservaci\u00f3n \u00a0 Consulta las Obligaciones de Transparencia aplicables en la PNT \u00a0","og_url":"https:\/\/apabep.qroo.gob.mx\/index.php\/obligaciones-de-transparencia\/","og_site_name":"Administraci\u00f3n del Patrimonio de la Beneficencia P\u00fablica","article_modified_time":"2026-04-01T19:32:19+00:00","twitter_card":"summary_large_image","twitter_misc":{"Tiempo de lectura":"1 minuto"},"schema":{"@context":"https:\/\/schema.org","@graph":[{"@type":"WebPage","@id":"https:\/\/apabep.qroo.gob.mx\/index.php\/obligaciones-de-transparencia\/","url":"https:\/\/apabep.qroo.gob.mx\/index.php\/obligaciones-de-transparencia\/","name":"Obligaciones de Transparencia - Administraci\u00f3n del Patrimonio de la Beneficencia P\u00fablica","isPartOf":{"@id":"https:\/\/apabep.qroo.gob.mx\/#website"},"datePublished":"2026-03-31T21:56:34+00:00","dateModified":"2026-04-01T19:32:19+00:00","breadcrumb":{"@id":"https:\/\/apabep.qroo.gob.mx\/index.php\/obligaciones-de-transparencia\/#breadcrumb"},"inLanguage":"es","potentialAction":[{"@type":"ReadAction","target":["https:\/\/apabep.qroo.gob.mx\/index.php\/obligaciones-de-transparencia\/"]}]},{"@type":"BreadcrumbList","@id":"https:\/\/apabep.qroo.gob.mx\/index.php\/obligaciones-de-transparencia\/#breadcrumb","itemListElement":[{"@type":"ListItem","position":1,"name":"Inicio","item":"https:\/\/apabep.qroo.gob.mx\/"},{"@type":"ListItem","position":2,"name":"Obligaciones de Transparencia"}]},{"@type":"WebSite","@id":"https:\/\/apabep.qroo.gob.mx\/#website","url":"https:\/\/apabep.qroo.gob.mx\/","name":"Administraci\u00f3n del Patrimonio de la Beneficencia P\u00fablica","description":"La Beneficencia otorga beneficios en especie en temas de salud a trav\u00e9s de sus distintos programas asistenciales.","publisher":{"@id":"https:\/\/apabep.qroo.gob.mx\/#organization"},"potentialAction":[{"@type":"SearchAction","target":{"@type":"EntryPoint","urlTemplate":"https:\/\/apabep.qroo.gob.mx\/?s={search_term_string}"},"query-input":{"@type":"PropertyValueSpecification","valueRequired":true,"valueName":"search_term_string"}}],"inLanguage":"es"},{"@type":"Organization","@id":"https:\/\/apabep.qroo.gob.mx\/#organization","name":"Administraci\u00f3n del Patrimonio de la Beneficencia P\u00fablica","url":"https:\/\/apabep.qroo.gob.mx\/","logo":{"@type":"ImageObject","inLanguage":"es","@id":"https:\/\/apabep.qroo.gob.mx\/#\/schema\/logo\/image\/","url":"https:\/\/apabep.qroo.gob.mx\/wp-content\/uploads\/2024\/06\/cropped-APABEP.png","contentUrl":"https:\/\/apabep.qroo.gob.mx\/wp-content\/uploads\/2024\/06\/cropped-APABEP.png","width":1752,"height":793,"caption":"Administraci\u00f3n del Patrimonio de la Beneficencia P\u00fablica"},"image":{"@id":"https:\/\/apabep.qroo.gob.mx\/#\/schema\/logo\/image\/"}}]}},"_links":{"self":[{"href":"https:\/\/apabep.qroo.gob.mx\/index.php\/wp-json\/wp\/v2\/pages\/37265","targetHints":{"allow":["GET"]}}],"collection":[{"href":"https:\/\/apabep.qroo.gob.mx\/index.php\/wp-json\/wp\/v2\/pages"}],"about":[{"href":"https:\/\/apabep.qroo.gob.mx\/index.php\/wp-json\/wp\/v2\/types\/page"}],"author":[{"embeddable":true,"href":"https:\/\/apabep.qroo.gob.mx\/index.php\/wp-json\/wp\/v2\/users\/4"}],"replies":[{"embeddable":true,"href":"https:\/\/apabep.qroo.gob.mx\/index.php\/wp-json\/wp\/v2\/comments?post=37265"}],"version-history":[{"count":37,"href":"https:\/\/apabep.qroo.gob.mx\/index.php\/wp-json\/wp\/v2\/pages\/37265\/revisions"}],"predecessor-version":[{"id":37356,"href":"https:\/\/apabep.qroo.gob.mx\/index.php\/wp-json\/wp\/v2\/pages\/37265\/revisions\/37356"}],"wp:attachment":[{"href":"https:\/\/apabep.qroo.gob.mx\/index.php\/wp-json\/wp\/v2\/media?parent=37265"}],"curies":[{"name":"wp","href":"https:\/\/api.w.org\/{rel}","templated":true}]}}