{"id":37325,"date":"2026-04-01T14:12:25","date_gmt":"2026-04-01T19:12:25","guid":{"rendered":"https:\/\/apabep.qroo.gob.mx\/?page_id=37325"},"modified":"2026-04-01T14:36:54","modified_gmt":"2026-04-01T19:36:54","slug":"tabla-de-aplicabilidad-beneficencia-publica","status":"publish","type":"page","link":"https:\/\/apabep.qroo.gob.mx\/index.php\/tabla-de-aplicabilidad-beneficencia-publica\/","title":{"rendered":"Tabla de Aplicabilidad Beneficencia P\u00fablica"},"content":{"rendered":"\t\t<div data-elementor-type=\"wp-page\" data-elementor-id=\"37325\" class=\"elementor elementor-37325\">\n\t\t\t\t<div class=\"elementor-element elementor-element-36a72d3b e-flex e-con-boxed e-con e-parent\" data-id=\"36a72d3b\" data-element_type=\"container\">\n\t\t\t\t\t<div class=\"e-con-inner\">\n\t\t\t\t<div class=\"elementor-element elementor-element-4d99b367 elementor-widget elementor-widget-text-editor\" data-id=\"4d99b367\" data-element_type=\"widget\" data-widget_type=\"text-editor.default\">\n\t\t\t\t<div class=\"elementor-widget-container\">\n\t\t\t\t\t\t\t\t\t\n<h4>\u00a0<\/h4>\n<h4 class=\"wp-block-table is-style-stripes\" style=\"text-align: center;\">Tabla de Aplicabilidad<\/h4>\n<h5 class=\"wp-block-table is-style-stripes\" style=\"text-align: center;\"><strong> Administraci\u00f3n del Patrimonio de la Beneficencia P\u00fablica del Estado de Quintana Roo<\/strong><\/h5>\n<table>\n<tbody>\n<tr>\n<td>\u00a0<\/td>\n<td><strong>ART\u00cdCULO 75 FRACCIONES COMUNES<\/strong><\/td>\n<\/tr>\n<tr>\n<td>\u00a0<\/td>\n<td><a href=\"https:\/\/apabep.qroo.gob.mx\/wp-content\/uploads\/2026\/03\/TABLA-DE-APLICABILIDAD-DE-LA-APABEP.pdf\">Descargar<\/a><\/td>\n<\/tr>\n<tr>\n<td>I.<\/td>\n<td>Marco normativo;<\/td>\n<\/tr>\n<tr>\n<td>II.<\/td>\n<td>Estructura org\u00e1nica;<\/td>\n<\/tr>\n<tr>\n<td>III.<\/td>\n<td>Las facultades de cada \u00e1rea;<\/td>\n<\/tr>\n<tr>\n<td>IV.<\/td>\n<td>Metas y objetivos de las \u00e1reas de conformidad con sus programas operativos;<\/td>\n<\/tr>\n<tr>\n<td>V.<\/td>\n<td>Los indicadores relacionados con temas de inter\u00e9s p\u00fablico;<\/td>\n<\/tr>\n<tr>\n<td>VI.<\/td>\n<td>Directorio de todas sus personas servidoras p\u00fablicas;<\/td>\n<\/tr>\n<tr>\n<td>VII.<\/td>\n<td>Remuneraci\u00f3n bruta y neta de todas sus personas servidoras p\u00fablicas de base y confianza;<\/td>\n<\/tr>\n<tr>\n<td>VIII.<\/td>\n<td>Gastos de representaci\u00f3n y vi\u00e1ticos;<\/td>\n<\/tr>\n<tr>\n<td>IX.<\/td>\n<td>N\u00famero total de plazas ocupadas del personal de base y de confianza;<\/td>\n<\/tr>\n<tr>\n<td>X.<\/td>\n<td>Contrataciones de servicios profesionales por honorarios;<\/td>\n<\/tr>\n<tr>\n<td>XI.<\/td>\n<td>Versi\u00f3n p\u00fablica de las declaraciones patrimoniales de las personas servidoras p\u00fablicas;<\/td>\n<\/tr>\n<tr>\n<td>XII.<\/td>\n<td>Domicilio de la Unidad de Transparencia;<\/td>\n<\/tr>\n<tr>\n<td>XIV.<\/td>\n<td>Los programas, subsidios, est\u00edmulos y apoyos;<\/td>\n<\/tr>\n<tr>\n<td>XV.<\/td>\n<td>Condiciones generales de trabajo, contratos o convenios que regulen las relaciones laborales del personal de base y de confianza, as\u00ed como los recursos p\u00fablicos econ\u00f3micos, en especie o donativos entregados a sindicatos;<\/td>\n<\/tr>\n<tr>\n<td>XVI.<\/td>\n<td>Informaci\u00f3n curricular;<\/td>\n<\/tr>\n<tr>\n<td>XVII.<\/td>\n<td>Listado de las personas servidoras p\u00fablicas con sanciones administrativas;<\/td>\n<\/tr>\n<tr>\n<td>XVIII.<\/td>\n<td>Servicios que ofrecen y tr\u00e1mites que ofrecen;<\/td>\n<\/tr>\n<tr>\n<td>XIX.<\/td>\n<td>Informaci\u00f3n financiera, sobre el presupuesto asignado e informes trimestrales de gasto;<\/td>\n<\/tr>\n<tr>\n<td>XXII.<\/td>\n<td>Informes de resultados de las Auditor\u00edas al ejercicio presupuestal;<\/td>\n<\/tr>\n<tr>\n<td>XXIII.<\/td>\n<td>Resultados de la dictaminaci\u00f3n de los estados financieros;<\/td>\n<\/tr>\n<tr>\n<td>XXV.<\/td>\n<td>Concesiones, contratos, convenios, permisos, licencias o autorizaciones otorgados;<\/td>\n<\/tr>\n<tr>\n<td>XXVI.<\/td>\n<td>Resultados de procedimientos de adjudicaci\u00f3n directa, invitaci\u00f3n restringida y licitaci\u00f3n de cualquier naturaleza;<\/td>\n<\/tr>\n<tr>\n<td>XXVII.<\/td>\n<td>Informes que generen de conformidad con las disposiciones jur\u00eddicas;<\/td>\n<\/tr>\n<tr>\n<td>XXVIII.<\/td>\n<td>Estad\u00edsticas que generen en cumplimiento de sus facultades, competencias o funciones;<\/td>\n<\/tr>\n<tr>\n<td>XXIX.<\/td>\n<td>Informes de avances program\u00e1ticos o presupuestales, balances generales y estados financieros;<\/td>\n<\/tr>\n<tr>\n<td>XXX.<\/td>\n<td>Padr\u00f3n de proveedores y contratistas;<\/td>\n<\/tr>\n<tr>\n<td>XXXI.<\/td>\n<td>Convenios de coordinaci\u00f3n, de concertaci\u00f3n con el sector social o privado;<\/td>\n<\/tr>\n<tr>\n<td>XXXII.<\/td>\n<td>Inventario de bienes muebles e inmuebles en posesi\u00f3n y propiedad<\/td>\n<\/tr>\n<tr>\n<td>XXXIII.<\/td>\n<td>Recomendaciones emitidas por los \u00f3rganos p\u00fablicos del Estado Mexicano u organismos internacionales garantes de los derechos humanos<\/td>\n<\/tr>\n<tr>\n<td>XXXIV.<\/td>\n<td>Resoluciones que se emitan en proceso o procedimientos seguidos en forma de juicio;<\/td>\n<\/tr>\n<tr>\n<td>XXXV.<\/td>\n<td>Los mecanismos de participaci\u00f3n ciudadana;<\/td>\n<\/tr>\n<tr>\n<td>XXXVI.<\/td>\n<td>Los programas que ofrecen, incluyendo informaci\u00f3n sobre la poblaci\u00f3n, objetivo y destino;<\/td>\n<\/tr>\n<tr>\n<td>XXXVII.<\/td>\n<td>Las actas y resoluciones del Comit\u00e9 de Transparencia;<\/td>\n<\/tr>\n<tr>\n<td>XXXVIII.<\/td>\n<td>Todas las evaluaciones y encuestas que realicen a programas financiados con recursos p\u00fablico;<\/td>\n<\/tr>\n<tr>\n<td>XL.<\/td>\n<td>Listado de personas jubiladas y pensionadas, as\u00ed como el monto que reciben;<\/td>\n<\/tr>\n<tr>\n<td>XLI.<\/td>\n<td>Los ingresos recibidos por cualquier concepto;<\/td>\n<\/tr>\n<tr>\n<td>XLII.<\/td>\n<td>Donaciones hechas a terceros en dinero o en especie;<\/td>\n<\/tr>\n<tr>\n<td>XLIII.<\/td>\n<td>Cat\u00e1logo de disposici\u00f3n documental y gu\u00eda simple de archivo documental;<\/td>\n<\/tr>\n<tr>\n<td>XLVII.<\/td>\n<td>Todo mecanismo de presentaci\u00f3n directa de peticiones, opiniones, quejas, denuncias o sugerencias.<\/td>\n<\/tr>\n<tr>\n<td>XLVIII.<\/td>\n<td>Cualquier informaci\u00f3n;<\/td>\n<\/tr>\n<tr>\n<td>\u00a0<\/td>\n<td><strong>ART\u00cdCULO 76<\/strong><\/td>\n<\/tr>\n<tr>\n<td>\u00a0<\/td>\n<td>Tabla de aplicabilidad del Sujeto Obligado<\/td>\n<\/tr>\n<tr>\n<td>\u00a0<\/td>\n<td><strong>ART\u00cdCULO 77<\/strong><\/td>\n<\/tr>\n<tr>\n<td>II.<\/td>\n<td>El presupuesto de egresos y las f\u00f3rmulas de distribuci\u00f3n de los recursos otorgados.<\/td>\n<\/tr>\n<\/tbody>\n<\/table>\n\n<p>\u00a0<\/p>\n\t\t\t\t\t\t\t\t<\/div>\n\t\t\t\t<\/div>\n\t\t\t\t\t<\/div>\n\t\t\t\t<\/div>\n\t\t\t\t<\/div>\n\t\t","protected":false},"excerpt":{"rendered":"<p>\u00a0 Tabla de Aplicabilidad Administraci\u00f3n del Patrimonio de la Beneficencia P\u00fablica del Estado de Quintana Roo \u00a0 ART\u00cdCULO 75 FRACCIONES COMUNES \u00a0 Descargar I. Marco normativo; II. Estructura org\u00e1nica; III. Las facultades de cada \u00e1rea; IV. Metas y objetivos de las \u00e1reas de conformidad con sus programas operativos; V. Los indicadores relacionados con temas de &#8230; <a title=\"Tabla de Aplicabilidad Beneficencia P\u00fablica\" class=\"read-more\" href=\"https:\/\/apabep.qroo.gob.mx\/index.php\/tabla-de-aplicabilidad-beneficencia-publica\/\" aria-label=\"Leer m\u00e1s sobre Tabla de Aplicabilidad Beneficencia P\u00fablica\">Leer m\u00e1s<\/a><\/p>\n","protected":false},"author":4,"featured_media":0,"parent":0,"menu_order":0,"comment_status":"closed","ping_status":"closed","template":"","meta":{"footnotes":""},"class_list":["post-37325","page","type-page","status-publish"],"yoast_head":"<!-- This site is optimized with the Yoast SEO plugin v25.3 - https:\/\/yoast.com\/wordpress\/plugins\/seo\/ -->\n<title>Tabla de Aplicabilidad Beneficencia P\u00fablica - Administraci\u00f3n del Patrimonio de la Beneficencia P\u00fablica<\/title>\n<meta name=\"robots\" content=\"noindex, follow, max-snippet:-1, max-image-preview:large, max-video-preview:-1\" \/>\n<meta property=\"og:locale\" content=\"es_MX\" \/>\n<meta property=\"og:type\" content=\"article\" \/>\n<meta property=\"og:title\" content=\"Tabla de Aplicabilidad Beneficencia P\u00fablica - Administraci\u00f3n del Patrimonio de la Beneficencia P\u00fablica\" \/>\n<meta property=\"og:description\" content=\"\u00a0 Tabla de Aplicabilidad Administraci\u00f3n del Patrimonio de la Beneficencia P\u00fablica del Estado de Quintana Roo \u00a0 ART\u00cdCULO 75 FRACCIONES COMUNES \u00a0 Descargar I. Marco normativo; II. Estructura org\u00e1nica; III. Las facultades de cada \u00e1rea; IV. Metas y objetivos de las \u00e1reas de conformidad con sus programas operativos; V. Los indicadores relacionados con temas de ... Leer m\u00e1s\" \/>\n<meta property=\"og:url\" content=\"https:\/\/apabep.qroo.gob.mx\/index.php\/tabla-de-aplicabilidad-beneficencia-publica\/\" \/>\n<meta property=\"og:site_name\" content=\"Administraci\u00f3n del Patrimonio de la Beneficencia P\u00fablica\" \/>\n<meta property=\"article:modified_time\" content=\"2026-04-01T19:36:54+00:00\" \/>\n<meta name=\"twitter:card\" content=\"summary_large_image\" \/>\n<meta name=\"twitter:label1\" content=\"Tiempo de lectura\" \/>\n\t<meta name=\"twitter:data1\" content=\"3 minutos\" \/>\n<script type=\"application\/ld+json\" class=\"yoast-schema-graph\">{\"@context\":\"https:\/\/schema.org\",\"@graph\":[{\"@type\":\"WebPage\",\"@id\":\"https:\/\/apabep.qroo.gob.mx\/index.php\/tabla-de-aplicabilidad-beneficencia-publica\/\",\"url\":\"https:\/\/apabep.qroo.gob.mx\/index.php\/tabla-de-aplicabilidad-beneficencia-publica\/\",\"name\":\"Tabla de Aplicabilidad Beneficencia P\u00fablica - Administraci\u00f3n del Patrimonio de la Beneficencia P\u00fablica\",\"isPartOf\":{\"@id\":\"https:\/\/apabep.qroo.gob.mx\/#website\"},\"datePublished\":\"2026-04-01T19:12:25+00:00\",\"dateModified\":\"2026-04-01T19:36:54+00:00\",\"breadcrumb\":{\"@id\":\"https:\/\/apabep.qroo.gob.mx\/index.php\/tabla-de-aplicabilidad-beneficencia-publica\/#breadcrumb\"},\"inLanguage\":\"es\",\"potentialAction\":[{\"@type\":\"ReadAction\",\"target\":[\"https:\/\/apabep.qroo.gob.mx\/index.php\/tabla-de-aplicabilidad-beneficencia-publica\/\"]}]},{\"@type\":\"BreadcrumbList\",\"@id\":\"https:\/\/apabep.qroo.gob.mx\/index.php\/tabla-de-aplicabilidad-beneficencia-publica\/#breadcrumb\",\"itemListElement\":[{\"@type\":\"ListItem\",\"position\":1,\"name\":\"Inicio\",\"item\":\"https:\/\/apabep.qroo.gob.mx\/\"},{\"@type\":\"ListItem\",\"position\":2,\"name\":\"Tabla de Aplicabilidad Beneficencia P\u00fablica\"}]},{\"@type\":\"WebSite\",\"@id\":\"https:\/\/apabep.qroo.gob.mx\/#website\",\"url\":\"https:\/\/apabep.qroo.gob.mx\/\",\"name\":\"Administraci\u00f3n del Patrimonio de la Beneficencia P\u00fablica\",\"description\":\"La Beneficencia otorga beneficios en especie en temas de salud a trav\u00e9s de sus distintos programas asistenciales.\",\"publisher\":{\"@id\":\"https:\/\/apabep.qroo.gob.mx\/#organization\"},\"potentialAction\":[{\"@type\":\"SearchAction\",\"target\":{\"@type\":\"EntryPoint\",\"urlTemplate\":\"https:\/\/apabep.qroo.gob.mx\/?s={search_term_string}\"},\"query-input\":{\"@type\":\"PropertyValueSpecification\",\"valueRequired\":true,\"valueName\":\"search_term_string\"}}],\"inLanguage\":\"es\"},{\"@type\":\"Organization\",\"@id\":\"https:\/\/apabep.qroo.gob.mx\/#organization\",\"name\":\"Administraci\u00f3n del Patrimonio de la Beneficencia P\u00fablica\",\"url\":\"https:\/\/apabep.qroo.gob.mx\/\",\"logo\":{\"@type\":\"ImageObject\",\"inLanguage\":\"es\",\"@id\":\"https:\/\/apabep.qroo.gob.mx\/#\/schema\/logo\/image\/\",\"url\":\"https:\/\/apabep.qroo.gob.mx\/wp-content\/uploads\/2024\/06\/cropped-APABEP.png\",\"contentUrl\":\"https:\/\/apabep.qroo.gob.mx\/wp-content\/uploads\/2024\/06\/cropped-APABEP.png\",\"width\":1752,\"height\":793,\"caption\":\"Administraci\u00f3n del Patrimonio de la Beneficencia P\u00fablica\"},\"image\":{\"@id\":\"https:\/\/apabep.qroo.gob.mx\/#\/schema\/logo\/image\/\"}}]}<\/script>\n<!-- \/ Yoast SEO plugin. -->","yoast_head_json":{"title":"Tabla de Aplicabilidad Beneficencia P\u00fablica - Administraci\u00f3n del Patrimonio de la Beneficencia P\u00fablica","robots":{"index":"noindex","follow":"follow","max-snippet":"max-snippet:-1","max-image-preview":"max-image-preview:large","max-video-preview":"max-video-preview:-1"},"og_locale":"es_MX","og_type":"article","og_title":"Tabla de Aplicabilidad Beneficencia P\u00fablica - Administraci\u00f3n del Patrimonio de la Beneficencia P\u00fablica","og_description":"\u00a0 Tabla de Aplicabilidad Administraci\u00f3n del Patrimonio de la Beneficencia P\u00fablica del Estado de Quintana Roo \u00a0 ART\u00cdCULO 75 FRACCIONES COMUNES \u00a0 Descargar I. Marco normativo; II. Estructura org\u00e1nica; III. Las facultades de cada \u00e1rea; IV. Metas y objetivos de las \u00e1reas de conformidad con sus programas operativos; V. Los indicadores relacionados con temas de ... Leer m\u00e1s","og_url":"https:\/\/apabep.qroo.gob.mx\/index.php\/tabla-de-aplicabilidad-beneficencia-publica\/","og_site_name":"Administraci\u00f3n del Patrimonio de la Beneficencia P\u00fablica","article_modified_time":"2026-04-01T19:36:54+00:00","twitter_card":"summary_large_image","twitter_misc":{"Tiempo de lectura":"3 minutos"},"schema":{"@context":"https:\/\/schema.org","@graph":[{"@type":"WebPage","@id":"https:\/\/apabep.qroo.gob.mx\/index.php\/tabla-de-aplicabilidad-beneficencia-publica\/","url":"https:\/\/apabep.qroo.gob.mx\/index.php\/tabla-de-aplicabilidad-beneficencia-publica\/","name":"Tabla de Aplicabilidad Beneficencia P\u00fablica - Administraci\u00f3n del Patrimonio de la Beneficencia P\u00fablica","isPartOf":{"@id":"https:\/\/apabep.qroo.gob.mx\/#website"},"datePublished":"2026-04-01T19:12:25+00:00","dateModified":"2026-04-01T19:36:54+00:00","breadcrumb":{"@id":"https:\/\/apabep.qroo.gob.mx\/index.php\/tabla-de-aplicabilidad-beneficencia-publica\/#breadcrumb"},"inLanguage":"es","potentialAction":[{"@type":"ReadAction","target":["https:\/\/apabep.qroo.gob.mx\/index.php\/tabla-de-aplicabilidad-beneficencia-publica\/"]}]},{"@type":"BreadcrumbList","@id":"https:\/\/apabep.qroo.gob.mx\/index.php\/tabla-de-aplicabilidad-beneficencia-publica\/#breadcrumb","itemListElement":[{"@type":"ListItem","position":1,"name":"Inicio","item":"https:\/\/apabep.qroo.gob.mx\/"},{"@type":"ListItem","position":2,"name":"Tabla de Aplicabilidad Beneficencia P\u00fablica"}]},{"@type":"WebSite","@id":"https:\/\/apabep.qroo.gob.mx\/#website","url":"https:\/\/apabep.qroo.gob.mx\/","name":"Administraci\u00f3n del Patrimonio de la Beneficencia P\u00fablica","description":"La Beneficencia otorga beneficios en especie en temas de salud a trav\u00e9s de sus distintos programas asistenciales.","publisher":{"@id":"https:\/\/apabep.qroo.gob.mx\/#organization"},"potentialAction":[{"@type":"SearchAction","target":{"@type":"EntryPoint","urlTemplate":"https:\/\/apabep.qroo.gob.mx\/?s={search_term_string}"},"query-input":{"@type":"PropertyValueSpecification","valueRequired":true,"valueName":"search_term_string"}}],"inLanguage":"es"},{"@type":"Organization","@id":"https:\/\/apabep.qroo.gob.mx\/#organization","name":"Administraci\u00f3n del Patrimonio de la Beneficencia P\u00fablica","url":"https:\/\/apabep.qroo.gob.mx\/","logo":{"@type":"ImageObject","inLanguage":"es","@id":"https:\/\/apabep.qroo.gob.mx\/#\/schema\/logo\/image\/","url":"https:\/\/apabep.qroo.gob.mx\/wp-content\/uploads\/2024\/06\/cropped-APABEP.png","contentUrl":"https:\/\/apabep.qroo.gob.mx\/wp-content\/uploads\/2024\/06\/cropped-APABEP.png","width":1752,"height":793,"caption":"Administraci\u00f3n del Patrimonio de la Beneficencia P\u00fablica"},"image":{"@id":"https:\/\/apabep.qroo.gob.mx\/#\/schema\/logo\/image\/"}}]}},"_links":{"self":[{"href":"https:\/\/apabep.qroo.gob.mx\/index.php\/wp-json\/wp\/v2\/pages\/37325","targetHints":{"allow":["GET"]}}],"collection":[{"href":"https:\/\/apabep.qroo.gob.mx\/index.php\/wp-json\/wp\/v2\/pages"}],"about":[{"href":"https:\/\/apabep.qroo.gob.mx\/index.php\/wp-json\/wp\/v2\/types\/page"}],"author":[{"embeddable":true,"href":"https:\/\/apabep.qroo.gob.mx\/index.php\/wp-json\/wp\/v2\/users\/4"}],"replies":[{"embeddable":true,"href":"https:\/\/apabep.qroo.gob.mx\/index.php\/wp-json\/wp\/v2\/comments?post=37325"}],"version-history":[{"count":16,"href":"https:\/\/apabep.qroo.gob.mx\/index.php\/wp-json\/wp\/v2\/pages\/37325\/revisions"}],"predecessor-version":[{"id":37363,"href":"https:\/\/apabep.qroo.gob.mx\/index.php\/wp-json\/wp\/v2\/pages\/37325\/revisions\/37363"}],"wp:attachment":[{"href":"https:\/\/apabep.qroo.gob.mx\/index.php\/wp-json\/wp\/v2\/media?parent=37325"}],"curies":[{"name":"wp","href":"https:\/\/api.w.org\/{rel}","templated":true}]}}